{"id":26964,"date":"2024-08-29T09:50:21","date_gmt":"2024-08-29T07:50:21","guid":{"rendered":"https:\/\/www.maior.it\/?page_id=26964"},"modified":"2025-10-23T11:27:00","modified_gmt":"2025-10-23T09:27:00","slug":"planejamento-de-eventos","status":"publish","type":"page","link":"https:\/\/www.maior.it\/pt\/solucoes\/para-trilhos\/planejamento-de-eventos\/","title":{"rendered":"Planejamento de Eventos"},"content":{"rendered":"<section class=\"wpb-content-wrapper\">[vc_row el_class=&#8221;breadcrumb margin_top_30&#8243;][vc_column]<nav class=\"vcex-breadcrumbs vcex-breadcrumbs--links-inherit-color vcex-breadcrumbs--custom-color center_desktop\" style=\"color:#b9d6f4;--vcex-breadcrumbs-sep-color:#b9d6f4;font-size:14px;font-family:&#039;Inter&#039;,sans-serif;line-height:140%;--wpex-link-text-decoration:underline;\"><span><span><a href=\"https:\/\/www.maior.it\/pt\/\">Home<\/a><\/span><\/span><\/nav>[\/vc_column][\/vc_row][vc_row el_class=&#8221;margin_top_50&#8243;][vc_column width=&#8221;1\/2&#8243;][vc_column_text]\n<h1>Planejamento de Eventos<\/h1>\n[\/vc_column_text][vc_column_text]\n<h2>para empresas ferrovi\u00e1rias com a MAIOR<\/h2>\n[\/vc_column_text][\/vc_column][vc_column width=&#8221;1\/2&#8243;][vc_column_text]O planejamento da mobilidade para um grande evento em uma cidade movimentada apresenta desafios \u00fanicos, especialmente no setor ferrovi\u00e1rio, onde pontualidade, capacidade e coordena\u00e7\u00e3o s\u00e3o fundamentais. A <span class=\"TextRun SpellingErrorZoomed Underlined BCX0 SCXP7586220\" lang=\"EN-US\" xml:lang=\"EN-US\" data-scheme-color=\"@FF0000,,\" data-usefontface=\"false\" data-contrast=\"none\"><span class=\"SingleUnderline BCX0 SCXP7586220\">Su\u00edte<\/span><\/span><span class=\"TextRun Underlined BCX0 SCXP7586220\" lang=\"EN-US\" xml:lang=\"EN-US\" data-scheme-color=\"@FF0000,,\" data-usefontface=\"false\" data-contrast=\"none\"><span class=\"NormalTextRun SingleUnderline BCX0 SCXP7586220\">\u00a0MAIOR<\/span><\/span> fornece aos operadores ferrovi\u00e1rios as ferramentas estrat\u00e9gicas necess\u00e1rias para enfrentar esses desafios e garantir um servi\u00e7o eficiente durante per\u00edodos de alta demanda.[\/vc_column_text][\/vc_column][\/vc_row][vc_row full_width=&#8221;stretch_row_content_no_spaces&#8221; el_class=&#8221;margin_top_60&#8243;][vc_column][vc_single_image image=&#8221;18184&#8243; visibility=&#8221;hidden-phone&#8221;][vc_single_image image=&#8221;18187&#8243; visibility=&#8221;visible-phone&#8221;][\/vc_column][\/vc_row][vc_row el_class=&#8221;margin_top_50&#8243;][vc_column width=&#8221;1\/4&#8243;][vc_column_text]\n<h2>Principais desafios no planejamento de eventos para empresas ferrovi\u00e1rias<\/h2>\n[\/vc_column_text][\/vc_column][vc_column width=&#8221;3\/4&#8243;][vc_column_text]\n<ul>\n<li><strong>Congestionamento da Rede Ferrovi\u00e1ria <\/strong><br \/>\nA chegada massiva de participantes pode sobrecarregar a rede ferrovi\u00e1ria, resultando em plataformas lotadas, atrasos nos trens e poss\u00edveis interrup\u00e7\u00f5es no servi\u00e7o.<\/li>\n<li><strong> Comunica\u00e7\u00e3o em Tempo Real <\/strong><br \/>\nFornecer aos passageiros informa\u00e7\u00f5es precisas e atualizadas sobre hor\u00e1rios dos trens, mudan\u00e7as de plataforma e rotas alternativas \u00e9 essencial.<\/li>\n<li><strong>Gest\u00e3o de Capacidade <\/strong><br \/>\nGerenciar um aumento repentino no n\u00famero de passageiros exige um planejamento cuidadoso para garantir que o sistema ferrovi\u00e1rio possa acomodar a demanda extra.<\/li>\n<li><strong>Considera\u00e7\u00f5es de Sustentabilidade <\/strong><br \/>\nGrandes eventos podem ter um impacto significativo no meio ambiente, especialmente devido ao aumento da atividade ferrovi\u00e1ria.<\/li>\n<li><strong>Planejamento de Conting\u00eancia para Opera\u00e7\u00f5es Ferrovi\u00e1rias <\/strong><br \/>\nEventos imprevistos, como falhas t\u00e9cnicas, condi\u00e7\u00f5es clim\u00e1ticas extremas ou incidentes de seguran\u00e7a, podem afetar os servi\u00e7os ferrovi\u00e1rios durante grandes eventos.<\/li>\n<\/ul>\n[\/vc_column_text][\/vc_column][\/vc_row][vc_row full_width=&#8221;stretch_row_content_no_spaces&#8221; el_class=&#8221;margin_top_150 margin_top_50_mobile&#8221; visibility=&#8221;hidden-phone&#8221;][vc_column width=&#8221;7\/12&#8243;]<div class=\"vcex-module wpex-carousel wpex-carousel-images wpex-clr owl-carousel\" data-wpex-carousel=\"{&quot;nav&quot;:&quot;false&quot;,&quot;center&quot;:&quot;true&quot;}\"><div class=\"wpex-carousel-slide textcenter\"><figure class=\"wpex-carousel-entry-media entry-media\"><img loading=\"lazy\" decoding=\"async\" width=\"194\" height=\"102\" src=\"https:\/\/www.maior.it\/wp-content\/uploads\/2023\/07\/trenord-logo-1.png\" class=\"wpex-align-middle skip-lazy\" alt=\"Home\" data-no-lazy=\"1\" \/><\/figure><\/div><div class=\"wpex-carousel-slide textcenter\"><figure class=\"wpex-carousel-entry-media entry-media\"><img loading=\"lazy\" decoding=\"async\" width=\"194\" height=\"102\" src=\"https:\/\/www.maior.it\/wp-content\/uploads\/2023\/07\/thales-logo-1.png\" class=\"wpex-align-middle skip-lazy\" alt=\"Home\" data-no-lazy=\"1\" \/><\/figure><\/div><\/div>[\/vc_column][vc_column width=&#8221;5\/12&#8243;][\/vc_column][\/vc_row][vc_row el_class=&#8221;margin_top_30_mobile&#8221;][vc_column][vc_column_text color=&#8221;#0071bb&#8221; font_size=&#8221;d:36px|pl:24px|pp:24px&#8221; font_family=&#8221;Montserrat&#8221; line_height=&#8221;140%&#8221; font_weight=&#8221;600&#8243; el_class=&#8221;line_height140&#8243;]\n<h2>Mais de 3000 recursos ativos<\/h2>\n<h2>gerenciados em produ\u00e7\u00e3o mundialmente<\/h2>\n[\/vc_column_text][vc_column_text color=&#8221;#0071bb&#8221; font_size=&#8221;16px&#8221; font_family=&#8221;Inter&#8221; line_height=&#8221;150%&#8221; font_weight=&#8221;400&#8243; css=&#8221;.vc_custom_1742379696687{margin-top: 7px !important;}&#8221;]Clientes na Europa, Am\u00e9rica do Norte e \u00c1sia[\/vc_column_text]<div class=\"vcex-module vcex-icon-box vcex-icon-box-seven wpex-relative wpex-flex wpex-text-right wpex-flex-row-reverse vc_custom_1747146005397 icon_box\" data-wpex-hover=\"{&quot;background&quot;:&quot;#f5bb06&quot;}\" style=\"background-color:#faa00e;border-radius:8px;\"><div class=\"vcex-icon-box-symbol wpex-flex-shrink-0 wpex-ml-20\"><a href=\"https:\/\/www.maior.it\/wp-admin\/post.php?post=25189&#038;action=edit&#038;lang=pt#:~:text=https%3A\/\/www.maior.it\/pt\/maior-2\/referencias\/\" class=\"wpex-no-underline\"><img loading=\"lazy\" decoding=\"async\" src=\"https:\/\/www.maior.it\/wp-content\/uploads\/2023\/07\/freccia-bianca-destra.svg\" alt=\"\" class=\"vcex-icon-box-image wpex-align-middle\" style=\"width:28px;height:16px;\" width=\"28\" height=\"16\"><\/a><\/div><div class=\"vcex-icon-box-text wpex-flex-grow\"><a href=\"https:\/\/www.maior.it\/wp-admin\/post.php?post=25189&#038;action=edit&#038;lang=pt#:~:text=https%3A\/\/www.maior.it\/pt\/maior-2\/referencias\/\" class=\"vcex-icon-box-link wpex-no-underline\"><h2 class=\"vcex-icon-box-heading wpex-heading wpex-text-md wpex-mb-10\" style=\"font-family:Montserrat;font-weight:800;color:#ffffff;font-size:18px;\">Refer\u00eancias<\/h2><\/a><\/div><\/div>[\/vc_column][\/vc_row][vc_row full_width=&#8221;stretch_row_content_no_spaces&#8221; visibility=&#8221;visible-phone&#8221; el_class=&#8221;margin_top_40_mobile&#8221;][vc_column]<div class=\"vcex-module wpex-carousel wpex-carousel-images wpex-clr owl-carousel\" data-wpex-carousel=\"{&quot;nav&quot;:&quot;false&quot;,&quot;center&quot;:&quot;true&quot;,&quot;itemsMobileLandscape&quot;:2,&quot;itemsMobilePortrait&quot;:2}\"><div class=\"wpex-carousel-slide textcenter\"><figure class=\"wpex-carousel-entry-media entry-media\"><img loading=\"lazy\" decoding=\"async\" width=\"194\" height=\"102\" src=\"https:\/\/www.maior.it\/wp-content\/uploads\/2023\/07\/trenord-logo-1.png\" class=\"wpex-align-middle skip-lazy\" alt=\"Home\" data-no-lazy=\"1\" \/><\/figure><\/div><div class=\"wpex-carousel-slide textcenter\"><figure class=\"wpex-carousel-entry-media entry-media\"><img loading=\"lazy\" decoding=\"async\" width=\"194\" height=\"102\" src=\"https:\/\/www.maior.it\/wp-content\/uploads\/2023\/07\/thales-logo-1.png\" class=\"wpex-align-middle skip-lazy\" alt=\"Home\" data-no-lazy=\"1\" \/><\/figure><\/div><div class=\"wpex-carousel-slide textcenter\"><figure class=\"wpex-carousel-entry-media entry-media\"><img loading=\"lazy\" decoding=\"async\" width=\"194\" height=\"102\" src=\"https:\/\/www.maior.it\/wp-content\/uploads\/2023\/07\/atac-logo-1.png\" class=\"wpex-align-middle skip-lazy\" alt=\"Home\" data-no-lazy=\"1\" \/><\/figure><\/div><div class=\"wpex-carousel-slide textcenter\"><figure class=\"wpex-carousel-entry-media entry-media\"><img loading=\"lazy\" decoding=\"async\" width=\"194\" height=\"102\" src=\"https:\/\/www.maior.it\/wp-content\/uploads\/2023\/07\/atac-logo-Copia-1.png\" class=\"wpex-align-middle skip-lazy\" alt=\"Home\" data-no-lazy=\"1\" \/><\/figure><\/div><\/div>[\/vc_column][\/vc_row][vc_row visibility=&#8221;hidden-phone&#8221;][vc_column width=&#8221;1\/2&#8243;][\/vc_column][vc_column width=&#8221;1\/2&#8243;][vc_single_image image=&#8221;834&#8243; el_class=&#8221;home_riga_mappa&#8221;][\/vc_column][\/vc_row][vc_row el_class=&#8221;margin_top_50&#8243;][vc_column width=&#8221;1\/4&#8243;][vc_column_text]\n<h2>Otimize a Mobilidade para Eventos com o <span class=\"TextRun SpellingErrorZoomed Underlined BCX0 SCXP7586220\" lang=\"EN-US\" xml:lang=\"EN-US\" data-scheme-color=\"@FF0000,,\" data-usefontface=\"false\" data-contrast=\"none\"><span class=\"SingleUnderline BCX0 SCXP7586220\">Su\u00edte<\/span><\/span><span class=\"TextRun Underlined BCX0 SCXP7586220\" lang=\"EN-US\" xml:lang=\"EN-US\" data-scheme-color=\"@FF0000,,\" data-usefontface=\"false\" data-contrast=\"none\"><span class=\"NormalTextRun SingleUnderline BCX0 SCXP7586220\">\u00a0MAIOR<\/span><\/span><\/h2>\n[\/vc_column_text][\/vc_column][vc_column width=&#8221;3\/4&#8243;][vc_column_text]A <span class=\"TextRun SpellingErrorZoomed Underlined BCX0 SCXP7586220\" lang=\"EN-US\" xml:lang=\"EN-US\" data-scheme-color=\"@FF0000,,\" data-usefontface=\"false\" data-contrast=\"none\"><span class=\"SingleUnderline BCX0 SCXP7586220\">Su\u00edte<\/span><\/span><span class=\"TextRun Underlined BCX0 SCXP7586220\" lang=\"EN-US\" xml:lang=\"EN-US\" data-scheme-color=\"@FF0000,,\" data-usefontface=\"false\" data-contrast=\"none\"><span class=\"NormalTextRun SingleUnderline BCX0 SCXP7586220\">\u00a0MAIOR<\/span><\/span> revoluciona as opera\u00e7\u00f5es ferrovi\u00e1rias para grandes eventos, garantindo que seus servi\u00e7os ferrovi\u00e1rios permane\u00e7am confi\u00e1veis e eficientes, apesar da alta demanda. Esta plataforma inovadora simplifica e otimiza todos os aspectos do planejamento, desde a programa\u00e7\u00e3o de trens e equipes at\u00e9 a gest\u00e3o operacional em tempo real. Com algoritmos avan\u00e7ados desenvolvidos internamente, o software de engenharia italiana da MAIOR foi projetado especificamente para enfrentar os desafios \u00fanicos dos per\u00edodos de alta demanda e eventos de grande escala.<\/p>\n<p>Seja para gerenciar sistemas de metr\u00f4, ferrovias regionais ou servi\u00e7os intermunicipais durante festivais ou grandes eventos, a\u00a0<span class=\"TextRun SpellingErrorZoomed Underlined BCX0 SCXP7586220\" lang=\"EN-US\" xml:lang=\"EN-US\" data-scheme-color=\"@FF0000,,\" data-usefontface=\"false\" data-contrast=\"none\"><span class=\"SingleUnderline BCX0 SCXP7586220\">Su\u00edte<\/span><\/span><span class=\"TextRun Underlined BCX0 SCXP7586220\" lang=\"EN-US\" xml:lang=\"EN-US\" data-scheme-color=\"@FF0000,,\" data-usefontface=\"false\" data-contrast=\"none\"><span class=\"NormalTextRun SingleUnderline BCX0 SCXP7586220\">\u00a0MAIOR<\/span><\/span> se adapta \u00e0s suas necessidades, garantindo um servi\u00e7o pontual e eficiente. Coordene opera\u00e7\u00f5es de tripula\u00e7\u00e3o e ve\u00edculos ferrovi\u00e1rios de maneira eficiente, com solu\u00e7\u00f5es flex\u00edveis que atendem \u00e0s demandas da mobilidade para eventos, proporcionando uma experi\u00eancia superior aos passageiros e maximizando a efici\u00eancia operacional.[\/vc_column_text][\/vc_column][\/vc_row][vc_row full_width=&#8221;stretch_row&#8221; el_class=&#8221;home_riga_transit margin_top_60 buses_suite_riga_prenota&#8221; css=&#8221;.vc_custom_1693470460264{background-image: url(https:\/\/www.maior.it\/wp-content\/uploads\/2023\/08\/MAIOR-schedule-meeting-.jpg?id=2384) !important;background-position: center !important;background-repeat: no-repeat !important;background-size: cover !important;}&#8221;][vc_column width=&#8221;2\/12&#8243;][\/vc_column][vc_column width=&#8221;8\/12&#8243; el_class=&#8221;buses_suite_riga_prenota_col2&#8243;][vc_column_text color=&#8221;#ffffff&#8221; font_size=&#8221;36px&#8221; font_family=&#8221;Montserrat&#8221; line_height=&#8221;140%&#8221; font_weight=&#8221;600&#8243; text_align=&#8221;center&#8221;]\n<h2>Gostaria de saber mais sobre a <span class=\"TextRun SpellingErrorZoomed Underlined BCX0 SCXP7586220\" lang=\"EN-US\" xml:lang=\"EN-US\" data-scheme-color=\"@FF0000,,\" data-usefontface=\"false\" data-contrast=\"none\"><span class=\"SingleUnderline BCX0 SCXP7586220\">Su\u00edte<\/span><\/span><span class=\"TextRun Underlined BCX0 SCXP7586220\" lang=\"EN-US\" xml:lang=\"EN-US\" data-scheme-color=\"@FF0000,,\" data-usefontface=\"false\" data-contrast=\"none\"><span class=\"NormalTextRun SingleUnderline BCX0 SCXP7586220\">\u00a0MAIOR<\/span><\/span>?<\/h2>\n[\/vc_column_text][vc_column_text color=&#8221;#ffffff&#8221; font_size=&#8221;d:42px|pl:28px|pp:28px&#8221; font_family=&#8221;Montserrat&#8221; line_height=&#8221;130%&#8221; font_weight=&#8221;800&#8243; text_align=&#8221;center&#8221;]\n<p style=\"font-weight: 400;\">Marque uma reuni\u00e3o com nossa equipe.<\/p>\n[\/vc_column_text]<div class=\"vcex-module vcex-icon-box vcex-icon-box-seven wpex-relative wpex-flex wpex-text-right wpex-flex-row-reverse icon_box margin_top_40\" data-wpex-hover=\"{&quot;background&quot;:&quot;#f5bb06&quot;}\" style=\"background-color:#faa00e;border-radius:8px;\"><div class=\"vcex-icon-box-symbol wpex-flex-shrink-0 wpex-ml-20\"><a href=\"https:\/\/www.maior.it\/pt\/entre-em-contato\/agende-uma-demo\/\" class=\"wpex-no-underline\"><img loading=\"lazy\" decoding=\"async\" src=\"https:\/\/www.maior.it\/wp-content\/uploads\/2023\/07\/freccia-bianca-destra.svg\" alt=\"\" class=\"vcex-icon-box-image wpex-align-middle\" style=\"width:28px;height:16px;\" width=\"28\" height=\"16\"><\/a><\/div><div class=\"vcex-icon-box-text wpex-flex-grow\"><a href=\"https:\/\/www.maior.it\/pt\/entre-em-contato\/agende-uma-demo\/\" class=\"vcex-icon-box-link wpex-no-underline\"><h2 class=\"vcex-icon-box-heading wpex-heading wpex-text-md wpex-mb-10\" style=\"font-family:Montserrat;font-weight:800;color:#ffffff;font-size:18px;\">Agende uma demo<\/h2><\/a><\/div><\/div>[\/vc_column][vc_column width=&#8221;2\/12&#8243;][\/vc_column][\/vc_row][vc_row el_class=&#8221;margin_top_50&#8243;][vc_column width=&#8221;1\/4&#8243;][vc_column_text]\n<h2>EXPERI\u00caNCIA MAIOR NO PLANEJAMENTO DE EVENTOS<\/h2>\n[\/vc_column_text][\/vc_column][vc_column width=&#8221;3\/4&#8243;][vc_column_text]Descubra como as solu\u00e7\u00f5es de Planejamento de Mobilidade para Eventos da MAIOR, aperfei\u00e7oadas ao longo de 20 anos de experi\u00eancia, enfrentam as complexidades de grandes eventos. Desde a otimiza\u00e7\u00e3o do transporte p\u00fablico na Copa do Mundo do Catar 2022 at\u00e9 a melhoria das opera\u00e7\u00f5es nos Jogos de Pequim 2008, a MAIOR tem um hist\u00f3rico comprovado de excel\u00eancia na gest\u00e3o de alta demanda e grandes multid\u00f5es.<\/p>\n<p>Explore nossos amplos estudos de caso em cidades como Mil\u00e3o, Nur-Sultan e Turim desde 2006. Descubra como os poderosos algoritmos da MAIOR revolucionaram o planejamento de transporte para eventos, garantindo um servi\u00e7o eficiente e uma gest\u00e3o superior de frotas mistas e opera\u00e7\u00f5es de equipes.[\/vc_column_text]<div class=\"vcex-module vcex-icon-box vcex-icon-box-seven wpex-relative wpex-flex wpex-text-right wpex-flex-row-reverse vc_custom_1747146035134 icon_box\" data-wpex-hover=\"{&quot;background&quot;:&quot;#f5bb06&quot;}\" style=\"background-color:#faa00e;border-radius:8px;\"><div class=\"vcex-icon-box-symbol wpex-flex-shrink-0 wpex-ml-20\"><a href=\"https:\/\/www.maior.it\/pt\/solucoes\/para-empresas-ferroviarias\/maior-suite-para-empresas-ferroviarias\/\" class=\"wpex-no-underline\"><img loading=\"lazy\" decoding=\"async\" src=\"https:\/\/www.maior.it\/wp-content\/uploads\/2023\/07\/freccia-bianca-destra.svg\" alt=\"\" class=\"vcex-icon-box-image wpex-align-middle\" style=\"width:28px;height:16px;\" width=\"28\" height=\"16\"><\/a><\/div><div class=\"vcex-icon-box-text wpex-flex-grow\"><a href=\"https:\/\/www.maior.it\/pt\/solucoes\/para-empresas-ferroviarias\/maior-suite-para-empresas-ferroviarias\/\" class=\"vcex-icon-box-link wpex-no-underline\"><h2 class=\"vcex-icon-box-heading wpex-heading wpex-text-md wpex-mb-10\" style=\"font-family:Montserrat;font-weight:800;color:#ffffff;font-size:18px;\">Saiba mais<\/h2><\/a><\/div><\/div>[\/vc_column][\/vc_row]\n<\/section>","protected":false},"excerpt":{"rendered":"<p>[vc_row el_class=&#8221;breadcrumb margin_top_30&#8243;][vc_column][\/vc_column][\/vc_row][vc_row el_class=&#8221;margin_top_50&#8243;][vc_column width=&#8221;1\/2&#8243;][vc_column_text] Planejamento de Eventos [\/vc_column_text][vc_column_text] para empresas ferrovi\u00e1rias com a MAIOR [\/vc_column_text][\/vc_column][vc_column width=&#8221;1\/2&#8243;][vc_column_text]O planejamento da mobilidade para um grande evento em uma cidade movimentada apresenta desafios \u00fanicos, especialmente no setor ferrovi\u00e1rio, onde pontualidade, capacidade e coordena\u00e7\u00e3o s\u00e3o fundamentais. A Su\u00edte\u00a0MAIOR fornece aos operadores ferrovi\u00e1rios as ferramentas estrat\u00e9gicas necess\u00e1rias para enfrentar esses&hellip;<\/p>\n","protected":false},"author":2,"featured_media":0,"parent":26013,"menu_order":0,"comment_status":"closed","ping_status":"closed","template":"","meta":{"_acf_changed":false,"inline_featured_image":false,"footnotes":""},"class_list":["post-26964","page","type-page","status-publish","hentry","entry","no-media"],"acf":[],"yoast_head":"<!-- This site is optimized with the Yoast SEO plugin v27.1.1 - https:\/\/yoast.com\/product\/yoast-seo-wordpress\/ -->\n<title>MAIOR | Planejamento de Eventos<\/title>\n<meta name=\"description\" content=\"O planejamento da mobilidade para um grande evento em uma cidade movimentada apresenta desafios \u00fanicos, especialmente no setor ferrovi\u00e1rio, onde pontualidade, capacidade e coordena\u00e7\u00e3o s\u00e3o fundamentais.\" \/>\n<meta name=\"robots\" content=\"index, follow, max-snippet:-1, max-image-preview:large, max-video-preview:-1\" \/>\n<link rel=\"canonical\" href=\"https:\/\/www.maior.it\/pt\/solucoes\/para-trilhos\/planejamento-de-eventos\/\" \/>\n<meta property=\"og:locale\" content=\"pt_PT\" \/>\n<meta property=\"og:type\" content=\"article\" \/>\n<meta property=\"og:title\" content=\"MAIOR | Planejamento de Eventos\" \/>\n<meta property=\"og:description\" content=\"O planejamento da mobilidade para um grande evento em uma cidade movimentada apresenta desafios \u00fanicos, especialmente no setor ferrovi\u00e1rio, onde pontualidade, capacidade e coordena\u00e7\u00e3o s\u00e3o fundamentais.\" \/>\n<meta property=\"og:url\" content=\"https:\/\/www.maior.it\/pt\/solucoes\/para-trilhos\/planejamento-de-eventos\/\" \/>\n<meta property=\"og:site_name\" content=\"MAIOR\" \/>\n<meta property=\"article:modified_time\" content=\"2025-10-23T09:27:00+00:00\" \/>\n<meta name=\"twitter:card\" content=\"summary_large_image\" \/>\n<meta name=\"twitter:label1\" content=\"Est. reading time\" \/>\n\t<meta name=\"twitter:data1\" content=\"5 minutos\" \/>\n<script type=\"application\/ld+json\" class=\"yoast-schema-graph\">{\"@context\":\"https:\/\/schema.org\",\"@graph\":[{\"@type\":\"WebPage\",\"@id\":\"https:\/\/www.maior.it\/pt\/solucoes\/para-trilhos\/planejamento-de-eventos\/\",\"url\":\"https:\/\/www.maior.it\/pt\/solucoes\/para-trilhos\/planejamento-de-eventos\/\",\"name\":\"MAIOR | Planejamento de Eventos\",\"isPartOf\":{\"@id\":\"https:\/\/www.maior.it\/#website\"},\"datePublished\":\"2024-08-29T07:50:21+00:00\",\"dateModified\":\"2025-10-23T09:27:00+00:00\",\"description\":\"O planejamento da mobilidade para um grande evento em uma cidade movimentada apresenta desafios \u00fanicos, especialmente no setor ferrovi\u00e1rio, onde pontualidade, capacidade e coordena\u00e7\u00e3o s\u00e3o fundamentais.\",\"breadcrumb\":{\"@id\":\"https:\/\/www.maior.it\/pt\/solucoes\/para-trilhos\/planejamento-de-eventos\/#breadcrumb\"},\"inLanguage\":\"pt-AO\",\"potentialAction\":[{\"@type\":\"ReadAction\",\"target\":[\"https:\/\/www.maior.it\/pt\/solucoes\/para-trilhos\/planejamento-de-eventos\/\"]}]},{\"@type\":\"BreadcrumbList\",\"@id\":\"https:\/\/www.maior.it\/pt\/solucoes\/para-trilhos\/planejamento-de-eventos\/#breadcrumb\",\"itemListElement\":[{\"@type\":\"ListItem\",\"position\":1,\"name\":\"Home\",\"item\":\"https:\/\/www.maior.it\/pt\/\"},{\"@type\":\"ListItem\",\"position\":2,\"name\":\"Solucoes\",\"item\":\"https:\/\/www.maior.it\/pt\/solucoes\/\"},{\"@type\":\"ListItem\",\"position\":3,\"name\":\"Para-trilhos\",\"item\":\"https:\/\/www.maior.it\/pt\/solucoes\/para-trilhos\/\"},{\"@type\":\"ListItem\",\"position\":4,\"name\":\"Planejamento de Eventos\"}]},{\"@type\":\"WebSite\",\"@id\":\"https:\/\/www.maior.it\/#website\",\"url\":\"https:\/\/www.maior.it\/\",\"name\":\"MAIOR\",\"description\":\"\",\"publisher\":{\"@id\":\"https:\/\/www.maior.it\/#organization\"},\"potentialAction\":[{\"@type\":\"SearchAction\",\"target\":{\"@type\":\"EntryPoint\",\"urlTemplate\":\"https:\/\/www.maior.it\/?s={search_term_string}\"},\"query-input\":{\"@type\":\"PropertyValueSpecification\",\"valueRequired\":true,\"valueName\":\"search_term_string\"}}],\"inLanguage\":\"pt-AO\"},{\"@type\":\"Organization\",\"@id\":\"https:\/\/www.maior.it\/#organization\",\"name\":\"MAIOR\",\"url\":\"https:\/\/www.maior.it\/\",\"logo\":{\"@type\":\"ImageObject\",\"inLanguage\":\"pt-AO\",\"@id\":\"https:\/\/www.maior.it\/#\/schema\/logo\/image\/\",\"url\":\"https:\/\/www.maior.it\/wp-content\/uploads\/2023\/08\/maior-favicon.jpg\",\"contentUrl\":\"https:\/\/www.maior.it\/wp-content\/uploads\/2023\/08\/maior-favicon.jpg\",\"width\":48,\"height\":48,\"caption\":\"MAIOR\"},\"image\":{\"@id\":\"https:\/\/www.maior.it\/#\/schema\/logo\/image\/\"},\"sameAs\":[\"https:\/\/www.instagram.com\/maior.it\",\"https:\/\/www.linkedin.com\/company\/m-a-i-o-r-\/\"]}]}<\/script>\n<!-- \/ Yoast SEO plugin. -->","yoast_head_json":{"title":"MAIOR | Planejamento de Eventos","description":"O planejamento da mobilidade para um grande evento em uma cidade movimentada apresenta desafios \u00fanicos, especialmente no setor ferrovi\u00e1rio, onde pontualidade, capacidade e coordena\u00e7\u00e3o s\u00e3o fundamentais.","robots":{"index":"index","follow":"follow","max-snippet":"max-snippet:-1","max-image-preview":"max-image-preview:large","max-video-preview":"max-video-preview:-1"},"canonical":"https:\/\/www.maior.it\/pt\/solucoes\/para-trilhos\/planejamento-de-eventos\/","og_locale":"pt_PT","og_type":"article","og_title":"MAIOR | Planejamento de Eventos","og_description":"O planejamento da mobilidade para um grande evento em uma cidade movimentada apresenta desafios \u00fanicos, especialmente no setor ferrovi\u00e1rio, onde pontualidade, capacidade e coordena\u00e7\u00e3o s\u00e3o fundamentais.","og_url":"https:\/\/www.maior.it\/pt\/solucoes\/para-trilhos\/planejamento-de-eventos\/","og_site_name":"MAIOR","article_modified_time":"2025-10-23T09:27:00+00:00","twitter_card":"summary_large_image","twitter_misc":{"Est. reading time":"5 minutos"},"schema":{"@context":"https:\/\/schema.org","@graph":[{"@type":"WebPage","@id":"https:\/\/www.maior.it\/pt\/solucoes\/para-trilhos\/planejamento-de-eventos\/","url":"https:\/\/www.maior.it\/pt\/solucoes\/para-trilhos\/planejamento-de-eventos\/","name":"MAIOR | Planejamento de Eventos","isPartOf":{"@id":"https:\/\/www.maior.it\/#website"},"datePublished":"2024-08-29T07:50:21+00:00","dateModified":"2025-10-23T09:27:00+00:00","description":"O planejamento da mobilidade para um grande evento em uma cidade movimentada apresenta desafios \u00fanicos, especialmente no setor ferrovi\u00e1rio, onde pontualidade, capacidade e coordena\u00e7\u00e3o s\u00e3o fundamentais.","breadcrumb":{"@id":"https:\/\/www.maior.it\/pt\/solucoes\/para-trilhos\/planejamento-de-eventos\/#breadcrumb"},"inLanguage":"pt-AO","potentialAction":[{"@type":"ReadAction","target":["https:\/\/www.maior.it\/pt\/solucoes\/para-trilhos\/planejamento-de-eventos\/"]}]},{"@type":"BreadcrumbList","@id":"https:\/\/www.maior.it\/pt\/solucoes\/para-trilhos\/planejamento-de-eventos\/#breadcrumb","itemListElement":[{"@type":"ListItem","position":1,"name":"Home","item":"https:\/\/www.maior.it\/pt\/"},{"@type":"ListItem","position":2,"name":"Solucoes","item":"https:\/\/www.maior.it\/pt\/solucoes\/"},{"@type":"ListItem","position":3,"name":"Para-trilhos","item":"https:\/\/www.maior.it\/pt\/solucoes\/para-trilhos\/"},{"@type":"ListItem","position":4,"name":"Planejamento de Eventos"}]},{"@type":"WebSite","@id":"https:\/\/www.maior.it\/#website","url":"https:\/\/www.maior.it\/","name":"MAIOR","description":"","publisher":{"@id":"https:\/\/www.maior.it\/#organization"},"potentialAction":[{"@type":"SearchAction","target":{"@type":"EntryPoint","urlTemplate":"https:\/\/www.maior.it\/?s={search_term_string}"},"query-input":{"@type":"PropertyValueSpecification","valueRequired":true,"valueName":"search_term_string"}}],"inLanguage":"pt-AO"},{"@type":"Organization","@id":"https:\/\/www.maior.it\/#organization","name":"MAIOR","url":"https:\/\/www.maior.it\/","logo":{"@type":"ImageObject","inLanguage":"pt-AO","@id":"https:\/\/www.maior.it\/#\/schema\/logo\/image\/","url":"https:\/\/www.maior.it\/wp-content\/uploads\/2023\/08\/maior-favicon.jpg","contentUrl":"https:\/\/www.maior.it\/wp-content\/uploads\/2023\/08\/maior-favicon.jpg","width":48,"height":48,"caption":"MAIOR"},"image":{"@id":"https:\/\/www.maior.it\/#\/schema\/logo\/image\/"},"sameAs":["https:\/\/www.instagram.com\/maior.it","https:\/\/www.linkedin.com\/company\/m-a-i-o-r-\/"]}]}},"_links":{"self":[{"href":"https:\/\/www.maior.it\/pt\/wp-json\/wp\/v2\/pages\/26964","targetHints":{"allow":["GET"]}}],"collection":[{"href":"https:\/\/www.maior.it\/pt\/wp-json\/wp\/v2\/pages"}],"about":[{"href":"https:\/\/www.maior.it\/pt\/wp-json\/wp\/v2\/types\/page"}],"author":[{"embeddable":true,"href":"https:\/\/www.maior.it\/pt\/wp-json\/wp\/v2\/users\/2"}],"replies":[{"embeddable":true,"href":"https:\/\/www.maior.it\/pt\/wp-json\/wp\/v2\/comments?post=26964"}],"version-history":[{"count":5,"href":"https:\/\/www.maior.it\/pt\/wp-json\/wp\/v2\/pages\/26964\/revisions"}],"predecessor-version":[{"id":29762,"href":"https:\/\/www.maior.it\/pt\/wp-json\/wp\/v2\/pages\/26964\/revisions\/29762"}],"up":[{"embeddable":true,"href":"https:\/\/www.maior.it\/pt\/wp-json\/wp\/v2\/pages\/26013"}],"wp:attachment":[{"href":"https:\/\/www.maior.it\/pt\/wp-json\/wp\/v2\/media?parent=26964"}],"curies":[{"name":"wp","href":"https:\/\/api.w.org\/{rel}","templated":true}]}}