{"id":25459,"date":"2021-08-24T14:50:27","date_gmt":"2021-08-24T12:50:27","guid":{"rendered":"https:\/\/www.maior.it\/?page_id=25459"},"modified":"2025-05-19T14:46:47","modified_gmt":"2025-05-19T12:46:47","slug":"privacy-policy","status":"publish","type":"page","link":"https:\/\/www.maior.it\/pt\/privacy-policy\/","title":{"rendered":"Privacy commerciale e marketing"},"content":{"rendered":"<section class=\"wpb-content-wrapper\">[vc_row css=&#8221;.vc_custom_1643202453415{margin-top: 40px !important;}&#8221;][vc_column][vc_column_text]\n<h3 class=\"\" data-start=\"0\" data-end=\"76\"><strong data-start=\"4\" data-end=\"74\">Pol\u00edtica de Privacidade para Finalidades Comerciais e de Marketing<\/strong><\/h3>\n<p class=\"\" data-start=\"78\" data-end=\"114\"><strong data-start=\"78\" data-end=\"112\">\u00daltima atualiza\u00e7\u00e3o: 30.04.2024<\/strong><\/p>\n<p class=\"\" data-start=\"116\" data-end=\"458\">Em conformidade com o Art. 13 do Regulamento (UE) 2016\/679 do Parlamento Europeu e do Conselho, que estabelece disposi\u00e7\u00f5es para a prote\u00e7\u00e3o de pessoas f\u00edsicas em rela\u00e7\u00e3o ao tratamento de dados pessoais, bem como \u00e0 livre circula\u00e7\u00e3o desses dados e que revoga a Diretiva 95\/46\/CE (doravante, &#8220;Regulamento&#8221;), fornecemos as seguintes informa\u00e7\u00f5es.<\/p>\n<p class=\"\" data-start=\"460\" data-end=\"718\">Esta pol\u00edtica de privacidade se aplica aos dados pessoais fornecidos voluntariamente pelo usu\u00e1rio ao preencher formul\u00e1rios para solicita\u00e7\u00f5es de contato, demonstra\u00e7\u00f5es de produtos, inscri\u00e7\u00e3o em newsletters comerciais e download de documenta\u00e7\u00e3o de marketing.<\/p>\n<p class=\"\" data-start=\"720\" data-end=\"898\">Informamos que os dados fornecidos por voc\u00ea ser\u00e3o utilizados para a cria\u00e7\u00e3o de um e-mail que poder\u00e1 ser armazenado no sistema de recebimento utilizado pelo controlador do site.<\/p>\n<hr class=\"\" data-start=\"900\" data-end=\"903\" \/>\n<h4 class=\"\" data-start=\"905\" data-end=\"962\"><strong data-start=\"910\" data-end=\"960\">1. Finalidade do Tratamento dos Dados Pessoais<\/strong><\/h4>\n<p class=\"\" data-start=\"963\" data-end=\"1141\">Seus dados pessoais ser\u00e3o processados pela <strong data-start=\"1006\" data-end=\"1027\">M.A.I.O.R. s.r.l.<\/strong>, Controladora do Tratamento, exclusivamente para atender \u00e0s solicita\u00e7\u00f5es contidas na mensagem enviada por voc\u00ea.<\/p>\n<hr class=\"\" data-start=\"1143\" data-end=\"1146\" \/>\n<h4 class=\"\" data-start=\"1148\" data-end=\"1237\"><strong data-start=\"1153\" data-end=\"1235\">2. Natureza dos Dados Tratados, Modalidade de Tratamento e Per\u00edodo de Reten\u00e7\u00e3o<\/strong><\/h4>\n<p class=\"\" data-start=\"1238\" data-end=\"1480\">Os dados processados ser\u00e3o exclusivamente aqueles fornecidos por voc\u00ea ao preencher os formul\u00e1rios mencionados e ser\u00e3o retidos apenas pelo tempo necess\u00e1rio para garantir uma resposta correta e completa (salvo obriga\u00e7\u00f5es legais em contr\u00e1rio).<\/p>\n<hr class=\"\" data-start=\"1482\" data-end=\"1485\" \/>\n<h4 class=\"\" data-start=\"1487\" data-end=\"1546\"><strong data-start=\"1492\" data-end=\"1544\">3. Car\u00e1ter Facultativo do Fornecimento dos Dados<\/strong><\/h4>\n<p class=\"\" data-start=\"1547\" data-end=\"1692\">O fornecimento dos dados \u00e9 facultativo. No entanto, a recusa em fornec\u00ea-los impossibilitar\u00e1 a <strong data-start=\"1641\" data-end=\"1662\">M.A.I.O.R. s.r.l.<\/strong> de atender sua solicita\u00e7\u00e3o.<\/p>\n<p class=\"\" data-start=\"1694\" data-end=\"2029\">Caso voc\u00ea decida nos fornecer seus dados, informamos que eles ser\u00e3o processados por pessoal autorizado pela Controladora do Tratamento. Em nenhum caso ser\u00e3o divulgados, mas poder\u00e3o ser comunicados a terceiros que realizam, em nome da Controladora, servi\u00e7os espec\u00edficos para garantir o correto cumprimento das finalidades mencionadas.<\/p>\n<hr class=\"\" data-start=\"2031\" data-end=\"2034\" \/>\n<h4 class=\"\" data-start=\"2036\" data-end=\"2076\"><strong data-start=\"2041\" data-end=\"2074\">4. Controladora do Tratamento<\/strong><\/h4>\n<p class=\"\" data-start=\"2077\" data-end=\"2198\">A Controladora do Tratamento \u00e9 a <strong data-start=\"2110\" data-end=\"2131\">M.A.I.O.R. s.r.l.<\/strong>, com sede legal na <strong data-start=\"2151\" data-end=\"2195\">Via S. Donato, 512 \u2013 55100 LUCCA, It\u00e1lia<\/strong>.<\/p>\n<hr class=\"\" data-start=\"2200\" data-end=\"2203\" \/>\n<h4 class=\"\" data-start=\"2205\" data-end=\"2248\"><strong data-start=\"2210\" data-end=\"2246\">5. Direitos do Titular dos Dados<\/strong><\/h4>\n<p class=\"\" data-start=\"2249\" data-end=\"2337\">Lembramos que, de acordo com os Artigos 15 a 21 do Regulamento, voc\u00ea tem o direito de:<\/p>\n<ul data-start=\"2339\" data-end=\"2688\">\n<li class=\"\" data-start=\"2339\" data-end=\"2416\">\n<p class=\"\" data-start=\"2341\" data-end=\"2416\">Obter a confirma\u00e7\u00e3o da exist\u00eancia ou n\u00e3o de dados que lhe dizem respeito.<\/p>\n<\/li>\n<li class=\"\" data-start=\"2417\" data-end=\"2495\">\n<p class=\"\" data-start=\"2419\" data-end=\"2495\">Obter informa\u00e7\u00f5es sobre a origem, finalidades e modalidades do tratamento.<\/p>\n<\/li>\n<li class=\"\" data-start=\"2496\" data-end=\"2571\">\n<p class=\"\" data-start=\"2498\" data-end=\"2571\">Solicitar a atualiza\u00e7\u00e3o, retifica\u00e7\u00e3o, integra\u00e7\u00e3o ou exclus\u00e3o dos dados.<\/p>\n<\/li>\n<li class=\"\" data-start=\"2572\" data-end=\"2688\">\n<p class=\"\" data-start=\"2574\" data-end=\"2688\">Apresentar uma reclama\u00e7\u00e3o a uma autoridade de controle, caso considere que seus direitos n\u00e3o foram reconhecidos.<\/p>\n<\/li>\n<\/ul>\n<p class=\"\" data-start=\"2690\" data-end=\"2945\">Para exercer esses direitos, voc\u00ea pode entrar em contato com a Controladora do Tratamento, enviando uma mensagem para <strong data-start=\"2808\" data-end=\"2871\">M.A.I.O.R. s.r.l., Via S. Donato, 512 \u2013 55100 LUCCA, It\u00e1lia<\/strong>, enviando um e-mail para <strong data-start=\"2897\" data-end=\"2917\"><a class=\"cursor-pointer\" rel=\"noopener\" data-start=\"2899\" data-end=\"2915\">privacy@maior.it<\/a><\/strong> ou nos contatando <a href=\"https:\/\/www.maior.it\/pt\/entre-em-contato\/contacte-nos\/\"><strong data-start=\"2936\" data-end=\"2944\">AQUI<\/strong><\/a>.<\/p>\n[\/vc_column_text][vc_empty_space][\/vc_column][\/vc_row][vc_row el_id=&#8221;cookie&#8221; css=&#8221;.vc_custom_1712151594702{margin-top: 30px !important;margin-bottom: 30px !important;}&#8221; visibility=&#8221;hidden&#8221;][vc_column][\/vc_column][\/vc_row]\n<\/section>","protected":false},"excerpt":{"rendered":"<p>[vc_row css=&#8221;.vc_custom_1643202453415{margin-top: 40px !important;}&#8221;][vc_column][vc_column_text] Pol\u00edtica de Privacidade para Finalidades Comerciais e de Marketing \u00daltima atualiza\u00e7\u00e3o: 30.04.2024 Em conformidade com o Art. 13 do Regulamento (UE) 2016\/679 do Parlamento Europeu e do Conselho, que estabelece disposi\u00e7\u00f5es para a prote\u00e7\u00e3o de pessoas f\u00edsicas em rela\u00e7\u00e3o ao tratamento de dados pessoais, bem como \u00e0 livre circula\u00e7\u00e3o desses dados&hellip;<\/p>\n","protected":false},"author":2,"featured_media":0,"parent":0,"menu_order":0,"comment_status":"closed","ping_status":"open","template":"","meta":{"_acf_changed":false,"inline_featured_image":false,"footnotes":""},"class_list":["post-25459","page","type-page","status-publish","hentry","entry","no-media"],"acf":[],"yoast_head":"<!-- This site is optimized with the Yoast SEO plugin v27.1.1 - https:\/\/yoast.com\/product\/yoast-seo-wordpress\/ -->\n<title>Privacy commerciale e marketing - MAIOR<\/title>\n<meta name=\"robots\" content=\"index, follow, max-snippet:-1, max-image-preview:large, max-video-preview:-1\" \/>\n<link rel=\"canonical\" href=\"https:\/\/www.maior.it\/pt\/privacy-policy\/\" \/>\n<meta property=\"og:locale\" content=\"pt_PT\" \/>\n<meta property=\"og:type\" content=\"article\" \/>\n<meta property=\"og:title\" content=\"Privacy commerciale e marketing - MAIOR\" \/>\n<meta property=\"og:description\" content=\"[vc_row css=&#8221;.vc_custom_1643202453415{margin-top: 40px !important;}&#8221;][vc_column][vc_column_text] Pol\u00edtica de Privacidade para Finalidades Comerciais e de Marketing \u00daltima atualiza\u00e7\u00e3o: 30.04.2024 Em conformidade com o Art. 13 do Regulamento (UE) 2016\/679 do Parlamento Europeu e do Conselho, que estabelece disposi\u00e7\u00f5es para a prote\u00e7\u00e3o de pessoas f\u00edsicas em rela\u00e7\u00e3o ao tratamento de dados pessoais, bem como \u00e0 livre circula\u00e7\u00e3o desses dados&hellip;\" \/>\n<meta property=\"og:url\" content=\"https:\/\/www.maior.it\/pt\/privacy-policy\/\" \/>\n<meta property=\"og:site_name\" content=\"MAIOR\" \/>\n<meta property=\"article:modified_time\" content=\"2025-05-19T12:46:47+00:00\" \/>\n<meta name=\"twitter:card\" content=\"summary_large_image\" \/>\n<meta name=\"twitter:label1\" content=\"Est. reading time\" \/>\n\t<meta name=\"twitter:data1\" content=\"2 minutos\" \/>\n<script type=\"application\/ld+json\" class=\"yoast-schema-graph\">{\"@context\":\"https:\/\/schema.org\",\"@graph\":[{\"@type\":\"WebPage\",\"@id\":\"https:\/\/www.maior.it\/pt\/privacy-policy\/\",\"url\":\"https:\/\/www.maior.it\/pt\/privacy-policy\/\",\"name\":\"Privacy commerciale e marketing - MAIOR\",\"isPartOf\":{\"@id\":\"https:\/\/www.maior.it\/#website\"},\"datePublished\":\"2021-08-24T12:50:27+00:00\",\"dateModified\":\"2025-05-19T12:46:47+00:00\",\"breadcrumb\":{\"@id\":\"https:\/\/www.maior.it\/pt\/privacy-policy\/#breadcrumb\"},\"inLanguage\":\"pt-AO\",\"potentialAction\":[{\"@type\":\"ReadAction\",\"target\":[\"https:\/\/www.maior.it\/pt\/privacy-policy\/\"]}]},{\"@type\":\"BreadcrumbList\",\"@id\":\"https:\/\/www.maior.it\/pt\/privacy-policy\/#breadcrumb\",\"itemListElement\":[{\"@type\":\"ListItem\",\"position\":1,\"name\":\"Home\",\"item\":\"https:\/\/www.maior.it\/pt\/\"},{\"@type\":\"ListItem\",\"position\":2,\"name\":\"Privacy commerciale e marketing\"}]},{\"@type\":\"WebSite\",\"@id\":\"https:\/\/www.maior.it\/#website\",\"url\":\"https:\/\/www.maior.it\/\",\"name\":\"MAIOR\",\"description\":\"\",\"publisher\":{\"@id\":\"https:\/\/www.maior.it\/#organization\"},\"potentialAction\":[{\"@type\":\"SearchAction\",\"target\":{\"@type\":\"EntryPoint\",\"urlTemplate\":\"https:\/\/www.maior.it\/?s={search_term_string}\"},\"query-input\":{\"@type\":\"PropertyValueSpecification\",\"valueRequired\":true,\"valueName\":\"search_term_string\"}}],\"inLanguage\":\"pt-AO\"},{\"@type\":\"Organization\",\"@id\":\"https:\/\/www.maior.it\/#organization\",\"name\":\"MAIOR\",\"url\":\"https:\/\/www.maior.it\/\",\"logo\":{\"@type\":\"ImageObject\",\"inLanguage\":\"pt-AO\",\"@id\":\"https:\/\/www.maior.it\/#\/schema\/logo\/image\/\",\"url\":\"https:\/\/www.maior.it\/wp-content\/uploads\/2023\/08\/maior-favicon.jpg\",\"contentUrl\":\"https:\/\/www.maior.it\/wp-content\/uploads\/2023\/08\/maior-favicon.jpg\",\"width\":48,\"height\":48,\"caption\":\"MAIOR\"},\"image\":{\"@id\":\"https:\/\/www.maior.it\/#\/schema\/logo\/image\/\"},\"sameAs\":[\"https:\/\/www.instagram.com\/maior.it\",\"https:\/\/www.linkedin.com\/company\/m-a-i-o-r-\/\"]}]}<\/script>\n<!-- \/ Yoast SEO plugin. -->","yoast_head_json":{"title":"Privacy commerciale e marketing - MAIOR","robots":{"index":"index","follow":"follow","max-snippet":"max-snippet:-1","max-image-preview":"max-image-preview:large","max-video-preview":"max-video-preview:-1"},"canonical":"https:\/\/www.maior.it\/pt\/privacy-policy\/","og_locale":"pt_PT","og_type":"article","og_title":"Privacy commerciale e marketing - MAIOR","og_description":"[vc_row css=&#8221;.vc_custom_1643202453415{margin-top: 40px !important;}&#8221;][vc_column][vc_column_text] Pol\u00edtica de Privacidade para Finalidades Comerciais e de Marketing \u00daltima atualiza\u00e7\u00e3o: 30.04.2024 Em conformidade com o Art. 13 do Regulamento (UE) 2016\/679 do Parlamento Europeu e do Conselho, que estabelece disposi\u00e7\u00f5es para a prote\u00e7\u00e3o de pessoas f\u00edsicas em rela\u00e7\u00e3o ao tratamento de dados pessoais, bem como \u00e0 livre circula\u00e7\u00e3o desses dados&hellip;","og_url":"https:\/\/www.maior.it\/pt\/privacy-policy\/","og_site_name":"MAIOR","article_modified_time":"2025-05-19T12:46:47+00:00","twitter_card":"summary_large_image","twitter_misc":{"Est. reading time":"2 minutos"},"schema":{"@context":"https:\/\/schema.org","@graph":[{"@type":"WebPage","@id":"https:\/\/www.maior.it\/pt\/privacy-policy\/","url":"https:\/\/www.maior.it\/pt\/privacy-policy\/","name":"Privacy commerciale e marketing - MAIOR","isPartOf":{"@id":"https:\/\/www.maior.it\/#website"},"datePublished":"2021-08-24T12:50:27+00:00","dateModified":"2025-05-19T12:46:47+00:00","breadcrumb":{"@id":"https:\/\/www.maior.it\/pt\/privacy-policy\/#breadcrumb"},"inLanguage":"pt-AO","potentialAction":[{"@type":"ReadAction","target":["https:\/\/www.maior.it\/pt\/privacy-policy\/"]}]},{"@type":"BreadcrumbList","@id":"https:\/\/www.maior.it\/pt\/privacy-policy\/#breadcrumb","itemListElement":[{"@type":"ListItem","position":1,"name":"Home","item":"https:\/\/www.maior.it\/pt\/"},{"@type":"ListItem","position":2,"name":"Privacy commerciale e marketing"}]},{"@type":"WebSite","@id":"https:\/\/www.maior.it\/#website","url":"https:\/\/www.maior.it\/","name":"MAIOR","description":"","publisher":{"@id":"https:\/\/www.maior.it\/#organization"},"potentialAction":[{"@type":"SearchAction","target":{"@type":"EntryPoint","urlTemplate":"https:\/\/www.maior.it\/?s={search_term_string}"},"query-input":{"@type":"PropertyValueSpecification","valueRequired":true,"valueName":"search_term_string"}}],"inLanguage":"pt-AO"},{"@type":"Organization","@id":"https:\/\/www.maior.it\/#organization","name":"MAIOR","url":"https:\/\/www.maior.it\/","logo":{"@type":"ImageObject","inLanguage":"pt-AO","@id":"https:\/\/www.maior.it\/#\/schema\/logo\/image\/","url":"https:\/\/www.maior.it\/wp-content\/uploads\/2023\/08\/maior-favicon.jpg","contentUrl":"https:\/\/www.maior.it\/wp-content\/uploads\/2023\/08\/maior-favicon.jpg","width":48,"height":48,"caption":"MAIOR"},"image":{"@id":"https:\/\/www.maior.it\/#\/schema\/logo\/image\/"},"sameAs":["https:\/\/www.instagram.com\/maior.it","https:\/\/www.linkedin.com\/company\/m-a-i-o-r-\/"]}]}},"_links":{"self":[{"href":"https:\/\/www.maior.it\/pt\/wp-json\/wp\/v2\/pages\/25459","targetHints":{"allow":["GET"]}}],"collection":[{"href":"https:\/\/www.maior.it\/pt\/wp-json\/wp\/v2\/pages"}],"about":[{"href":"https:\/\/www.maior.it\/pt\/wp-json\/wp\/v2\/types\/page"}],"author":[{"embeddable":true,"href":"https:\/\/www.maior.it\/pt\/wp-json\/wp\/v2\/users\/2"}],"replies":[{"embeddable":true,"href":"https:\/\/www.maior.it\/pt\/wp-json\/wp\/v2\/comments?post=25459"}],"version-history":[{"count":3,"href":"https:\/\/www.maior.it\/pt\/wp-json\/wp\/v2\/pages\/25459\/revisions"}],"predecessor-version":[{"id":27478,"href":"https:\/\/www.maior.it\/pt\/wp-json\/wp\/v2\/pages\/25459\/revisions\/27478"}],"wp:attachment":[{"href":"https:\/\/www.maior.it\/pt\/wp-json\/wp\/v2\/media?parent=25459"}],"curies":[{"name":"wp","href":"https:\/\/api.w.org\/{rel}","templated":true}]}}