{"id":25185,"date":"2023-07-17T08:38:46","date_gmt":"2023-07-17T06:38:46","guid":{"rendered":"https:\/\/www.maior.it\/?page_id=25185"},"modified":"2025-12-12T14:13:36","modified_gmt":"2025-12-12T13:13:36","slug":"pesquisa-e-inovacao","status":"publish","type":"page","link":"https:\/\/www.maior.it\/pt\/maior-empresa\/pesquisa-e-inovacao\/","title":{"rendered":"Pesquisa e Inova\u00e7\u00e3o"},"content":{"rendered":"<section class=\"wpb-content-wrapper\">[vc_row el_class=&#8221;breadcrumb margin_top_30&#8243;][vc_column]<nav class=\"vcex-breadcrumbs vcex-breadcrumbs--links-inherit-color vcex-breadcrumbs--custom-color center_desktop\" style=\"color:#b9d6f4;--vcex-breadcrumbs-sep-color:#b9d6f4;font-size:14px;font-family:&#039;Inter&#039;,sans-serif;line-height:140%;--wpex-link-text-decoration:underline;\"><span><span><a href=\"https:\/\/www.maior.it\/pt\/\">Home<\/a><\/span><\/span><\/nav>[\/vc_column][\/vc_row][vc_row el_class=&#8221;margin_top_50&#8243;][vc_column width=&#8221;1\/2&#8243;][vc_column_text]\n<h1>Pesquisa e Inova\u00e7\u00e3o<\/h1>\n[\/vc_column_text][\/vc_column][vc_column width=&#8221;1\/2&#8243;][vc_column_text]Bem-vindo \u00e0 nossa p\u00e1gina de Investiga\u00e7\u00e3o e Inova\u00e7\u00e3o, o cora\u00e7\u00e3o da nossa miss\u00e3o empresarial. Saiba como colocamos em pr\u00e1tica as ideias mais recentes e como estamos constantemente a inovar para criar solu\u00e7\u00f5es de ponta e contribuir para um futuro melhor para o mundo dos transportes p\u00fablicos.[\/vc_column_text][\/vc_column][\/vc_row][vc_row full_width=&#8221;stretch_row&#8221; el_class=&#8221;research_riga_tab margin_top_50&#8243;][vc_column][vc_tta_tabs][vc_tta_section title=&#8221;Pesquisa&#8221; tab_id=&#8221;1690531186329-471154c9-53ea&#8221;][vc_basic_grid post_type=&#8221;research_and_innovat&#8221; max_items=&#8221;-1&#8243; style=&#8221;load-more&#8221; items_per_page=&#8221;3&#8243; element_width=&#8221;12&#8243; item=&#8221;1834&#8243; btn_title=&#8221;Saiba mais&#8221; btn_color=&#8221;warning&#8221; grid_id=&#8221;vc_gid:1765545195851-141821a0-60c8-5&#8243; el_class=&#8221;reserch_grid&#8221; taxonomies=&#8221;244&#8243;][\/vc_tta_section][vc_tta_section title=&#8221;Inova\u00e7\u00e3o&#8221; tab_id=&#8221;1690531186345-87298ab1-9f30&#8243;][vc_basic_grid post_type=&#8221;research_and_innovat&#8221; max_items=&#8221;-1&#8243; style=&#8221;load-more&#8221; items_per_page=&#8221;3&#8243; element_width=&#8221;12&#8243; order=&#8221;ASC&#8221; item=&#8221;1834&#8243; btn_title=&#8221;Saiba mais&#8221; btn_color=&#8221;warning&#8221; grid_id=&#8221;vc_gid:1765545195853-0bbb7627-4156-1&#8243; el_class=&#8221;reserch_grid&#8221; taxonomies=&#8221;233&#8243;][\/vc_tta_section][\/vc_tta_tabs][\/vc_column][\/vc_row][vc_row content_placement=&#8221;middle&#8221; el_class=&#8221;margin_top_100 research_riga_contatti margin_bot_80&#8243;][vc_column width=&#8221;1\/2&#8243; el_class=&#8221;research_riga_contatti_col1&#8243;][vc_row_inner content_placement=&#8221;middle&#8221; el_class=&#8221;home_riga_newsletter research_riga_newsletter&#8221; css=&#8221;.vc_custom_1690801842844{background-image: url(https:\/\/www.maior.it\/wp-content\/uploads\/2023\/07\/newsletter-bg.png?id=836) !important;}&#8221;][vc_column_inner el_class=&#8221;home_riga_newsletter_col1&#8243; width=&#8221;1\/2&#8243;][vc_single_image image=&#8221;25187&#8243;][\/vc_column_inner][vc_column_inner el_class=&#8221;home_riga_newsletter_col2&#8243; width=&#8221;1\/2&#8243;][vc_separator color=&#8221;custom&#8221; align=&#8221;align_left&#8221; border_width=&#8221;6&#8243; el_width=&#8221;10&#8243; accent_color=&#8221;#ffffff&#8221; el_class=&#8221;desktop&#8221;][vc_separator color=&#8221;custom&#8221; align=&#8221;align_left&#8221; border_width=&#8221;6&#8243; el_width=&#8221;40&#8243; accent_color=&#8221;#ffffff&#8221; el_class=&#8221;mobile&#8221;][vc_column_text css=&#8221;.vc_custom_1747650470568{margin-top: 15px !important;}&#8221; color=&#8221;#ffffff&#8221; font_size=&#8221;d:19px|pl:16px|pp:16px&#8221; font_family=&#8221;Montserrat&#8221; letter_spacing=&#8221;2.28px&#8221; font_weight=&#8221;600&#8243; text_transform=&#8221;uppercase&#8221;]\n<h4>INSCREVA-SE NA NOSSA NEWSLETTER<\/h4>\n[\/vc_column_text][vc_column_text css=&#8221;.vc_custom_1747650479716{margin-top: 4px !important;}&#8221; color=&#8221;#ffffff&#8221; el_class=&#8221;line_height140&#8243; font_size=&#8221;pl:14px|pp:14px&#8221;]Mantenha-se atualizado, receba convites para webinars, baixe e-books e muito mais.[\/vc_column_text]<div class=\"vc_custom_1747650503300 wpex-clr\"><a href=\"https:\/\/www.maior.it\/pt\/entre-em-contato\/subscreva-a-nossa-newsletter\/\" class=\"vcex-button theme-button inline\"><span class=\"theme-button-inner\">Inscreva-se<\/span><\/a><\/div> [\/vc_column_inner][\/vc_row_inner][\/vc_column][vc_column visibility=&#8221;hidden-phone&#8221; width=&#8221;1\/2&#8243; el_class=&#8221;buses_suite_riga2_flotta_col2 research_riga_contatti_col2&#8243; css=&#8221;.vc_custom_1690802106598{background-image: url(https:\/\/www.maior.it\/wp-content\/uploads\/2023\/07\/mail-bg.png?id=872) !important;}&#8221;][vc_separator color=&#8221;custom&#8221; border_width=&#8221;6&#8243; el_width=&#8221;10&#8243; accent_color=&#8221;#003a69&#8243; el_class=&#8221;desktop&#8221;][vc_column_text css=&#8221;.vc_custom_1747650444118{margin-top: 15px !important;}&#8221; color=&#8221;#0071bb&#8221; font_size=&#8221;d:19px|pl:16px|pp:16px&#8221; font_family=&#8221;Montserrat&#8221; letter_spacing=&#8221;2.28px&#8221; font_weight=&#8221;600&#8243; text_transform=&#8221;uppercase&#8221; el_class=&#8221;center_desktop&#8221;]\n<h4>QUER MAIS INFORMA\u00c7\u00d5ES?<\/h4>\n[\/vc_column_text]<div class=\"vc_custom_1747650460164 wpex-clr\"><div class=\"theme-button-wrap textcenter wpex-clr\"><a href=\"https:\/\/www.maior.it\/pt\/entre-em-contato\/contacte-nos\/\" class=\"vcex-button theme-button align-center inline\"><span class=\"theme-button-inner\">Entre em contato<\/span><\/a><\/div><\/div> [\/vc_column][\/vc_row][vc_row content_placement=&#8221;middle&#8221; el_class=&#8221;buses_suite_riga2_flotta_col2&#8243; css=&#8221;.vc_custom_1691059128207{background-image: url(https:\/\/www.maior.it\/wp-content\/uploads\/2023\/07\/mail-bg.png?id=872) !important;}&#8221; visibility=&#8221;visible-phone&#8221;][vc_column][vc_separator color=&#8221;custom&#8221; align=&#8221;align_left&#8221; border_width=&#8221;6&#8243; el_width=&#8221;20&#8243; accent_color=&#8221;#003a69&#8243; el_class=&#8221;mobile&#8221;][vc_column_text css=&#8221;.vc_custom_1750239825660{margin-top: 15px !important;}&#8221; color=&#8221;#0071bb&#8221; font_size=&#8221;d:19px|pl:16px|pp:16px&#8221; font_family=&#8221;Montserrat&#8221; letter_spacing=&#8221;2.28px&#8221; font_weight=&#8221;600&#8243; text_transform=&#8221;uppercase&#8221; el_class=&#8221;center_desktop&#8221;]\n<h4>QUER MAIS INFORMA\u00c7\u00d5ES?<\/h4>\n[\/vc_column_text]<div class=\"vc_custom_1750239930371 wpex-clr\"><a href=\"https:\/\/www.maior.it\/it\/contatti\/contattaci\/\" class=\"vcex-button theme-button inline\"><span class=\"theme-button-inner\">Entre em contato<\/span><\/a><\/div> [\/vc_column][\/vc_row]\n<\/section>","protected":false},"excerpt":{"rendered":"<p>[vc_row el_class=&#8221;breadcrumb margin_top_30&#8243;][vc_column][\/vc_column][\/vc_row][vc_row el_class=&#8221;margin_top_50&#8243;][vc_column width=&#8221;1\/2&#8243;][vc_column_text] Pesquisa e Inova\u00e7\u00e3o [\/vc_column_text][\/vc_column][vc_column width=&#8221;1\/2&#8243;][vc_column_text]Bem-vindo \u00e0 nossa p\u00e1gina de Investiga\u00e7\u00e3o e Inova\u00e7\u00e3o, o cora\u00e7\u00e3o da nossa miss\u00e3o empresarial. Saiba como colocamos em pr\u00e1tica as ideias mais recentes e como estamos constantemente a inovar para criar solu\u00e7\u00f5es de ponta e contribuir para um futuro melhor para o mundo dos transportes p\u00fablicos.[\/vc_column_text][\/vc_column][\/vc_row][vc_row&hellip;<\/p>\n","protected":false},"author":2,"featured_media":0,"parent":25502,"menu_order":0,"comment_status":"closed","ping_status":"closed","template":"","meta":{"_acf_changed":false,"inline_featured_image":false,"footnotes":""},"class_list":["post-25185","page","type-page","status-publish","hentry","entry","no-media"],"acf":[],"yoast_head":"<!-- This site is optimized with the Yoast SEO plugin v27.1.1 - https:\/\/yoast.com\/product\/yoast-seo-wordpress\/ -->\n<title>MAIOR - Pesquisa e Inova\u00e7\u00e3o<\/title>\n<meta name=\"description\" content=\"Bem-vindo \u00e0 nossa p\u00e1gina de Investiga\u00e7\u00e3o e Inova\u00e7\u00e3o, o cora\u00e7\u00e3o da nossa miss\u00e3o empresarial.\" \/>\n<meta name=\"robots\" content=\"index, follow, max-snippet:-1, max-image-preview:large, max-video-preview:-1\" \/>\n<link rel=\"canonical\" href=\"https:\/\/www.maior.it\/pt\/maior-empresa\/pesquisa-e-inovacao\/\" \/>\n<meta property=\"og:locale\" content=\"pt_PT\" \/>\n<meta property=\"og:type\" content=\"article\" \/>\n<meta property=\"og:title\" content=\"MAIOR - Pesquisa e Inova\u00e7\u00e3o\" \/>\n<meta property=\"og:description\" content=\"Bem-vindo \u00e0 nossa p\u00e1gina de Investiga\u00e7\u00e3o e Inova\u00e7\u00e3o, o cora\u00e7\u00e3o da nossa miss\u00e3o empresarial.\" \/>\n<meta property=\"og:url\" content=\"https:\/\/www.maior.it\/pt\/maior-empresa\/pesquisa-e-inovacao\/\" \/>\n<meta property=\"og:site_name\" content=\"MAIOR\" \/>\n<meta property=\"article:modified_time\" content=\"2025-12-12T13:13:36+00:00\" \/>\n<meta name=\"twitter:card\" content=\"summary_large_image\" \/>\n<meta name=\"twitter:label1\" content=\"Est. reading time\" \/>\n\t<meta name=\"twitter:data1\" content=\"1 minuto\" \/>\n<script type=\"application\/ld+json\" class=\"yoast-schema-graph\">{\"@context\":\"https:\/\/schema.org\",\"@graph\":[{\"@type\":\"WebPage\",\"@id\":\"https:\/\/www.maior.it\/pt\/maior-empresa\/pesquisa-e-inovacao\/\",\"url\":\"https:\/\/www.maior.it\/pt\/maior-empresa\/pesquisa-e-inovacao\/\",\"name\":\"MAIOR - Pesquisa e Inova\u00e7\u00e3o\",\"isPartOf\":{\"@id\":\"https:\/\/www.maior.it\/#website\"},\"datePublished\":\"2023-07-17T06:38:46+00:00\",\"dateModified\":\"2025-12-12T13:13:36+00:00\",\"description\":\"Bem-vindo \u00e0 nossa p\u00e1gina de Investiga\u00e7\u00e3o e Inova\u00e7\u00e3o, o cora\u00e7\u00e3o da nossa miss\u00e3o empresarial.\",\"breadcrumb\":{\"@id\":\"https:\/\/www.maior.it\/pt\/maior-empresa\/pesquisa-e-inovacao\/#breadcrumb\"},\"inLanguage\":\"pt-AO\",\"potentialAction\":[{\"@type\":\"ReadAction\",\"target\":[\"https:\/\/www.maior.it\/pt\/maior-empresa\/pesquisa-e-inovacao\/\"]}]},{\"@type\":\"BreadcrumbList\",\"@id\":\"https:\/\/www.maior.it\/pt\/maior-empresa\/pesquisa-e-inovacao\/#breadcrumb\",\"itemListElement\":[{\"@type\":\"ListItem\",\"position\":1,\"name\":\"Home\",\"item\":\"https:\/\/www.maior.it\/pt\/\"},{\"@type\":\"ListItem\",\"position\":2,\"name\":\"MAIOR\",\"item\":\"https:\/\/www.maior.it\/pt\/maior-empresa\/\"},{\"@type\":\"ListItem\",\"position\":3,\"name\":\"Pesquisa e Inova\u00e7\u00e3o\"}]},{\"@type\":\"WebSite\",\"@id\":\"https:\/\/www.maior.it\/#website\",\"url\":\"https:\/\/www.maior.it\/\",\"name\":\"MAIOR\",\"description\":\"\",\"publisher\":{\"@id\":\"https:\/\/www.maior.it\/#organization\"},\"potentialAction\":[{\"@type\":\"SearchAction\",\"target\":{\"@type\":\"EntryPoint\",\"urlTemplate\":\"https:\/\/www.maior.it\/?s={search_term_string}\"},\"query-input\":{\"@type\":\"PropertyValueSpecification\",\"valueRequired\":true,\"valueName\":\"search_term_string\"}}],\"inLanguage\":\"pt-AO\"},{\"@type\":\"Organization\",\"@id\":\"https:\/\/www.maior.it\/#organization\",\"name\":\"MAIOR\",\"url\":\"https:\/\/www.maior.it\/\",\"logo\":{\"@type\":\"ImageObject\",\"inLanguage\":\"pt-AO\",\"@id\":\"https:\/\/www.maior.it\/#\/schema\/logo\/image\/\",\"url\":\"https:\/\/www.maior.it\/wp-content\/uploads\/2023\/08\/maior-favicon.jpg\",\"contentUrl\":\"https:\/\/www.maior.it\/wp-content\/uploads\/2023\/08\/maior-favicon.jpg\",\"width\":48,\"height\":48,\"caption\":\"MAIOR\"},\"image\":{\"@id\":\"https:\/\/www.maior.it\/#\/schema\/logo\/image\/\"},\"sameAs\":[\"https:\/\/www.instagram.com\/maior.it\",\"https:\/\/www.linkedin.com\/company\/m-a-i-o-r-\/\"]}]}<\/script>\n<!-- \/ Yoast SEO plugin. -->","yoast_head_json":{"title":"MAIOR - Pesquisa e Inova\u00e7\u00e3o","description":"Bem-vindo \u00e0 nossa p\u00e1gina de Investiga\u00e7\u00e3o e Inova\u00e7\u00e3o, o cora\u00e7\u00e3o da nossa miss\u00e3o empresarial.","robots":{"index":"index","follow":"follow","max-snippet":"max-snippet:-1","max-image-preview":"max-image-preview:large","max-video-preview":"max-video-preview:-1"},"canonical":"https:\/\/www.maior.it\/pt\/maior-empresa\/pesquisa-e-inovacao\/","og_locale":"pt_PT","og_type":"article","og_title":"MAIOR - Pesquisa e Inova\u00e7\u00e3o","og_description":"Bem-vindo \u00e0 nossa p\u00e1gina de Investiga\u00e7\u00e3o e Inova\u00e7\u00e3o, o cora\u00e7\u00e3o da nossa miss\u00e3o empresarial.","og_url":"https:\/\/www.maior.it\/pt\/maior-empresa\/pesquisa-e-inovacao\/","og_site_name":"MAIOR","article_modified_time":"2025-12-12T13:13:36+00:00","twitter_card":"summary_large_image","twitter_misc":{"Est. reading time":"1 minuto"},"schema":{"@context":"https:\/\/schema.org","@graph":[{"@type":"WebPage","@id":"https:\/\/www.maior.it\/pt\/maior-empresa\/pesquisa-e-inovacao\/","url":"https:\/\/www.maior.it\/pt\/maior-empresa\/pesquisa-e-inovacao\/","name":"MAIOR - Pesquisa e Inova\u00e7\u00e3o","isPartOf":{"@id":"https:\/\/www.maior.it\/#website"},"datePublished":"2023-07-17T06:38:46+00:00","dateModified":"2025-12-12T13:13:36+00:00","description":"Bem-vindo \u00e0 nossa p\u00e1gina de Investiga\u00e7\u00e3o e Inova\u00e7\u00e3o, o cora\u00e7\u00e3o da nossa miss\u00e3o empresarial.","breadcrumb":{"@id":"https:\/\/www.maior.it\/pt\/maior-empresa\/pesquisa-e-inovacao\/#breadcrumb"},"inLanguage":"pt-AO","potentialAction":[{"@type":"ReadAction","target":["https:\/\/www.maior.it\/pt\/maior-empresa\/pesquisa-e-inovacao\/"]}]},{"@type":"BreadcrumbList","@id":"https:\/\/www.maior.it\/pt\/maior-empresa\/pesquisa-e-inovacao\/#breadcrumb","itemListElement":[{"@type":"ListItem","position":1,"name":"Home","item":"https:\/\/www.maior.it\/pt\/"},{"@type":"ListItem","position":2,"name":"MAIOR","item":"https:\/\/www.maior.it\/pt\/maior-empresa\/"},{"@type":"ListItem","position":3,"name":"Pesquisa e Inova\u00e7\u00e3o"}]},{"@type":"WebSite","@id":"https:\/\/www.maior.it\/#website","url":"https:\/\/www.maior.it\/","name":"MAIOR","description":"","publisher":{"@id":"https:\/\/www.maior.it\/#organization"},"potentialAction":[{"@type":"SearchAction","target":{"@type":"EntryPoint","urlTemplate":"https:\/\/www.maior.it\/?s={search_term_string}"},"query-input":{"@type":"PropertyValueSpecification","valueRequired":true,"valueName":"search_term_string"}}],"inLanguage":"pt-AO"},{"@type":"Organization","@id":"https:\/\/www.maior.it\/#organization","name":"MAIOR","url":"https:\/\/www.maior.it\/","logo":{"@type":"ImageObject","inLanguage":"pt-AO","@id":"https:\/\/www.maior.it\/#\/schema\/logo\/image\/","url":"https:\/\/www.maior.it\/wp-content\/uploads\/2023\/08\/maior-favicon.jpg","contentUrl":"https:\/\/www.maior.it\/wp-content\/uploads\/2023\/08\/maior-favicon.jpg","width":48,"height":48,"caption":"MAIOR"},"image":{"@id":"https:\/\/www.maior.it\/#\/schema\/logo\/image\/"},"sameAs":["https:\/\/www.instagram.com\/maior.it","https:\/\/www.linkedin.com\/company\/m-a-i-o-r-\/"]}]}},"_links":{"self":[{"href":"https:\/\/www.maior.it\/pt\/wp-json\/wp\/v2\/pages\/25185","targetHints":{"allow":["GET"]}}],"collection":[{"href":"https:\/\/www.maior.it\/pt\/wp-json\/wp\/v2\/pages"}],"about":[{"href":"https:\/\/www.maior.it\/pt\/wp-json\/wp\/v2\/types\/page"}],"author":[{"embeddable":true,"href":"https:\/\/www.maior.it\/pt\/wp-json\/wp\/v2\/users\/2"}],"replies":[{"embeddable":true,"href":"https:\/\/www.maior.it\/pt\/wp-json\/wp\/v2\/comments?post=25185"}],"version-history":[{"count":11,"href":"https:\/\/www.maior.it\/pt\/wp-json\/wp\/v2\/pages\/25185\/revisions"}],"predecessor-version":[{"id":30163,"href":"https:\/\/www.maior.it\/pt\/wp-json\/wp\/v2\/pages\/25185\/revisions\/30163"}],"up":[{"embeddable":true,"href":"https:\/\/www.maior.it\/pt\/wp-json\/wp\/v2\/pages\/25502"}],"wp:attachment":[{"href":"https:\/\/www.maior.it\/pt\/wp-json\/wp\/v2\/media?parent=25185"}],"curies":[{"name":"wp","href":"https:\/\/api.w.org\/{rel}","templated":true}]}}