{"id":24886,"date":"2023-07-17T08:41:26","date_gmt":"2023-07-17T06:41:26","guid":{"rendered":"https:\/\/www.maior.it\/?page_id=24886"},"modified":"2025-11-18T17:18:02","modified_gmt":"2025-11-18T16:18:02","slug":"eventos","status":"publish","type":"page","link":"https:\/\/www.maior.it\/pt\/eventos-e-formacoes\/eventos\/","title":{"rendered":"Eventos"},"content":{"rendered":"<section class=\"wpb-content-wrapper\">[vc_row el_class=&#8221;breadcrumb margin_top_30&#8243;][vc_column]<nav class=\"vcex-breadcrumbs vcex-breadcrumbs--links-inherit-color vcex-breadcrumbs--custom-color center_desktop\" style=\"color:#b9d6f4;--vcex-breadcrumbs-sep-color:#b9d6f4;font-size:14px;font-family:&#039;Inter&#039;,sans-serif;line-height:140%;--wpex-link-text-decoration:underline;\"><span><span><a href=\"https:\/\/www.maior.it\/pt\/\">Home<\/a><\/span><\/span><\/nav>[\/vc_column][\/vc_row][vc_row el_class=&#8221;margin_top_50&#8243;][vc_column width=&#8221;1\/2&#8243;][vc_column_text]\n<h1>Eventos<\/h1>\n[\/vc_column_text][\/vc_column][vc_column width=&#8221;1\/2&#8243;][vc_column_text]Fique atualizado sobre os pr\u00f3ximos eventos da MAIOR. Descubra nossa participa\u00e7\u00e3o em confer\u00eancias, exposi\u00e7\u00f5es e encontros do setor.[\/vc_column_text][\/vc_column][\/vc_row][vc_row el_class=&#8221;research_riga_tab margin_top_50 events_riga_tab&#8221;][vc_column width=&#8221;1\/12&#8243;][\/vc_column][vc_column width=&#8221;10\/12&#8243;][vc_tta_tabs][vc_tta_section title=&#8221;Pr\u00f3ximos eventos&#8221; tab_id=&#8221;1690531186329-471154c9-53ea&#8221;][vc_basic_grid post_type=&#8221;eventi&#8221; max_items=&#8221;-1&#8243; style=&#8221;load-more&#8221; items_per_page=&#8221;3&#8243; element_width=&#8221;12&#8243; item=&#8221;1851&#8243; btn_title=&#8221;Scopri di pi\u00f9&#8221; btn_color=&#8221;warning&#8221; grid_id=&#8221;vc_gid:1763482636747-861bf818-de1f-0&#8243; taxonomies=&#8221;257&#8243;][\/vc_tta_section][vc_tta_section title=&#8221;Eventos passados&#8221; tab_id=&#8221;1690531186345-87298ab1-9f30&#8243;][vc_basic_grid post_type=&#8221;eventi&#8221; max_items=&#8221;-1&#8243; style=&#8221;load-more&#8221; items_per_page=&#8221;3&#8243; element_width=&#8221;12&#8243; item=&#8221;1851&#8243; btn_title=&#8221;Scopri di pi\u00f9&#8221; btn_color=&#8221;warning&#8221; grid_id=&#8221;vc_gid:1763482636747-02f8d3ad-bc85-1&#8243; taxonomies=&#8221;263&#8243;][\/vc_tta_section][\/vc_tta_tabs][\/vc_column][vc_column width=&#8221;1\/12&#8243;][\/vc_column][\/vc_row][vc_row content_placement=&#8221;middle&#8221; el_class=&#8221;home_riga_newsletter margin_top_80 margin_bot_80&#8243; css=&#8221;.vc_custom_1689584218201{background-image: url(https:\/\/www.maior.it\/wp-content\/uploads\/2023\/07\/newsletter-bg.png?id=836) !important;}&#8221;][vc_column width=&#8221;1\/2&#8243; el_class=&#8221;home_riga_newsletter_col1&#8243;][vc_single_image image=&#8221;835&#8243;][\/vc_column][vc_column width=&#8221;1\/2&#8243; el_class=&#8221;home_riga_newsletter_col2&#8243;][vc_separator color=&#8221;custom&#8221; align=&#8221;align_left&#8221; border_width=&#8221;6&#8243; el_width=&#8221;10&#8243; accent_color=&#8221;#ffffff&#8221; el_class=&#8221;desktop&#8221;][vc_separator color=&#8221;custom&#8221; align=&#8221;align_left&#8221; border_width=&#8221;6&#8243; el_width=&#8221;40&#8243; accent_color=&#8221;#ffffff&#8221; el_class=&#8221;mobile&#8221;][vc_column_text css=&#8221;.vc_custom_1747656719846{margin-top: 15px !important;}&#8221; color=&#8221;#ffffff&#8221; font_size=&#8221;d:19px|pl:16px|pp:16px&#8221; font_family=&#8221;Montserrat&#8221; letter_spacing=&#8221;2.28px&#8221; font_weight=&#8221;600&#8243; text_transform=&#8221;uppercase&#8221;]\n<h4>INSCREVA-SE NA NOSSA NEWSLETTER<\/h4>\n[\/vc_column_text][vc_column_text css=&#8221;.vc_custom_1747656735529{margin-top: 4px !important;}&#8221; color=&#8221;#ffffff&#8221; el_class=&#8221;line_height140&#8243; font_size=&#8221;pl:14px|pp:14px&#8221;]Mantenha-se atualizado, receba convites para webinars, baixe e-books e muito mais.[\/vc_column_text]<div class=\"vc_custom_1747656759715 wpex-clr\"><a href=\"https:\/\/www.maior.it\/pt\/entre-em-contato\/subscreva-a-nossa-newsletter\/\" class=\"vcex-button theme-button inline\"><span class=\"theme-button-inner\">Inscreva-se<\/span><\/a><\/div> [\/vc_column][\/vc_row]\n<\/section>","protected":false},"excerpt":{"rendered":"<p>[vc_row el_class=&#8221;breadcrumb margin_top_30&#8243;][vc_column][\/vc_column][\/vc_row][vc_row el_class=&#8221;margin_top_50&#8243;][vc_column width=&#8221;1\/2&#8243;][vc_column_text] Eventos [\/vc_column_text][\/vc_column][vc_column width=&#8221;1\/2&#8243;][vc_column_text]Fique atualizado sobre os pr\u00f3ximos eventos da MAIOR. Descubra nossa participa\u00e7\u00e3o em confer\u00eancias, exposi\u00e7\u00f5es e encontros do setor.[\/vc_column_text][\/vc_column][\/vc_row][vc_row el_class=&#8221;research_riga_tab margin_top_50 events_riga_tab&#8221;][vc_column width=&#8221;1\/12&#8243;][\/vc_column][vc_column width=&#8221;10\/12&#8243;][vc_tta_tabs][vc_tta_section title=&#8221;Pr\u00f3ximos eventos&#8221; tab_id=&#8221;1690531186329-471154c9-53ea&#8221;][vc_basic_grid post_type=&#8221;eventi&#8221; max_items=&#8221;-1&#8243; style=&#8221;load-more&#8221; items_per_page=&#8221;3&#8243; element_width=&#8221;12&#8243; item=&#8221;1851&#8243; btn_title=&#8221;Scopri di pi\u00f9&#8221; btn_color=&#8221;warning&#8221; grid_id=&#8221;vc_gid:1763482636747-861bf818-de1f-0&#8243; taxonomies=&#8221;257&#8243;][\/vc_tta_section][vc_tta_section title=&#8221;Eventos passados&#8221; tab_id=&#8221;1690531186345-87298ab1-9f30&#8243;][vc_basic_grid post_type=&#8221;eventi&#8221; max_items=&#8221;-1&#8243; style=&#8221;load-more&#8221; items_per_page=&#8221;3&#8243; element_width=&#8221;12&#8243; item=&#8221;1851&#8243; btn_title=&#8221;Scopri&hellip;<\/p>\n","protected":false},"author":2,"featured_media":0,"parent":26782,"menu_order":0,"comment_status":"closed","ping_status":"closed","template":"","meta":{"_acf_changed":false,"inline_featured_image":false,"footnotes":""},"class_list":["post-24886","page","type-page","status-publish","hentry","entry","no-media"],"acf":[],"yoast_head":"<!-- This site is optimized with the Yoast SEO plugin v27.1.1 - https:\/\/yoast.com\/product\/yoast-seo-wordpress\/ -->\n<title>MAIOR | Eventos<\/title>\n<meta name=\"description\" content=\"Fique atualizado sobre os pr\u00f3ximos eventos da MAIOR. Descubra nossa participa\u00e7\u00e3o em confer\u00eancias, exposi\u00e7\u00f5es e encontros do setor.\" \/>\n<meta name=\"robots\" content=\"index, follow, max-snippet:-1, max-image-preview:large, max-video-preview:-1\" \/>\n<link rel=\"canonical\" href=\"https:\/\/www.maior.it\/pt\/eventos-e-formacoes\/eventos\/\" \/>\n<meta property=\"og:locale\" content=\"pt_PT\" \/>\n<meta property=\"og:type\" content=\"article\" \/>\n<meta property=\"og:title\" content=\"MAIOR | Eventos\" \/>\n<meta property=\"og:description\" content=\"Fique atualizado sobre os pr\u00f3ximos eventos da MAIOR. Descubra nossa participa\u00e7\u00e3o em confer\u00eancias, exposi\u00e7\u00f5es e encontros do setor.\" \/>\n<meta property=\"og:url\" content=\"https:\/\/www.maior.it\/pt\/eventos-e-formacoes\/eventos\/\" \/>\n<meta property=\"og:site_name\" content=\"MAIOR\" \/>\n<meta property=\"article:modified_time\" content=\"2025-11-18T16:18:02+00:00\" \/>\n<meta name=\"twitter:card\" content=\"summary_large_image\" \/>\n<meta name=\"twitter:label1\" content=\"Est. reading time\" \/>\n\t<meta name=\"twitter:data1\" content=\"1 minuto\" \/>\n<script type=\"application\/ld+json\" class=\"yoast-schema-graph\">{\"@context\":\"https:\/\/schema.org\",\"@graph\":[{\"@type\":\"WebPage\",\"@id\":\"https:\/\/www.maior.it\/pt\/eventos-e-formacoes\/eventos\/\",\"url\":\"https:\/\/www.maior.it\/pt\/eventos-e-formacoes\/eventos\/\",\"name\":\"MAIOR | Eventos\",\"isPartOf\":{\"@id\":\"https:\/\/www.maior.it\/#website\"},\"datePublished\":\"2023-07-17T06:41:26+00:00\",\"dateModified\":\"2025-11-18T16:18:02+00:00\",\"description\":\"Fique atualizado sobre os pr\u00f3ximos eventos da MAIOR. Descubra nossa participa\u00e7\u00e3o em confer\u00eancias, exposi\u00e7\u00f5es e encontros do setor.\",\"breadcrumb\":{\"@id\":\"https:\/\/www.maior.it\/pt\/eventos-e-formacoes\/eventos\/#breadcrumb\"},\"inLanguage\":\"pt-AO\",\"potentialAction\":[{\"@type\":\"ReadAction\",\"target\":[\"https:\/\/www.maior.it\/pt\/eventos-e-formacoes\/eventos\/\"]}]},{\"@type\":\"BreadcrumbList\",\"@id\":\"https:\/\/www.maior.it\/pt\/eventos-e-formacoes\/eventos\/#breadcrumb\",\"itemListElement\":[{\"@type\":\"ListItem\",\"position\":1,\"name\":\"Home\",\"item\":\"https:\/\/www.maior.it\/pt\/\"},{\"@type\":\"ListItem\",\"position\":2,\"name\":\"Eventos e formacoes\",\"item\":\"https:\/\/www.maior.it\/pt\/eventos-e-formacoes\/\"},{\"@type\":\"ListItem\",\"position\":3,\"name\":\"Eventos\"}]},{\"@type\":\"WebSite\",\"@id\":\"https:\/\/www.maior.it\/#website\",\"url\":\"https:\/\/www.maior.it\/\",\"name\":\"MAIOR\",\"description\":\"\",\"publisher\":{\"@id\":\"https:\/\/www.maior.it\/#organization\"},\"potentialAction\":[{\"@type\":\"SearchAction\",\"target\":{\"@type\":\"EntryPoint\",\"urlTemplate\":\"https:\/\/www.maior.it\/?s={search_term_string}\"},\"query-input\":{\"@type\":\"PropertyValueSpecification\",\"valueRequired\":true,\"valueName\":\"search_term_string\"}}],\"inLanguage\":\"pt-AO\"},{\"@type\":\"Organization\",\"@id\":\"https:\/\/www.maior.it\/#organization\",\"name\":\"MAIOR\",\"url\":\"https:\/\/www.maior.it\/\",\"logo\":{\"@type\":\"ImageObject\",\"inLanguage\":\"pt-AO\",\"@id\":\"https:\/\/www.maior.it\/#\/schema\/logo\/image\/\",\"url\":\"https:\/\/www.maior.it\/wp-content\/uploads\/2023\/08\/maior-favicon.jpg\",\"contentUrl\":\"https:\/\/www.maior.it\/wp-content\/uploads\/2023\/08\/maior-favicon.jpg\",\"width\":48,\"height\":48,\"caption\":\"MAIOR\"},\"image\":{\"@id\":\"https:\/\/www.maior.it\/#\/schema\/logo\/image\/\"},\"sameAs\":[\"https:\/\/www.instagram.com\/maior.it\",\"https:\/\/www.linkedin.com\/company\/m-a-i-o-r-\/\"]}]}<\/script>\n<!-- \/ Yoast SEO plugin. -->","yoast_head_json":{"title":"MAIOR | Eventos","description":"Fique atualizado sobre os pr\u00f3ximos eventos da MAIOR. Descubra nossa participa\u00e7\u00e3o em confer\u00eancias, exposi\u00e7\u00f5es e encontros do setor.","robots":{"index":"index","follow":"follow","max-snippet":"max-snippet:-1","max-image-preview":"max-image-preview:large","max-video-preview":"max-video-preview:-1"},"canonical":"https:\/\/www.maior.it\/pt\/eventos-e-formacoes\/eventos\/","og_locale":"pt_PT","og_type":"article","og_title":"MAIOR | Eventos","og_description":"Fique atualizado sobre os pr\u00f3ximos eventos da MAIOR. Descubra nossa participa\u00e7\u00e3o em confer\u00eancias, exposi\u00e7\u00f5es e encontros do setor.","og_url":"https:\/\/www.maior.it\/pt\/eventos-e-formacoes\/eventos\/","og_site_name":"MAIOR","article_modified_time":"2025-11-18T16:18:02+00:00","twitter_card":"summary_large_image","twitter_misc":{"Est. reading time":"1 minuto"},"schema":{"@context":"https:\/\/schema.org","@graph":[{"@type":"WebPage","@id":"https:\/\/www.maior.it\/pt\/eventos-e-formacoes\/eventos\/","url":"https:\/\/www.maior.it\/pt\/eventos-e-formacoes\/eventos\/","name":"MAIOR | Eventos","isPartOf":{"@id":"https:\/\/www.maior.it\/#website"},"datePublished":"2023-07-17T06:41:26+00:00","dateModified":"2025-11-18T16:18:02+00:00","description":"Fique atualizado sobre os pr\u00f3ximos eventos da MAIOR. Descubra nossa participa\u00e7\u00e3o em confer\u00eancias, exposi\u00e7\u00f5es e encontros do setor.","breadcrumb":{"@id":"https:\/\/www.maior.it\/pt\/eventos-e-formacoes\/eventos\/#breadcrumb"},"inLanguage":"pt-AO","potentialAction":[{"@type":"ReadAction","target":["https:\/\/www.maior.it\/pt\/eventos-e-formacoes\/eventos\/"]}]},{"@type":"BreadcrumbList","@id":"https:\/\/www.maior.it\/pt\/eventos-e-formacoes\/eventos\/#breadcrumb","itemListElement":[{"@type":"ListItem","position":1,"name":"Home","item":"https:\/\/www.maior.it\/pt\/"},{"@type":"ListItem","position":2,"name":"Eventos e formacoes","item":"https:\/\/www.maior.it\/pt\/eventos-e-formacoes\/"},{"@type":"ListItem","position":3,"name":"Eventos"}]},{"@type":"WebSite","@id":"https:\/\/www.maior.it\/#website","url":"https:\/\/www.maior.it\/","name":"MAIOR","description":"","publisher":{"@id":"https:\/\/www.maior.it\/#organization"},"potentialAction":[{"@type":"SearchAction","target":{"@type":"EntryPoint","urlTemplate":"https:\/\/www.maior.it\/?s={search_term_string}"},"query-input":{"@type":"PropertyValueSpecification","valueRequired":true,"valueName":"search_term_string"}}],"inLanguage":"pt-AO"},{"@type":"Organization","@id":"https:\/\/www.maior.it\/#organization","name":"MAIOR","url":"https:\/\/www.maior.it\/","logo":{"@type":"ImageObject","inLanguage":"pt-AO","@id":"https:\/\/www.maior.it\/#\/schema\/logo\/image\/","url":"https:\/\/www.maior.it\/wp-content\/uploads\/2023\/08\/maior-favicon.jpg","contentUrl":"https:\/\/www.maior.it\/wp-content\/uploads\/2023\/08\/maior-favicon.jpg","width":48,"height":48,"caption":"MAIOR"},"image":{"@id":"https:\/\/www.maior.it\/#\/schema\/logo\/image\/"},"sameAs":["https:\/\/www.instagram.com\/maior.it","https:\/\/www.linkedin.com\/company\/m-a-i-o-r-\/"]}]}},"_links":{"self":[{"href":"https:\/\/www.maior.it\/pt\/wp-json\/wp\/v2\/pages\/24886","targetHints":{"allow":["GET"]}}],"collection":[{"href":"https:\/\/www.maior.it\/pt\/wp-json\/wp\/v2\/pages"}],"about":[{"href":"https:\/\/www.maior.it\/pt\/wp-json\/wp\/v2\/types\/page"}],"author":[{"embeddable":true,"href":"https:\/\/www.maior.it\/pt\/wp-json\/wp\/v2\/users\/2"}],"replies":[{"embeddable":true,"href":"https:\/\/www.maior.it\/pt\/wp-json\/wp\/v2\/comments?post=24886"}],"version-history":[{"count":8,"href":"https:\/\/www.maior.it\/pt\/wp-json\/wp\/v2\/pages\/24886\/revisions"}],"predecessor-version":[{"id":30033,"href":"https:\/\/www.maior.it\/pt\/wp-json\/wp\/v2\/pages\/24886\/revisions\/30033"}],"up":[{"embeddable":true,"href":"https:\/\/www.maior.it\/pt\/wp-json\/wp\/v2\/pages\/26782"}],"wp:attachment":[{"href":"https:\/\/www.maior.it\/pt\/wp-json\/wp\/v2\/media?parent=24886"}],"curies":[{"name":"wp","href":"https:\/\/api.w.org\/{rel}","templated":true}]}}