{"id":24879,"date":"2023-07-17T08:43:33","date_gmt":"2023-07-17T06:43:33","guid":{"rendered":"https:\/\/www.maior.it\/?page_id=24879"},"modified":"2025-05-21T15:05:18","modified_gmt":"2025-05-21T13:05:18","slug":"inscreva-se-em-nossa-newsletter","status":"publish","type":"page","link":"https:\/\/www.maior.it\/pt\/entre-em-contato\/inscreva-se-em-nossa-newsletter\/","title":{"rendered":"Subscreva a nossa Newsletter"},"content":{"rendered":"<section class=\"wpb-content-wrapper\">[vc_row el_class=&#8221;breadcrumb margin_top_30&#8243;][vc_column]<nav class=\"vcex-breadcrumbs vcex-breadcrumbs--links-inherit-color vcex-breadcrumbs--custom-color center_desktop\" style=\"color:#b9d6f4;--vcex-breadcrumbs-sep-color:#b9d6f4;font-size:14px;font-family:&#039;Inter&#039;,sans-serif;line-height:140%;--wpex-link-text-decoration:underline;\"><span><span><a href=\"https:\/\/www.maior.it\/pt\/\">Home<\/a><\/span><\/span><\/nav>[\/vc_column][\/vc_row][vc_row el_class=&#8221;margin_top_50&#8243;][vc_column][vc_column_text el_class=&#8221;center_desktop&#8221;]\n<h2>Mantenha-se atualizado sobre todas as not\u00edcias<\/h2>\n[\/vc_column_text][vc_column_text el_class=&#8221;center_desktop&#8221;]\n<h1>Inscreva-se em nossa Newsletter<\/h1>\n[\/vc_column_text][vc_empty_space][\/vc_column][\/vc_row][vc_row][vc_column]<div class=\"wpforms-container wpforms-container-full wpforms-render-modern\" id=\"wpforms-23772\"><form id=\"wpforms-form-23772\" class=\"wpforms-validate wpforms-form wpforms-ajax-form\" data-formid=\"23772\" method=\"post\" enctype=\"multipart\/form-data\" action=\"\/pt\/wp-json\/wp\/v2\/pages\/24879\" data-token=\"26a08bd42ed9d2352a0ff1297f1f065c\" data-token-time=\"1776042312\"><noscript class=\"wpforms-error-noscript\">Please enable JavaScript in your browser to complete this form.<\/noscript><div class=\"wpforms-hidden\" id=\"wpforms-error-noscript\">Please enable JavaScript in your browser to complete this form.<\/div><div class=\"wpforms-field-container\"><div id=\"wpforms-23772-field_0-container\" class=\"wpforms-field wpforms-field-name wpforms-one-half wpforms-first\" data-field-id=\"0\"><fieldset><legend class=\"wpforms-field-label\">Nome e sobrenome <span class=\"wpforms-required-label\" aria-hidden=\"true\">*<\/span><\/legend><div class=\"wpforms-field-row wpforms-field-large\"><div class=\"wpforms-field-row-block wpforms-first wpforms-one-half\"><input type=\"text\" id=\"wpforms-23772-field_0\" class=\"wpforms-field-name-first wpforms-field-required\" name=\"wpforms[fields][0][first]\" placeholder=\"Nome\" aria-errormessage=\"wpforms-23772-field_0-error\" required><label for=\"wpforms-23772-field_0\" class=\"wpforms-field-sublabel after wpforms-sublabel-hide\">First<\/label><\/div><div class=\"wpforms-field-row-block wpforms-one-half\"><input type=\"text\" id=\"wpforms-23772-field_0-last\" class=\"wpforms-field-name-last wpforms-field-required\" name=\"wpforms[fields][0][last]\" placeholder=\"Apelido\" aria-errormessage=\"wpforms-23772-field_0-last-error\" required><label for=\"wpforms-23772-field_0-last\" class=\"wpforms-field-sublabel after wpforms-sublabel-hide\">Last<\/label><\/div><\/div><\/fieldset><\/div><div id=\"wpforms-23772-field_1-container\" class=\"wpforms-field wpforms-field-email wpforms-one-half\" data-field-id=\"1\"><label class=\"wpforms-field-label\" for=\"wpforms-23772-field_1\">E-mail corporativo <span class=\"wpforms-required-label\" aria-hidden=\"true\">*<\/span><\/label><input type=\"email\" id=\"wpforms-23772-field_1\" class=\"wpforms-field-large wpforms-field-required\" name=\"wpforms[fields][1]\" placeholder=\"Insert corporate e-mail\" spellcheck=\"false\" aria-errormessage=\"wpforms-23772-field_1-error\" required><\/div><div id=\"wpforms-23772-field_6-container\" class=\"wpforms-field wpforms-field-text\" data-field-id=\"6\"><label class=\"wpforms-field-label\" for=\"wpforms-23772-field_6\">N\u00famero de telefone<\/label><input type=\"text\" id=\"wpforms-23772-field_6\" class=\"wpforms-field-large\" name=\"wpforms[fields][6]\" placeholder=\"Insert number\" aria-errormessage=\"wpforms-23772-field_6-error\" ><\/div><div id=\"wpforms-23772-field_8-container\" class=\"wpforms-field wpforms-field-gdpr-checkbox\" data-field-id=\"8\"><label class=\"wpforms-field-label\">Pol\u00edtica de Privacidade <span class=\"wpforms-required-label\" aria-hidden=\"true\">*<\/span><\/label><ul id=\"wpforms-23772-field_8\" class=\"wpforms-field-required\"><li class=\"choice-1\"><input type=\"checkbox\" id=\"wpforms-23772-field_8_1\" name=\"wpforms[fields][8][]\" value=\"Li e concordo com a &lt;a href=&quot;https:\/\/www.maior.it\/wp-content\/uploads\/2025\/10\/MAIOR-Politica-de-Privacidade-.pdf&quot; target=&quot;_blank&quot;&gt;pol\u00edtica de privacidade&lt;\/a&gt;*\" aria-errormessage=\"wpforms-23772-field_8_1-error\" required ><label class=\"wpforms-field-label-inline\" for=\"wpforms-23772-field_8_1\">Li e concordo com a <a href=\"https:\/\/www.maior.it\/wp-content\/uploads\/2025\/10\/MAIOR-Politica-de-Privacidade-.pdf\" target=\"_blank\">pol\u00edtica de privacidade<\/a>*<\/label><\/li><\/ul><\/div><\/div><!-- .wpforms-field-container --><div class=\"wpforms-recaptcha-container wpforms-is-recaptcha wpforms-is-recaptcha-type-v3\" ><input type=\"hidden\" name=\"wpforms[recaptcha]\" value=\"\"><\/div><div class=\"wpforms-submit-container\" ><input type=\"hidden\" name=\"wpforms[id]\" value=\"23772\"><input type=\"hidden\" name=\"page_title\" value=\"\"><input type=\"hidden\" name=\"page_url\" value=\"https:\/\/www.maior.it\/pt\/wp-json\/wp\/v2\/pages\/24879\"><input type=\"hidden\" name=\"url_referer\" value=\"\"><button type=\"submit\" name=\"wpforms[submit]\" id=\"wpforms-submit-23772\" class=\"wpforms-submit\" data-alt-text=\"Sending...\" data-submit-text=\"Enviar\" aria-live=\"assertive\" value=\"wpforms-submit\">Enviar<\/button><img loading=\"lazy\" decoding=\"async\" src=\"https:\/\/www.maior.it\/wp-content\/plugins\/wpforms\/assets\/images\/submit-spin.svg\" class=\"wpforms-submit-spinner\" style=\"display: none;\" width=\"26\" height=\"26\" alt=\"Loading\"><\/div><\/form><\/div>  <!-- .wpforms-container -->[\/vc_column][\/vc_row][vc_row full_width=&#8221;stretch_row_content_no_spaces&#8221;][vc_column][vc_single_image image=&#8221;1263&#8243; visibility=&#8221;hidden-phone&#8221;][vc_single_image image=&#8221;1284&#8243; visibility=&#8221;visible-phone&#8221;][\/vc_column][\/vc_row][vc_row el_class=&#8221;Aftersale_riga_blocchi newsletter_riga_blocchi&#8221;][vc_column width=&#8221;1\/3&#8243;][vc_row_inner el_class=&#8221;Aftersale_riga_blocchi_box1&#8243;][vc_column_inner][vc_column_text text_align=&#8221;center&#8221;]\n<h3>Eventos<\/h3>\n[\/vc_column_text][vc_column_text text_align=&#8221;center&#8221;]Descubra e junte-se a n\u00f3s nos pr\u00f3ximos eventos e exposi\u00e7\u00f5es em que participaremos[\/vc_column_text][\/vc_column_inner][\/vc_row_inner][\/vc_column][vc_column width=&#8221;1\/3&#8243;][vc_row_inner el_class=&#8221;Aftersale_riga_blocchi_box2&#8243;][vc_column_inner][vc_column_text text_align=&#8221;center&#8221; color=&#8221;#0071bb&#8221;]\n<h3>Cursos e forma\u00e7\u00e3o<\/h3>\n[\/vc_column_text][vc_column_text text_align=&#8221;center&#8221; color=&#8221;#0071bb&#8221;]Descubra e participe nos pr\u00f3ximos cursos e webinars[\/vc_column_text][\/vc_column_inner][\/vc_row_inner][\/vc_column][vc_column width=&#8221;1\/3&#8243;][vc_row_inner el_class=&#8221;Aftersale_riga_blocchi_box1&#8243;][vc_column_inner][vc_column_text text_align=&#8221;center&#8221;]\n<h3>Not\u00edcias<\/h3>\n[\/vc_column_text][vc_column_text text_align=&#8221;center&#8221;]Leia os artigos mais recentes no nosso blogue[\/vc_column_text][\/vc_column_inner][\/vc_row_inner][\/vc_column][\/vc_row][vc_row full_width=&#8221;stretch_row&#8221; wpex_post_thumbnail_bg=&#8221;true&#8221; el_class=&#8221;home_riga_transit buses_suite_riga_prenota margin_top_50&#8243; css=&#8221;.vc_custom_1702912569991{background-image: url(https:\/\/www.maior.it\/wp-content\/uploads\/2023\/08\/MAIOR-schedule-meeting-.jpg?id=2384) !important;background-position: center !important;background-repeat: no-repeat !important;background-size: cover !important;}&#8221; visibility=&#8221;hidden&#8221;][vc_column width=&#8221;2\/12&#8243;][\/vc_column][vc_column width=&#8221;8\/12&#8243; el_class=&#8221;buses_suite_riga_prenota_col2&#8243;][vc_column_text color=&#8221;#ffffff&#8221; font_size=&#8221;36px&#8221; font_family=&#8221;Montserrat&#8221; line_height=&#8221;140%&#8221; font_weight=&#8221;600&#8243; text_align=&#8221;center&#8221;]\n<h1>Gostaria de experimentar o MAIOR Suite?<\/h1>\n[\/vc_column_text]<div class=\"vcex-module vcex-icon-box vcex-icon-box-seven wpex-relative wpex-flex wpex-text-right wpex-flex-row-reverse icon_box margin_top_40\" data-wpex-hover=\"{&quot;background&quot;:&quot;#f5bb06&quot;}\" style=\"background-color:#faa00e;border-radius:8px;\"><div class=\"vcex-icon-box-symbol wpex-flex-shrink-0 wpex-ml-20\"><a href=\"https:\/\/www.maior.it\/it\/contatti\/richiedi-una-demo\/\" class=\"wpex-no-underline\"><img loading=\"lazy\" decoding=\"async\" src=\"https:\/\/www.maior.it\/wp-content\/uploads\/2023\/07\/freccia-bianca-destra.svg\" alt=\"\" class=\"vcex-icon-box-image wpex-align-middle\" style=\"width:28px;height:16px;\" width=\"28\" height=\"16\"><\/a><\/div><div class=\"vcex-icon-box-text wpex-flex-grow\"><a href=\"https:\/\/www.maior.it\/it\/contatti\/richiedi-una-demo\/\" class=\"vcex-icon-box-link wpex-no-underline\"><h2 class=\"vcex-icon-box-heading wpex-heading wpex-text-md wpex-mb-10\" style=\"font-family:Montserrat;font-weight:800;color:#ffffff;font-size:18px;\">Agendar uma demonstra\u00e7\u00e3o<\/h2><\/a><\/div><\/div>[\/vc_column][vc_column width=&#8221;2\/12&#8243;][\/vc_column][\/vc_row][vc_row][vc_column][vc_empty_space][\/vc_column][\/vc_row]\n<\/section>","protected":false},"excerpt":{"rendered":"<p>[vc_row el_class=&#8221;breadcrumb margin_top_30&#8243;][vc_column][\/vc_column][\/vc_row][vc_row el_class=&#8221;margin_top_50&#8243;][vc_column][vc_column_text el_class=&#8221;center_desktop&#8221;] Mantenha-se atualizado sobre todas as not\u00edcias [\/vc_column_text][vc_column_text el_class=&#8221;center_desktop&#8221;] Inscreva-se em nossa Newsletter [\/vc_column_text][vc_empty_space][\/vc_column][\/vc_row][vc_row][vc_column][\/vc_column][\/vc_row][vc_row full_width=&#8221;stretch_row_content_no_spaces&#8221;][vc_column][vc_single_image image=&#8221;1263&#8243; visibility=&#8221;hidden-phone&#8221;][vc_single_image image=&#8221;1284&#8243; visibility=&#8221;visible-phone&#8221;][\/vc_column][\/vc_row][vc_row el_class=&#8221;Aftersale_riga_blocchi newsletter_riga_blocchi&#8221;][vc_column width=&#8221;1\/3&#8243;][vc_row_inner el_class=&#8221;Aftersale_riga_blocchi_box1&#8243;][vc_column_inner][vc_column_text text_align=&#8221;center&#8221;] Eventos [\/vc_column_text][vc_column_text text_align=&#8221;center&#8221;]Descubra e junte-se a n\u00f3s nos pr\u00f3ximos eventos e exposi\u00e7\u00f5es em que participaremos[\/vc_column_text][\/vc_column_inner][\/vc_row_inner][\/vc_column][vc_column width=&#8221;1\/3&#8243;][vc_row_inner el_class=&#8221;Aftersale_riga_blocchi_box2&#8243;][vc_column_inner][vc_column_text text_align=&#8221;center&#8221; color=&#8221;#0071bb&#8221;] Cursos e forma\u00e7\u00e3o [\/vc_column_text][vc_column_text text_align=&#8221;center&#8221; color=&#8221;#0071bb&#8221;]Descubra e participe&hellip;<\/p>\n","protected":false},"author":2,"featured_media":0,"parent":26780,"menu_order":0,"comment_status":"closed","ping_status":"closed","template":"","meta":{"_acf_changed":false,"inline_featured_image":false,"footnotes":""},"class_list":["post-24879","page","type-page","status-publish","hentry","entry","no-media"],"acf":[],"yoast_head":"<!-- This site is optimized with the Yoast SEO plugin v27.1.1 - https:\/\/yoast.com\/product\/yoast-seo-wordpress\/ -->\n<title>MAIOR | Subscreva a nossa Newsletter<\/title>\n<meta name=\"description\" content=\"Mantenha-se atualizado sobre todas as not\u00edcias\" \/>\n<meta name=\"robots\" content=\"index, follow, max-snippet:-1, max-image-preview:large, max-video-preview:-1\" \/>\n<link rel=\"canonical\" href=\"https:\/\/www.maior.it\/pt\/entre-em-contato\/inscreva-se-em-nossa-newsletter\/\" \/>\n<meta property=\"og:locale\" content=\"pt_PT\" \/>\n<meta property=\"og:type\" content=\"article\" \/>\n<meta property=\"og:title\" content=\"MAIOR | Subscreva a nossa Newsletter\" \/>\n<meta property=\"og:description\" content=\"Mantenha-se atualizado sobre todas as not\u00edcias\" \/>\n<meta property=\"og:url\" content=\"https:\/\/www.maior.it\/pt\/entre-em-contato\/inscreva-se-em-nossa-newsletter\/\" \/>\n<meta property=\"og:site_name\" content=\"MAIOR\" \/>\n<meta property=\"article:modified_time\" content=\"2025-05-21T13:05:18+00:00\" \/>\n<meta name=\"twitter:card\" content=\"summary_large_image\" \/>\n<meta name=\"twitter:label1\" content=\"Est. reading time\" \/>\n\t<meta name=\"twitter:data1\" content=\"1 minuto\" \/>\n<script type=\"application\/ld+json\" class=\"yoast-schema-graph\">{\"@context\":\"https:\/\/schema.org\",\"@graph\":[{\"@type\":\"WebPage\",\"@id\":\"https:\/\/www.maior.it\/pt\/entre-em-contato\/inscreva-se-em-nossa-newsletter\/\",\"url\":\"https:\/\/www.maior.it\/pt\/entre-em-contato\/inscreva-se-em-nossa-newsletter\/\",\"name\":\"MAIOR | Subscreva a nossa Newsletter\",\"isPartOf\":{\"@id\":\"https:\/\/www.maior.it\/#website\"},\"datePublished\":\"2023-07-17T06:43:33+00:00\",\"dateModified\":\"2025-05-21T13:05:18+00:00\",\"description\":\"Mantenha-se atualizado sobre todas as not\u00edcias\",\"breadcrumb\":{\"@id\":\"https:\/\/www.maior.it\/pt\/entre-em-contato\/inscreva-se-em-nossa-newsletter\/#breadcrumb\"},\"inLanguage\":\"pt-AO\",\"potentialAction\":[{\"@type\":\"ReadAction\",\"target\":[\"https:\/\/www.maior.it\/pt\/entre-em-contato\/inscreva-se-em-nossa-newsletter\/\"]}]},{\"@type\":\"BreadcrumbList\",\"@id\":\"https:\/\/www.maior.it\/pt\/entre-em-contato\/inscreva-se-em-nossa-newsletter\/#breadcrumb\",\"itemListElement\":[{\"@type\":\"ListItem\",\"position\":1,\"name\":\"Home\",\"item\":\"https:\/\/www.maior.it\/pt\/\"},{\"@type\":\"ListItem\",\"position\":2,\"name\":\"Entre em contato\",\"item\":\"https:\/\/www.maior.it\/pt\/entre-em-contato\/\"},{\"@type\":\"ListItem\",\"position\":3,\"name\":\"Subscreva a nossa Newsletter\"}]},{\"@type\":\"WebSite\",\"@id\":\"https:\/\/www.maior.it\/#website\",\"url\":\"https:\/\/www.maior.it\/\",\"name\":\"MAIOR\",\"description\":\"\",\"publisher\":{\"@id\":\"https:\/\/www.maior.it\/#organization\"},\"potentialAction\":[{\"@type\":\"SearchAction\",\"target\":{\"@type\":\"EntryPoint\",\"urlTemplate\":\"https:\/\/www.maior.it\/?s={search_term_string}\"},\"query-input\":{\"@type\":\"PropertyValueSpecification\",\"valueRequired\":true,\"valueName\":\"search_term_string\"}}],\"inLanguage\":\"pt-AO\"},{\"@type\":\"Organization\",\"@id\":\"https:\/\/www.maior.it\/#organization\",\"name\":\"MAIOR\",\"url\":\"https:\/\/www.maior.it\/\",\"logo\":{\"@type\":\"ImageObject\",\"inLanguage\":\"pt-AO\",\"@id\":\"https:\/\/www.maior.it\/#\/schema\/logo\/image\/\",\"url\":\"https:\/\/www.maior.it\/wp-content\/uploads\/2023\/08\/maior-favicon.jpg\",\"contentUrl\":\"https:\/\/www.maior.it\/wp-content\/uploads\/2023\/08\/maior-favicon.jpg\",\"width\":48,\"height\":48,\"caption\":\"MAIOR\"},\"image\":{\"@id\":\"https:\/\/www.maior.it\/#\/schema\/logo\/image\/\"},\"sameAs\":[\"https:\/\/www.instagram.com\/maior.it\",\"https:\/\/www.linkedin.com\/company\/m-a-i-o-r-\/\"]}]}<\/script>\n<!-- \/ Yoast SEO plugin. -->","yoast_head_json":{"title":"MAIOR | Subscreva a nossa Newsletter","description":"Mantenha-se atualizado sobre todas as not\u00edcias","robots":{"index":"index","follow":"follow","max-snippet":"max-snippet:-1","max-image-preview":"max-image-preview:large","max-video-preview":"max-video-preview:-1"},"canonical":"https:\/\/www.maior.it\/pt\/entre-em-contato\/inscreva-se-em-nossa-newsletter\/","og_locale":"pt_PT","og_type":"article","og_title":"MAIOR | Subscreva a nossa Newsletter","og_description":"Mantenha-se atualizado sobre todas as not\u00edcias","og_url":"https:\/\/www.maior.it\/pt\/entre-em-contato\/inscreva-se-em-nossa-newsletter\/","og_site_name":"MAIOR","article_modified_time":"2025-05-21T13:05:18+00:00","twitter_card":"summary_large_image","twitter_misc":{"Est. reading time":"1 minuto"},"schema":{"@context":"https:\/\/schema.org","@graph":[{"@type":"WebPage","@id":"https:\/\/www.maior.it\/pt\/entre-em-contato\/inscreva-se-em-nossa-newsletter\/","url":"https:\/\/www.maior.it\/pt\/entre-em-contato\/inscreva-se-em-nossa-newsletter\/","name":"MAIOR | Subscreva a nossa Newsletter","isPartOf":{"@id":"https:\/\/www.maior.it\/#website"},"datePublished":"2023-07-17T06:43:33+00:00","dateModified":"2025-05-21T13:05:18+00:00","description":"Mantenha-se atualizado sobre todas as not\u00edcias","breadcrumb":{"@id":"https:\/\/www.maior.it\/pt\/entre-em-contato\/inscreva-se-em-nossa-newsletter\/#breadcrumb"},"inLanguage":"pt-AO","potentialAction":[{"@type":"ReadAction","target":["https:\/\/www.maior.it\/pt\/entre-em-contato\/inscreva-se-em-nossa-newsletter\/"]}]},{"@type":"BreadcrumbList","@id":"https:\/\/www.maior.it\/pt\/entre-em-contato\/inscreva-se-em-nossa-newsletter\/#breadcrumb","itemListElement":[{"@type":"ListItem","position":1,"name":"Home","item":"https:\/\/www.maior.it\/pt\/"},{"@type":"ListItem","position":2,"name":"Entre em contato","item":"https:\/\/www.maior.it\/pt\/entre-em-contato\/"},{"@type":"ListItem","position":3,"name":"Subscreva a nossa Newsletter"}]},{"@type":"WebSite","@id":"https:\/\/www.maior.it\/#website","url":"https:\/\/www.maior.it\/","name":"MAIOR","description":"","publisher":{"@id":"https:\/\/www.maior.it\/#organization"},"potentialAction":[{"@type":"SearchAction","target":{"@type":"EntryPoint","urlTemplate":"https:\/\/www.maior.it\/?s={search_term_string}"},"query-input":{"@type":"PropertyValueSpecification","valueRequired":true,"valueName":"search_term_string"}}],"inLanguage":"pt-AO"},{"@type":"Organization","@id":"https:\/\/www.maior.it\/#organization","name":"MAIOR","url":"https:\/\/www.maior.it\/","logo":{"@type":"ImageObject","inLanguage":"pt-AO","@id":"https:\/\/www.maior.it\/#\/schema\/logo\/image\/","url":"https:\/\/www.maior.it\/wp-content\/uploads\/2023\/08\/maior-favicon.jpg","contentUrl":"https:\/\/www.maior.it\/wp-content\/uploads\/2023\/08\/maior-favicon.jpg","width":48,"height":48,"caption":"MAIOR"},"image":{"@id":"https:\/\/www.maior.it\/#\/schema\/logo\/image\/"},"sameAs":["https:\/\/www.instagram.com\/maior.it","https:\/\/www.linkedin.com\/company\/m-a-i-o-r-\/"]}]}},"_links":{"self":[{"href":"https:\/\/www.maior.it\/pt\/wp-json\/wp\/v2\/pages\/24879","targetHints":{"allow":["GET"]}}],"collection":[{"href":"https:\/\/www.maior.it\/pt\/wp-json\/wp\/v2\/pages"}],"about":[{"href":"https:\/\/www.maior.it\/pt\/wp-json\/wp\/v2\/types\/page"}],"author":[{"embeddable":true,"href":"https:\/\/www.maior.it\/pt\/wp-json\/wp\/v2\/users\/2"}],"replies":[{"embeddable":true,"href":"https:\/\/www.maior.it\/pt\/wp-json\/wp\/v2\/comments?post=24879"}],"version-history":[{"count":3,"href":"https:\/\/www.maior.it\/pt\/wp-json\/wp\/v2\/pages\/24879\/revisions"}],"predecessor-version":[{"id":27641,"href":"https:\/\/www.maior.it\/pt\/wp-json\/wp\/v2\/pages\/24879\/revisions\/27641"}],"up":[{"embeddable":true,"href":"https:\/\/www.maior.it\/pt\/wp-json\/wp\/v2\/pages\/26780"}],"wp:attachment":[{"href":"https:\/\/www.maior.it\/pt\/wp-json\/wp\/v2\/media?parent=24879"}],"curies":[{"name":"wp","href":"https:\/\/api.w.org\/{rel}","templated":true}]}}