{"id":4257,"date":"2021-08-24T14:50:27","date_gmt":"2021-08-24T12:50:27","guid":{"rendered":"https:\/\/www.maior.it\/?page_id=4257"},"modified":"2025-02-17T14:50:11","modified_gmt":"2025-02-17T13:50:11","slug":"privacy-policy","status":"publish","type":"page","link":"https:\/\/www.maior.it\/it\/privacy-policy\/","title":{"rendered":"Privacy commerciale e marketing"},"content":{"rendered":"<section class=\"wpb-content-wrapper\">[vc_row css=&#8221;.vc_custom_1643202453415{margin-top: 40px !important;}&#8221;][vc_column][vc_column_text]\n<h2>Informativa Privacy per finalit\u00e0 commerciali e di marketing<\/h2>\n<p><em>Ultimo aggiornamento: 30.04.2024<\/em><\/p>\n<p>&nbsp;<\/p>\n<p>In osservanza dell\u2019art. 13 del Regolamento (UE) 2016\/679 del Parlamento europeo e del Consiglio, recante disposizioni per la protezione delle persone fisiche con riguardo al trattamento dei dati personali, nonch\u00e9 alla libera circolazione di tali dati e che abroga la direttiva 95\/46\/CE (di seguito \u201cRegolamento\u201d), le forniamo le seguenti informazioni.<\/p>\n<p>La presente informativa si applica ai dati personali volontariamente conferiti dall\u2019utente al momento della compilazione dei form per le richieste di contatto, di dimostrazioni di prodotto, di iscrizione alle newsletters commerciali e di download di documentazione marketing.<\/p>\n<p>La informiamo che i dati da lei impostati verranno utilizzati per la creazione di una e-mail che eventualmente potr\u00e0 essere conservata all\u2019interno del sistema di ricezione utilizzato dal titolare del sito web.<\/p>\n<h3>1. Finalit\u00e0 del trattamento dei dati personali<\/h3>\n<p>I suoi dati personali saranno trattati da M.A.I.O.R. s.r.l., Titolare del trattamento, al solo scopo di poter evadere le richieste oggetto nel messaggio da lei inviato.<\/p>\n<h3>2. Natura dei dati trattati, modalit\u00e0 del trattamento e periodo di conservazione<\/h3>\n<p>I dati trattati saranno esclusivamente quelli da lei conferiti all\u2019atto della compilazione dei suddetti form e saranno conservati solo il tempo necessario per garantirle un corretto e completo riscontro (salvo diversi obblighi di legge).<\/p>\n<h3>3. Facoltativit\u00e0 del conferimento dei dati<\/h3>\n<p>Il conferimento dei dati \u00e8 facoltativo. Tuttavia, il rifiuto determiner\u00e0 l\u2019impossibilit\u00e0 per M.A.I.O.R. srl di procedere a finalizzare la richiesta. Qualora decida di fornirci i suoi dati, la informiamo che questi saranno trattati da personale autorizzato dal Titolare del trattamento. In nessun caso saranno diffusi, ma potranno essere comunicati a terzi soggetti che svolgono, per conto del Titolare stesso, specifici servizi volti a garantirle il corretto perseguimento delle citate finalit\u00e0.<\/p>\n<h3>4. Titolare del trattamento<\/h3>\n<p>Titolare del trattamento \u00e8 M.A.I.O.R. s.r.l., con sede legale in Via S. Donato, 512 \u2013 55100 LUCCA.<\/p>\n<h3>5. Diritti dell&#8217;interessato<\/h3>\n<p>Le ricordiamo infine che, ai sensi articoli da 15 a 21 del Regolamento, lei ha diritto di ottenere la conferma dell\u2019esistenza o meno di dati che la riguardano, di ottenere l\u2019indicazione dell\u2019origine, delle finalit\u00e0 e delle modalit\u00e0 del trattamento, l\u2019aggiornamento, la rettifica, l\u2019integrazione dei dati nonch\u00e9 la loro cancellazione. Lei ha, altres\u00ec, il diritto di presentare reclamo ad un&#8217;autorit\u00e0 di controllo qualora ritenga che i diritti qui indicati non le siano stati riconosciuti.<\/p>\n<p>Per esercitare tali diritti pu\u00f2 rivolgersi al Titolare del trattamento scrivendo a M.A.I.O.R. s.r.l., con sede legale in Via S. Donato, 512 \u2013 55100 LUCCA, inviando una e-mail all\u2019indirizzo <a href=\"mailto:maior@maior.it\">privacy@maior.it<\/a> oppure contattandoci\u00a0<a href=\"http:\/\/www.maior.it\/azienda\/contattaci\">QUI.<\/a>[\/vc_column_text][vc_empty_space][\/vc_column][\/vc_row][vc_row el_id=&#8221;cookie&#8221; css=&#8221;.vc_custom_1712151594702{margin-top: 30px !important;margin-bottom: 30px !important;}&#8221; visibility=&#8221;hidden&#8221;][vc_column][\/vc_column][\/vc_row]\n<\/section>","protected":false},"excerpt":{"rendered":"<p>[vc_row css=&#8221;.vc_custom_1643202453415{margin-top: 40px !important;}&#8221;][vc_column][vc_column_text] Informativa Privacy per finalit\u00e0 commerciali e di marketing Ultimo aggiornamento: 30.04.2024 &nbsp; In osservanza dell\u2019art. 13 del Regolamento (UE) 2016\/679 del Parlamento europeo e del Consiglio, recante disposizioni per la protezione delle persone fisiche con riguardo al trattamento dei dati personali, nonch\u00e9 alla libera circolazione di tali dati e che abroga&hellip;<\/p>\n","protected":false},"author":1,"featured_media":0,"parent":0,"menu_order":0,"comment_status":"closed","ping_status":"open","template":"","meta":{"_acf_changed":false,"inline_featured_image":false,"footnotes":""},"class_list":["post-4257","page","type-page","status-publish","hentry","entry","no-media"],"acf":[],"yoast_head":"<!-- This site is optimized with the Yoast SEO plugin v27.5 - https:\/\/yoast.com\/product\/yoast-seo-wordpress\/ -->\n<title>Privacy commerciale e marketing - MAIOR<\/title>\n<meta name=\"description\" content=\"Consulta la nostra Politica sulla Privacy e sui Cookie su MAIOR per comprendere come trattiamo i tuoi dati e utilizziamo i cookie.\" \/>\n<meta name=\"robots\" content=\"index, follow, max-snippet:-1, max-image-preview:large, max-video-preview:-1\" \/>\n<link rel=\"canonical\" href=\"https:\/\/www.maior.it\/it\/privacy-policy\/\" \/>\n<meta property=\"og:locale\" content=\"it_IT\" \/>\n<meta property=\"og:type\" content=\"article\" \/>\n<meta property=\"og:title\" content=\"Privacy commerciale e marketing - MAIOR\" \/>\n<meta property=\"og:description\" content=\"Consulta la nostra Politica sulla Privacy e sui Cookie su MAIOR per comprendere come trattiamo i tuoi dati e utilizziamo i cookie.\" \/>\n<meta property=\"og:url\" content=\"https:\/\/www.maior.it\/it\/privacy-policy\/\" \/>\n<meta property=\"og:site_name\" content=\"MAIOR\" \/>\n<meta property=\"article:modified_time\" content=\"2025-02-17T13:50:11+00:00\" \/>\n<meta name=\"twitter:card\" content=\"summary_large_image\" \/>\n<meta name=\"twitter:label1\" content=\"Tempo di lettura stimato\" \/>\n\t<meta name=\"twitter:data1\" content=\"2 minuti\" \/>\n<script type=\"application\/ld+json\" class=\"yoast-schema-graph\">{\"@context\":\"https:\\\/\\\/schema.org\",\"@graph\":[{\"@type\":\"WebPage\",\"@id\":\"https:\\\/\\\/www.maior.it\\\/it\\\/privacy-policy\\\/\",\"url\":\"https:\\\/\\\/www.maior.it\\\/it\\\/privacy-policy\\\/\",\"name\":\"Privacy commerciale e marketing - MAIOR\",\"isPartOf\":{\"@id\":\"https:\\\/\\\/www.maior.it\\\/#website\"},\"datePublished\":\"2021-08-24T12:50:27+00:00\",\"dateModified\":\"2025-02-17T13:50:11+00:00\",\"description\":\"Consulta la nostra Politica sulla Privacy e sui Cookie su MAIOR per comprendere come trattiamo i tuoi dati e utilizziamo i cookie.\",\"breadcrumb\":{\"@id\":\"https:\\\/\\\/www.maior.it\\\/it\\\/privacy-policy\\\/#breadcrumb\"},\"inLanguage\":\"it-IT\",\"potentialAction\":[{\"@type\":\"ReadAction\",\"target\":[\"https:\\\/\\\/www.maior.it\\\/it\\\/privacy-policy\\\/\"]}]},{\"@type\":\"BreadcrumbList\",\"@id\":\"https:\\\/\\\/www.maior.it\\\/it\\\/privacy-policy\\\/#breadcrumb\",\"itemListElement\":[{\"@type\":\"ListItem\",\"position\":1,\"name\":\"Home\",\"item\":\"https:\\\/\\\/www.maior.it\\\/it\\\/\"},{\"@type\":\"ListItem\",\"position\":2,\"name\":\"Privacy commerciale e marketing\"}]},{\"@type\":\"WebSite\",\"@id\":\"https:\\\/\\\/www.maior.it\\\/#website\",\"url\":\"https:\\\/\\\/www.maior.it\\\/\",\"name\":\"MAIOR\",\"description\":\"\",\"publisher\":{\"@id\":\"https:\\\/\\\/www.maior.it\\\/#organization\"},\"potentialAction\":[{\"@type\":\"SearchAction\",\"target\":{\"@type\":\"EntryPoint\",\"urlTemplate\":\"https:\\\/\\\/www.maior.it\\\/?s={search_term_string}\"},\"query-input\":{\"@type\":\"PropertyValueSpecification\",\"valueRequired\":true,\"valueName\":\"search_term_string\"}}],\"inLanguage\":\"it-IT\"},{\"@type\":\"Organization\",\"@id\":\"https:\\\/\\\/www.maior.it\\\/#organization\",\"name\":\"MAIOR\",\"url\":\"https:\\\/\\\/www.maior.it\\\/\",\"logo\":{\"@type\":\"ImageObject\",\"inLanguage\":\"it-IT\",\"@id\":\"https:\\\/\\\/www.maior.it\\\/#\\\/schema\\\/logo\\\/image\\\/\",\"url\":\"https:\\\/\\\/www.maior.it\\\/wp-content\\\/uploads\\\/2023\\\/08\\\/maior-favicon.jpg\",\"contentUrl\":\"https:\\\/\\\/www.maior.it\\\/wp-content\\\/uploads\\\/2023\\\/08\\\/maior-favicon.jpg\",\"width\":48,\"height\":48,\"caption\":\"MAIOR\"},\"image\":{\"@id\":\"https:\\\/\\\/www.maior.it\\\/#\\\/schema\\\/logo\\\/image\\\/\"},\"sameAs\":[\"https:\\\/\\\/www.instagram.com\\\/maior.it\",\"https:\\\/\\\/www.linkedin.com\\\/company\\\/m-a-i-o-r-\\\/\"]}]}<\/script>\n<!-- \/ Yoast SEO plugin. -->","yoast_head_json":{"title":"Privacy commerciale e marketing - MAIOR","description":"Consulta la nostra Politica sulla Privacy e sui Cookie su MAIOR per comprendere come trattiamo i tuoi dati e utilizziamo i cookie.","robots":{"index":"index","follow":"follow","max-snippet":"max-snippet:-1","max-image-preview":"max-image-preview:large","max-video-preview":"max-video-preview:-1"},"canonical":"https:\/\/www.maior.it\/it\/privacy-policy\/","og_locale":"it_IT","og_type":"article","og_title":"Privacy commerciale e marketing - MAIOR","og_description":"Consulta la nostra Politica sulla Privacy e sui Cookie su MAIOR per comprendere come trattiamo i tuoi dati e utilizziamo i cookie.","og_url":"https:\/\/www.maior.it\/it\/privacy-policy\/","og_site_name":"MAIOR","article_modified_time":"2025-02-17T13:50:11+00:00","twitter_card":"summary_large_image","twitter_misc":{"Tempo di lettura stimato":"2 minuti"},"schema":{"@context":"https:\/\/schema.org","@graph":[{"@type":"WebPage","@id":"https:\/\/www.maior.it\/it\/privacy-policy\/","url":"https:\/\/www.maior.it\/it\/privacy-policy\/","name":"Privacy commerciale e marketing - MAIOR","isPartOf":{"@id":"https:\/\/www.maior.it\/#website"},"datePublished":"2021-08-24T12:50:27+00:00","dateModified":"2025-02-17T13:50:11+00:00","description":"Consulta la nostra Politica sulla Privacy e sui Cookie su MAIOR per comprendere come trattiamo i tuoi dati e utilizziamo i cookie.","breadcrumb":{"@id":"https:\/\/www.maior.it\/it\/privacy-policy\/#breadcrumb"},"inLanguage":"it-IT","potentialAction":[{"@type":"ReadAction","target":["https:\/\/www.maior.it\/it\/privacy-policy\/"]}]},{"@type":"BreadcrumbList","@id":"https:\/\/www.maior.it\/it\/privacy-policy\/#breadcrumb","itemListElement":[{"@type":"ListItem","position":1,"name":"Home","item":"https:\/\/www.maior.it\/it\/"},{"@type":"ListItem","position":2,"name":"Privacy commerciale e marketing"}]},{"@type":"WebSite","@id":"https:\/\/www.maior.it\/#website","url":"https:\/\/www.maior.it\/","name":"MAIOR","description":"","publisher":{"@id":"https:\/\/www.maior.it\/#organization"},"potentialAction":[{"@type":"SearchAction","target":{"@type":"EntryPoint","urlTemplate":"https:\/\/www.maior.it\/?s={search_term_string}"},"query-input":{"@type":"PropertyValueSpecification","valueRequired":true,"valueName":"search_term_string"}}],"inLanguage":"it-IT"},{"@type":"Organization","@id":"https:\/\/www.maior.it\/#organization","name":"MAIOR","url":"https:\/\/www.maior.it\/","logo":{"@type":"ImageObject","inLanguage":"it-IT","@id":"https:\/\/www.maior.it\/#\/schema\/logo\/image\/","url":"https:\/\/www.maior.it\/wp-content\/uploads\/2023\/08\/maior-favicon.jpg","contentUrl":"https:\/\/www.maior.it\/wp-content\/uploads\/2023\/08\/maior-favicon.jpg","width":48,"height":48,"caption":"MAIOR"},"image":{"@id":"https:\/\/www.maior.it\/#\/schema\/logo\/image\/"},"sameAs":["https:\/\/www.instagram.com\/maior.it","https:\/\/www.linkedin.com\/company\/m-a-i-o-r-\/"]}]}},"_links":{"self":[{"href":"https:\/\/www.maior.it\/it\/wp-json\/wp\/v2\/pages\/4257","targetHints":{"allow":["GET"]}}],"collection":[{"href":"https:\/\/www.maior.it\/it\/wp-json\/wp\/v2\/pages"}],"about":[{"href":"https:\/\/www.maior.it\/it\/wp-json\/wp\/v2\/types\/page"}],"author":[{"embeddable":true,"href":"https:\/\/www.maior.it\/it\/wp-json\/wp\/v2\/users\/1"}],"replies":[{"embeddable":true,"href":"https:\/\/www.maior.it\/it\/wp-json\/wp\/v2\/comments?post=4257"}],"version-history":[{"count":12,"href":"https:\/\/www.maior.it\/it\/wp-json\/wp\/v2\/pages\/4257\/revisions"}],"predecessor-version":[{"id":9529,"href":"https:\/\/www.maior.it\/it\/wp-json\/wp\/v2\/pages\/4257\/revisions\/9529"}],"wp:attachment":[{"href":"https:\/\/www.maior.it\/it\/wp-json\/wp\/v2\/media?parent=4257"}],"curies":[{"name":"wp","href":"https:\/\/api.w.org\/{rel}","templated":true}]}}