{"id":28420,"date":"2025-06-26T13:33:17","date_gmt":"2025-06-26T11:33:17","guid":{"rendered":"https:\/\/www.maior.it\/?page_id=28420"},"modified":"2026-03-25T11:52:45","modified_gmt":"2026-03-25T10:52:45","slug":"accessibilita","status":"publish","type":"page","link":"https:\/\/www.maior.it\/it\/accessibilita\/","title":{"rendered":"Accessibilit\u00e0"},"content":{"rendered":"<section class=\"wpb-content-wrapper\">[vc_row el_class=&#8221;breadcrumb margin_top_30&#8243;][vc_column]<nav class=\"vcex-breadcrumbs vcex-breadcrumbs--links-inherit-color center_desktop\" style=\"--vcex-breadcrumbs-sep-color:#b9d6f4;font-size:14px;font-family:&#039;Inter&#039;,sans-serif;line-height:140%;\"><span><span><a href=\"https:\/\/www.maior.it\/it\/\">Home<\/a><\/span><\/span><\/nav>[\/vc_column][\/vc_row][vc_row full_width=&#8221;stretch_row_content_no_spaces&#8221; el_class=&#8221;margin_top_50 references_riga1&#8243; visibility=&#8221;visible-desktop&#8221;][vc_column width=&#8221;1\/2&#8243; el_class=&#8221;references_riga1_col1&#8243;][vc_single_image image=&#8221;28151&#8243;][\/vc_column][vc_column width=&#8221;1\/2&#8243; el_class=&#8221;references_riga1_col2&#8243;][vc_column_text]\n<h3>Accessibilit\u00e0 Digitale secondo MAIOR<\/h3>\n[\/vc_column_text][vc_empty_space height=&#8221;15px&#8221;][vc_column_text]Un mondo veramente connesso \u00e8 un mondo accessibile a tutti.<\/p>\n<p>Navigare su un sito web, usare un\u2019app, leggere contenuti online: sono azioni quotidiane che molti danno per scontate.<br \/>\nMa per alcune persone non \u00e8 cos\u00ec semplice.<\/p>\n<p>\u00c8 per questo che in MAIOR crediamo che l\u2019accessibilit\u00e0 digitale non sia un extra, ma una necessit\u00e0.<br \/>\nTutti, indipendentemente dalle abilit\u00e0 fisiche, sensoriali o cognitive, devono poter vivere un\u2019esperienza digitale completa, inclusiva e rispettosa.[\/vc_column_text][vc_empty_space][vc_column_text]\n<h3>Il nostro impegno concreto<\/h3>\n[\/vc_column_text][vc_empty_space height=&#8221;15px&#8221;][vc_column_text]Lavoriamo con impegno per garantire che tutti i nostri strumenti digitali siano facili da usare, seguendo gli standard internazionali indicati nelle Web Content Accessibility Guidelines (WCAG) 2.1.<\/p>\n<p>Questo significa che testi, pulsanti, menu, colori e funzionalit\u00e0 sono progettati per essere chiari e utilizzabili da tutti, anche da chi fa affidamento su tecnologie assistive o ha difficolt\u00e0 visive, cognitive o motorie.[\/vc_column_text][\/vc_column][\/vc_row][vc_row el_class=&#8221;margin_top_50&#8243; visibility=&#8221;visible-phone&#8221; el_id=&#8221;mobile&#8221;][vc_column el_class=&#8221;references_riga1_col1&#8243;][vc_column_text]\n<h3>Accessibilit\u00e0 Digitale secondo MAIOR<\/h3>\n[\/vc_column_text][\/vc_column][\/vc_row][vc_row full_width=&#8221;stretch_row_content_no_spaces&#8221; visibility=&#8221;visible-phone&#8221; css=&#8221;.vc_custom_1750940901279{margin-top: 30px !important;}&#8221; el_id=&#8221;mobile&#8221;][vc_column el_class=&#8221;references_riga1_col1&#8243;][vc_single_image image=&#8221;28151&#8243;][\/vc_column][\/vc_row][vc_row el_class=&#8221;margin_top_50&#8243; visibility=&#8221;visible-phone&#8221; el_id=&#8221;mobile&#8221;][vc_column el_class=&#8221;references_riga1_col1&#8243;][vc_column_text]Un mondo davvero connesso \u00e8 un mondo accessibile a tutti.<\/p>\n<p>Navigare su un sito web, utilizzare un\u2019app, leggere contenuti online: sono azioni quotidiane che molti danno per scontate.<br \/>\nMa per alcune persone non sono cos\u00ec semplici.<\/p>\n<p>Ecco perch\u00e9 in MAIOR crediamo che l\u2019accessibilit\u00e0 digitale non sia un optional, ma una necessit\u00e0.<br \/>\nTutti, indipendentemente dalle capacit\u00e0 fisiche, sensoriali o cognitive, dovrebbero poter vivere un\u2019esperienza digitale completa, inclusiva e rispettosa.[\/vc_column_text][vc_empty_space height=&#8221;15px&#8221;][vc_column_text]\n<h3>Il nostro impegno concreto<\/h3>\n[\/vc_column_text][vc_empty_space height=&#8221;15px&#8221;][vc_column_text]Ci impegniamo a garantire che tutti i nostri strumenti digitali siano facili da usare, seguendo gli standard internazionali stabiliti dalle Web Content Accessibility Guidelines (WCAG) 2.1.<\/p>\n<p>Questo significa che testi, pulsanti, menu, colori e funzionalit\u00e0 sono progettati per essere comprensibili e utilizzabili da tutti, anche da chi utilizza tecnologie assistive o affronta difficolt\u00e0 visive, cognitive o motorie.[\/vc_column_text][\/vc_column][\/vc_row][vc_row][vc_column width=&#8221;1\/4&#8243;][\/vc_column][vc_column width=&#8221;1\/2&#8243;][vc_empty_space][vc_separator][vc_empty_space][vc_column_text]\n<h4>Accessibilit\u00e0 pratica<\/h4>\n[\/vc_column_text][vc_empty_space][\/vc_column][vc_column width=&#8221;1\/4&#8243;][\/vc_column][\/vc_row][vc_row el_class=&#8221;Aftersale_riga_blocchi webinar_riga_blocchi&#8221;][vc_column width=&#8221;1\/3&#8243;][vc_row_inner el_class=&#8221;Aftersale_riga_blocchi_box2&#8243;][vc_column_inner][vc_column_text]Ci impegniamo a rendere i nostri siti web sempre pi\u00f9 accessibili.<br \/>\nAbbiamo introdotto un assistente digitale che supporta gli utenti nella navigazione.[\/vc_column_text][\/vc_column_inner][\/vc_row_inner][\/vc_column][vc_column width=&#8221;1\/3&#8243;][vc_row_inner el_class=&#8221;Aftersale_riga_blocchi_box2&#8243;][vc_column_inner][vc_column_text]Monitoriamo costantemente le nostre piattaforme digitali e collaboriamo con esperti per risolvere eventuali criticit\u00e0 e migliorare l\u2019accessibilit\u00e0.<\/p>\n[\/vc_column_text][\/vc_column_inner][\/vc_row_inner][\/vc_column][vc_column width=&#8221;1\/3&#8243;][vc_row_inner el_class=&#8221;Aftersale_riga_blocchi_box2&#8243;][vc_column_inner][vc_column_text]MAIOR pubblica e aggiorna regolarmente la propria <a href=\"https:\/\/www.maior.it\/wp-content\/uploads\/2026\/03\/20260325-MAIOR-Dichiarazione-di-accessibilita\u0300.pdf\" target=\"_blank\" rel=\"noopener\">Dichiarazione di Accessibilit\u00e0<\/a>, un documento che illustra l\u2019impegno dell\u2019azienda nel garantire un\u2019esperienza digitale inclusiva.[\/vc_column_text][\/vc_column_inner][\/vc_row_inner][\/vc_column][\/vc_row][vc_row visibility=&#8221;visible-desktop&#8221;][vc_column][vc_empty_space][vc_row_inner el_class=&#8221;Aftersale_riga_blocchi_box2&#8243;][vc_column_inner][vc_column_text text_align=&#8221;center&#8221;]Se noti problemi di accessibilit\u00e0, faccelo sapere. Il tuo feedback ci aiuta a migliorare i nostri servizi per tutti.<br \/>\n<a href=\"https:\/\/www.maior.it\/it\/contatti\/contattaci\/\">Scrivici<\/a> indicando la pagina, una descrizione del problema, il dispositivo\/browser utilizzato e, se presenti, eventuali tecnologie assistive impiegate.[\/vc_column_text][\/vc_column_inner][\/vc_row_inner][vc_empty_space][\/vc_column][\/vc_row][vc_row el_id=&#8221;mobile&#8221; visibility=&#8221;visible-phone&#8221;][vc_column][vc_empty_space][vc_column_text]Se noti problemi di accessibilit\u00e0, faccelo sapere. Il tuo feedback ci aiuta a migliorare i nostri servizi per tutti.<br \/>\n<a href=\"https:\/\/www.maior.it\/it\/contatti\/contattaci\/\">Scrivici<\/a> indicando la pagina, una descrizione del problema, il dispositivo\/browser utilizzato e, se presenti, eventuali tecnologie assistive impiegate.[\/vc_column_text][vc_empty_space][\/vc_column][\/vc_row]\n<\/section>","protected":false},"excerpt":{"rendered":"<p>[vc_row el_class=&#8221;breadcrumb margin_top_30&#8243;][vc_column][\/vc_column][\/vc_row][vc_row full_width=&#8221;stretch_row_content_no_spaces&#8221; el_class=&#8221;margin_top_50 references_riga1&#8243; visibility=&#8221;visible-desktop&#8221;][vc_column width=&#8221;1\/2&#8243; el_class=&#8221;references_riga1_col1&#8243;][vc_single_image image=&#8221;28151&#8243;][\/vc_column][vc_column width=&#8221;1\/2&#8243; el_class=&#8221;references_riga1_col2&#8243;][vc_column_text] Accessibilit\u00e0 Digitale secondo MAIOR [\/vc_column_text][vc_empty_space height=&#8221;15px&#8221;][vc_column_text]Un mondo veramente connesso \u00e8 un mondo accessibile a tutti. Navigare su un sito web, usare un\u2019app, leggere contenuti online: sono azioni quotidiane che molti danno per scontate. Ma per alcune persone non \u00e8 cos\u00ec semplice. \u00c8 per&hellip;<\/p>\n","protected":false},"author":2,"featured_media":0,"parent":0,"menu_order":0,"comment_status":"closed","ping_status":"closed","template":"","meta":{"_acf_changed":false,"inline_featured_image":false,"footnotes":""},"class_list":["post-28420","page","type-page","status-publish","hentry","entry","no-media"],"acf":[],"yoast_head":"<!-- This site is optimized with the Yoast SEO plugin v27.1.1 - https:\/\/yoast.com\/product\/yoast-seo-wordpress\/ -->\n<title>Accessibilit\u00e0 - MAIOR<\/title>\n<meta name=\"description\" content=\"Un mondo davvero connesso \u00e8 un mondo accessibile a tutti.Navigare su un sito web, utilizzare un\u2019app, leggere contenuti online: sono azioni quotidiane che molti danno per scontate.Ma per alcune persone non sono cos\u00ec semplici.Ecco perch\u00e9 in MAIOR crediamo che l\u2019accessibilit\u00e0 digitale non sia un optional, ma una necessit\u00e0.Tutti, indipendentemente dalle capacit\u00e0 fisiche, sensoriali o cognitive, dovrebbero poter vivere un\u2019esperienza digitale completa, inclusiva e rispettosa.\" \/>\n<meta name=\"robots\" content=\"index, follow, max-snippet:-1, max-image-preview:large, max-video-preview:-1\" \/>\n<link rel=\"canonical\" href=\"https:\/\/www.maior.it\/it\/accessibilita\/\" \/>\n<meta property=\"og:locale\" content=\"it_IT\" \/>\n<meta property=\"og:type\" content=\"article\" \/>\n<meta property=\"og:title\" content=\"Accessibilit\u00e0 - MAIOR\" \/>\n<meta property=\"og:description\" content=\"Un mondo davvero connesso \u00e8 un mondo accessibile a tutti.Navigare su un sito web, utilizzare un\u2019app, leggere contenuti online: sono azioni quotidiane che molti danno per scontate.Ma per alcune persone non sono cos\u00ec semplici.Ecco perch\u00e9 in MAIOR crediamo che l\u2019accessibilit\u00e0 digitale non sia un optional, ma una necessit\u00e0.Tutti, indipendentemente dalle capacit\u00e0 fisiche, sensoriali o cognitive, dovrebbero poter vivere un\u2019esperienza digitale completa, inclusiva e rispettosa.\" \/>\n<meta property=\"og:url\" content=\"https:\/\/www.maior.it\/it\/accessibilita\/\" \/>\n<meta property=\"og:site_name\" content=\"MAIOR\" \/>\n<meta property=\"article:modified_time\" content=\"2026-03-25T10:52:45+00:00\" \/>\n<meta name=\"twitter:card\" content=\"summary_large_image\" \/>\n<meta name=\"twitter:label1\" content=\"Tempo di lettura stimato\" \/>\n\t<meta name=\"twitter:data1\" content=\"3 minuti\" \/>\n<script type=\"application\/ld+json\" class=\"yoast-schema-graph\">{\"@context\":\"https:\/\/schema.org\",\"@graph\":[{\"@type\":\"WebPage\",\"@id\":\"https:\/\/www.maior.it\/it\/accessibilita\/\",\"url\":\"https:\/\/www.maior.it\/it\/accessibilita\/\",\"name\":\"Accessibilit\u00e0 - MAIOR\",\"isPartOf\":{\"@id\":\"https:\/\/www.maior.it\/#website\"},\"datePublished\":\"2025-06-26T11:33:17+00:00\",\"dateModified\":\"2026-03-25T10:52:45+00:00\",\"description\":\"Un mondo davvero connesso \u00e8 un mondo accessibile a tutti.Navigare su un sito web, utilizzare un\u2019app, leggere contenuti online: sono azioni quotidiane che molti danno per scontate.Ma per alcune persone non sono cos\u00ec semplici.Ecco perch\u00e9 in MAIOR crediamo che l\u2019accessibilit\u00e0 digitale non sia un optional, ma una necessit\u00e0.Tutti, indipendentemente dalle capacit\u00e0 fisiche, sensoriali o cognitive, dovrebbero poter vivere un\u2019esperienza digitale completa, inclusiva e rispettosa.\",\"breadcrumb\":{\"@id\":\"https:\/\/www.maior.it\/it\/accessibilita\/#breadcrumb\"},\"inLanguage\":\"it-IT\",\"potentialAction\":[{\"@type\":\"ReadAction\",\"target\":[\"https:\/\/www.maior.it\/it\/accessibilita\/\"]}]},{\"@type\":\"BreadcrumbList\",\"@id\":\"https:\/\/www.maior.it\/it\/accessibilita\/#breadcrumb\",\"itemListElement\":[{\"@type\":\"ListItem\",\"position\":1,\"name\":\"Home\",\"item\":\"https:\/\/www.maior.it\/it\/\"},{\"@type\":\"ListItem\",\"position\":2,\"name\":\"Accessibilit\u00e0\"}]},{\"@type\":\"WebSite\",\"@id\":\"https:\/\/www.maior.it\/#website\",\"url\":\"https:\/\/www.maior.it\/\",\"name\":\"MAIOR\",\"description\":\"\",\"publisher\":{\"@id\":\"https:\/\/www.maior.it\/#organization\"},\"potentialAction\":[{\"@type\":\"SearchAction\",\"target\":{\"@type\":\"EntryPoint\",\"urlTemplate\":\"https:\/\/www.maior.it\/?s={search_term_string}\"},\"query-input\":{\"@type\":\"PropertyValueSpecification\",\"valueRequired\":true,\"valueName\":\"search_term_string\"}}],\"inLanguage\":\"it-IT\"},{\"@type\":\"Organization\",\"@id\":\"https:\/\/www.maior.it\/#organization\",\"name\":\"MAIOR\",\"url\":\"https:\/\/www.maior.it\/\",\"logo\":{\"@type\":\"ImageObject\",\"inLanguage\":\"it-IT\",\"@id\":\"https:\/\/www.maior.it\/#\/schema\/logo\/image\/\",\"url\":\"https:\/\/www.maior.it\/wp-content\/uploads\/2023\/08\/maior-favicon.jpg\",\"contentUrl\":\"https:\/\/www.maior.it\/wp-content\/uploads\/2023\/08\/maior-favicon.jpg\",\"width\":48,\"height\":48,\"caption\":\"MAIOR\"},\"image\":{\"@id\":\"https:\/\/www.maior.it\/#\/schema\/logo\/image\/\"},\"sameAs\":[\"https:\/\/www.instagram.com\/maior.it\",\"https:\/\/www.linkedin.com\/company\/m-a-i-o-r-\/\"]}]}<\/script>\n<!-- \/ Yoast SEO plugin. -->","yoast_head_json":{"title":"Accessibilit\u00e0 - MAIOR","description":"Un mondo davvero connesso \u00e8 un mondo accessibile a tutti.Navigare su un sito web, utilizzare un\u2019app, leggere contenuti online: sono azioni quotidiane che molti danno per scontate.Ma per alcune persone non sono cos\u00ec semplici.Ecco perch\u00e9 in MAIOR crediamo che l\u2019accessibilit\u00e0 digitale non sia un optional, ma una necessit\u00e0.Tutti, indipendentemente dalle capacit\u00e0 fisiche, sensoriali o cognitive, dovrebbero poter vivere un\u2019esperienza digitale completa, inclusiva e rispettosa.","robots":{"index":"index","follow":"follow","max-snippet":"max-snippet:-1","max-image-preview":"max-image-preview:large","max-video-preview":"max-video-preview:-1"},"canonical":"https:\/\/www.maior.it\/it\/accessibilita\/","og_locale":"it_IT","og_type":"article","og_title":"Accessibilit\u00e0 - MAIOR","og_description":"Un mondo davvero connesso \u00e8 un mondo accessibile a tutti.Navigare su un sito web, utilizzare un\u2019app, leggere contenuti online: sono azioni quotidiane che molti danno per scontate.Ma per alcune persone non sono cos\u00ec semplici.Ecco perch\u00e9 in MAIOR crediamo che l\u2019accessibilit\u00e0 digitale non sia un optional, ma una necessit\u00e0.Tutti, indipendentemente dalle capacit\u00e0 fisiche, sensoriali o cognitive, dovrebbero poter vivere un\u2019esperienza digitale completa, inclusiva e rispettosa.","og_url":"https:\/\/www.maior.it\/it\/accessibilita\/","og_site_name":"MAIOR","article_modified_time":"2026-03-25T10:52:45+00:00","twitter_card":"summary_large_image","twitter_misc":{"Tempo di lettura stimato":"3 minuti"},"schema":{"@context":"https:\/\/schema.org","@graph":[{"@type":"WebPage","@id":"https:\/\/www.maior.it\/it\/accessibilita\/","url":"https:\/\/www.maior.it\/it\/accessibilita\/","name":"Accessibilit\u00e0 - MAIOR","isPartOf":{"@id":"https:\/\/www.maior.it\/#website"},"datePublished":"2025-06-26T11:33:17+00:00","dateModified":"2026-03-25T10:52:45+00:00","description":"Un mondo davvero connesso \u00e8 un mondo accessibile a tutti.Navigare su un sito web, utilizzare un\u2019app, leggere contenuti online: sono azioni quotidiane che molti danno per scontate.Ma per alcune persone non sono cos\u00ec semplici.Ecco perch\u00e9 in MAIOR crediamo che l\u2019accessibilit\u00e0 digitale non sia un optional, ma una necessit\u00e0.Tutti, indipendentemente dalle capacit\u00e0 fisiche, sensoriali o cognitive, dovrebbero poter vivere un\u2019esperienza digitale completa, inclusiva e rispettosa.","breadcrumb":{"@id":"https:\/\/www.maior.it\/it\/accessibilita\/#breadcrumb"},"inLanguage":"it-IT","potentialAction":[{"@type":"ReadAction","target":["https:\/\/www.maior.it\/it\/accessibilita\/"]}]},{"@type":"BreadcrumbList","@id":"https:\/\/www.maior.it\/it\/accessibilita\/#breadcrumb","itemListElement":[{"@type":"ListItem","position":1,"name":"Home","item":"https:\/\/www.maior.it\/it\/"},{"@type":"ListItem","position":2,"name":"Accessibilit\u00e0"}]},{"@type":"WebSite","@id":"https:\/\/www.maior.it\/#website","url":"https:\/\/www.maior.it\/","name":"MAIOR","description":"","publisher":{"@id":"https:\/\/www.maior.it\/#organization"},"potentialAction":[{"@type":"SearchAction","target":{"@type":"EntryPoint","urlTemplate":"https:\/\/www.maior.it\/?s={search_term_string}"},"query-input":{"@type":"PropertyValueSpecification","valueRequired":true,"valueName":"search_term_string"}}],"inLanguage":"it-IT"},{"@type":"Organization","@id":"https:\/\/www.maior.it\/#organization","name":"MAIOR","url":"https:\/\/www.maior.it\/","logo":{"@type":"ImageObject","inLanguage":"it-IT","@id":"https:\/\/www.maior.it\/#\/schema\/logo\/image\/","url":"https:\/\/www.maior.it\/wp-content\/uploads\/2023\/08\/maior-favicon.jpg","contentUrl":"https:\/\/www.maior.it\/wp-content\/uploads\/2023\/08\/maior-favicon.jpg","width":48,"height":48,"caption":"MAIOR"},"image":{"@id":"https:\/\/www.maior.it\/#\/schema\/logo\/image\/"},"sameAs":["https:\/\/www.instagram.com\/maior.it","https:\/\/www.linkedin.com\/company\/m-a-i-o-r-\/"]}]}},"_links":{"self":[{"href":"https:\/\/www.maior.it\/it\/wp-json\/wp\/v2\/pages\/28420","targetHints":{"allow":["GET"]}}],"collection":[{"href":"https:\/\/www.maior.it\/it\/wp-json\/wp\/v2\/pages"}],"about":[{"href":"https:\/\/www.maior.it\/it\/wp-json\/wp\/v2\/types\/page"}],"author":[{"embeddable":true,"href":"https:\/\/www.maior.it\/it\/wp-json\/wp\/v2\/users\/2"}],"replies":[{"embeddable":true,"href":"https:\/\/www.maior.it\/it\/wp-json\/wp\/v2\/comments?post=28420"}],"version-history":[{"count":6,"href":"https:\/\/www.maior.it\/it\/wp-json\/wp\/v2\/pages\/28420\/revisions"}],"predecessor-version":[{"id":30489,"href":"https:\/\/www.maior.it\/it\/wp-json\/wp\/v2\/pages\/28420\/revisions\/30489"}],"wp:attachment":[{"href":"https:\/\/www.maior.it\/it\/wp-json\/wp\/v2\/media?parent=28420"}],"curies":[{"name":"wp","href":"https:\/\/api.w.org\/{rel}","templated":true}]}}