{"id":13388,"date":"2024-01-26T17:47:59","date_gmt":"2024-01-26T16:47:59","guid":{"rendered":"https:\/\/www.maior.it\/?page_id=13388"},"modified":"2025-02-17T14:52:01","modified_gmt":"2025-02-17T13:52:01","slug":"privacy-cv-it","status":"publish","type":"page","link":"https:\/\/www.maior.it\/it\/privacy-cv-it\/","title":{"rendered":"Privacy CV IT"},"content":{"rendered":"<section class=\"wpb-content-wrapper\">[vc_row css=&#8221;.vc_custom_1643202453415{margin-top: 40px !important;}&#8221;][vc_column][vc_column_text][\/vc_column_text][vc_column_text]\n<h2>Informativa Privacy Per Le Candidature<\/h2>\n<p>Ultimo aggiornamento 30.04.2024<\/p>\n<p>In osservanza dell\u2019art. 13 del Regolamento (UE) 2016\/679 del Parlamento europeo e del Consiglio, recante disposizioni per la protezione delle persone fisiche con riguardo al trattamento dei dati personali, nonch\u00e9 alla libera circolazione di tali dati e che abroga la direttiva 95\/46\/CE (di seguito \u201cRegolamento\u201d), le forniamo le seguenti informazioni.<\/p>\n<p><strong>1. Finalit\u00e0 del trattamento dei dati personali<\/strong><br \/>\nLa raccolta e il trattamento dei dati personali sono finalizzati esclusivamente allo svolgimento, da parte del Titolare, di attivit\u00e0 di ricerca, selezione e valutazione del personale ai fini di una possibile assunzione presso la propria struttura organizzativa.<\/p>\n<p><strong>2. Natura dei dati trattati, modalit\u00e0 del trattamento e periodo di conservazione<\/strong><br \/>\nIl trattamento sar\u00e0 svolto in forma automatizzata e manuale in base a criteri logici, compatibili e funzionali alle finalit\u00e0 per cui i dati sono stati raccolti, nel rispetto delle regole di riservatezza e di sicurezza previste dalla legge e dai regolamenti interni.<\/p>\n<p>La raccolta riguarda solo i dati personali c.d. comuni, compresa la propria fotografia a corredo del profilo professionale, che saranno oggetto di trattamento nei limiti strettamente pertinenti agli obblighi, ai compiti e alle finalit\u00e0 di cui al punto 1.<br \/>\nL\u2019interessato\/a pertanto non dovr\u00e0 comunicare dati personali qualificati come particolari. Nel caso in cui nel CV di cui il Titolare venga in possesso siano comunque contenuti anche tali dati appartenenti a particolari, M.A.I.O.R. S.r.l. tratter\u00e0 solo i dati rilevanti ai fini della valutazione dell\u2019attitudine professionale, nei limiti in cui l\u2019acquisizione di tali informazioni sia strettamente indispensabile all\u2019instaurazione del rapporto di collaborazione\/lavoro. In tal caso il Titolare si riserva il diritto di conservare nei propri archivi unicamente i profili che ritenesse interessanti.<\/p>\n<p>Nel rispetto dei principi di liceit\u00e0, limitazione delle finalit\u00e0 e minimizzazione dei dati, ai sensi dell\u2019art. 5 Regolamento 2016\/679, i Suoi dati personali saranno conservati per il periodo di tempo necessario per il conseguimento delle finalit\u00e0 per le quali sono raccolti e trattati. La Societ\u00e0 potr\u00e0 tuttavia conservare i dati anche successivamente, ove ritenga che continuino a sussistere ulteriori finalit\u00e0 e interessi di ricerca e selezione. In ogni caso, il trattamento dei dati cesser\u00e0 a seguito di richiesta di cancellazione da parte dell\u2019interessato\/a. La Societ\u00e0 si riserva di distruggere i CV o qualsiasi documento contenente dati personali giudicato non conforme con le finalit\u00e0 di cui al punto 1.<\/p>\n<p>Il processo decisionale relativo al trattamento dei dati forniti e\u0300 sostanzialmente automatizzato. Il trattamento dei dati con sistemi automatizzati potr\u00e0 essere in qualsiasi momento oggetto di richiesta di chiarimenti o contestazione da parte Sua.<\/p>\n<p><strong>3. Facoltativit\u00e0 del conferimento dei dati<\/strong><br \/>\nIl conferimento di dati alla nostra Societ\u00e0 \u00e8 facoltativo. Si fa presente, tuttavia, che la mancata comunicazione di tali dati comporter\u00e0 l\u2019impossibilit\u00e0, per la Societ\u00e0, di considerare la candidatura dell\u2019interessato nell\u2019ambito di una qualsiasi procedura di selezione e valutazione del personale.<\/p>\n<p><strong>4. Titolare del trattamento<\/strong><br \/>\nTitolare del trattamento \u00e8 M.A.I.O.R. s.r.l., con sede legale in Via S. Donato, 512 \u2013 55100 LUCCA.<\/p>\n<p><strong>5. Diritti dell&#8217;interessato<\/strong><br \/>\nLe ricordiamo infine che, ai sensi articoli da 15 a 21 del Regolamento, lei ha diritto di ottenere la conferma dell\u2019esistenza o meno di dati che la riguardano, di ottenere l\u2019indicazione dell\u2019origine, delle finalit\u00e0 e delle modalit\u00e0 del trattamento, l\u2019aggiornamento, la rettifica, l\u2019integrazione dei dati nonch\u00e9 la loro cancellazione. Lei ha, altres\u00ec, il diritto di presentare reclamo ad un&#8217;autorit\u00e0 di controllo qualora ritenga che i diritti qui indicati non le siano stati riconosciuti.<br \/>\nPer esercitare tali diritti pu\u00f2 rivolgersi al Titolare del trattamento scrivendo a M.A.I.O.R. s.r.l., con sede legale in Via S. Donato, 512 \u2013 55100 LUCCA, inviando una e-mail all\u2019indirizzo privacy@maior.it oppure contattandoci QUI.<\/p>\n<p><strong>6. Trasferimento dei dati personali<\/strong><br \/>\nI suoi dati potranno essere trasferiti alla Societ\u00e0 controllante con sede al di fuori della UE. Il Titolare assicura sin d\u2019ora che il trasferimento dei dati extra-UE avviene in conformit\u00e0 alle disposizioni di legge applicabili, previa stipula, ad esempio, delle clausole contrattuali standard previste dalla Commissione Europea.<br \/>\nNel caso in cui, successivamente alla lettura della presente Informativa, decida di revocare il consenso al trasferimento dei dati ai destinatari sopra citati, il Titolare non sar\u00e0 in grado di garantire il completamento del processo di selezione e valutazione.[\/vc_column_text][\/vc_column][\/vc_row][vc_row el_id=&#8221;cookie&#8221; css=&#8221;.vc_custom_1712151519744{margin-top: 30px !important;margin-bottom: 30px !important;}&#8221; visibility=&#8221;hidden&#8221;][vc_column][vc_raw_js]JTNDc2NyaXB0JTIwaWQlM0QlMjJDb29raWVEZWNsYXJhdGlvbiUyMiUyMHNyYyUzRCUyMmh0dHBzJTNBJTJGJTJGY29uc2VudC5jb29raWVib3QuY29tJTJGNmNjZTMzODAtZjc3Mi00ZDcwLThmYjYtNWRkNDcyYTAxYWQ0JTJGY2QuanMlMjIlMjB0eXBlJTNEJTIydGV4dCUyRmphdmFzY3JpcHQlMjIlMjBhc3luYyUzRSUzQyUyRnNjcmlwdCUzRQ==[\/vc_raw_js][\/vc_column][\/vc_row][vc_row][vc_column][vc_column_text]\n[\/vc_column_text][\/vc_column][\/vc_row]\n<\/section>","protected":false},"excerpt":{"rendered":"<p>[vc_row css=&#8221;.vc_custom_1643202453415{margin-top: 40px !important;}&#8221;][vc_column][vc_column_text][\/vc_column_text][vc_column_text] Informativa Privacy Per Le Candidature Ultimo aggiornamento 30.04.2024 In osservanza dell\u2019art. 13 del Regolamento (UE) 2016\/679 del Parlamento europeo e del Consiglio, recante disposizioni per la protezione delle persone fisiche con riguardo al trattamento dei dati personali, nonch\u00e9 alla libera circolazione di tali dati e che abroga la direttiva 95\/46\/CE (di&hellip;<\/p>\n","protected":false},"author":2,"featured_media":0,"parent":0,"menu_order":0,"comment_status":"closed","ping_status":"closed","template":"","meta":{"_acf_changed":false,"inline_featured_image":false,"footnotes":""},"class_list":["post-13388","page","type-page","status-publish","hentry","entry","no-media"],"acf":[],"yoast_head":"<!-- This site is optimized with the Yoast SEO plugin v27.1.1 - https:\/\/yoast.com\/product\/yoast-seo-wordpress\/ -->\n<title>Privacy CV IT - MAIOR<\/title>\n<meta name=\"description\" content=\"Consulta la nostra Informativa sulla Privacy per dettagli sul trattamento dei tuoi dati personali e sulla conformit\u00e0 al GDPR.\" \/>\n<meta name=\"robots\" content=\"index, follow, max-snippet:-1, max-image-preview:large, max-video-preview:-1\" \/>\n<link rel=\"canonical\" href=\"https:\/\/www.maior.it\/it\/privacy-cv-it\/\" \/>\n<meta property=\"og:locale\" content=\"it_IT\" \/>\n<meta property=\"og:type\" content=\"article\" \/>\n<meta property=\"og:title\" content=\"Privacy CV IT - MAIOR\" \/>\n<meta property=\"og:description\" content=\"Consulta la nostra Informativa sulla Privacy per dettagli sul trattamento dei tuoi dati personali e sulla conformit\u00e0 al GDPR.\" \/>\n<meta property=\"og:url\" content=\"https:\/\/www.maior.it\/it\/privacy-cv-it\/\" \/>\n<meta property=\"og:site_name\" content=\"MAIOR\" \/>\n<meta property=\"article:modified_time\" content=\"2025-02-17T13:52:01+00:00\" \/>\n<meta name=\"twitter:card\" content=\"summary_large_image\" \/>\n<meta name=\"twitter:label1\" content=\"Tempo di lettura stimato\" \/>\n\t<meta name=\"twitter:data1\" content=\"4 minuti\" \/>\n<script type=\"application\/ld+json\" class=\"yoast-schema-graph\">{\"@context\":\"https:\/\/schema.org\",\"@graph\":[{\"@type\":\"WebPage\",\"@id\":\"https:\/\/www.maior.it\/it\/privacy-cv-it\/\",\"url\":\"https:\/\/www.maior.it\/it\/privacy-cv-it\/\",\"name\":\"Privacy CV IT - MAIOR\",\"isPartOf\":{\"@id\":\"https:\/\/www.maior.it\/#website\"},\"datePublished\":\"2024-01-26T16:47:59+00:00\",\"dateModified\":\"2025-02-17T13:52:01+00:00\",\"description\":\"Consulta la nostra Informativa sulla Privacy per dettagli sul trattamento dei tuoi dati personali e sulla conformit\u00e0 al GDPR.\",\"breadcrumb\":{\"@id\":\"https:\/\/www.maior.it\/it\/privacy-cv-it\/#breadcrumb\"},\"inLanguage\":\"it-IT\",\"potentialAction\":[{\"@type\":\"ReadAction\",\"target\":[\"https:\/\/www.maior.it\/it\/privacy-cv-it\/\"]}]},{\"@type\":\"BreadcrumbList\",\"@id\":\"https:\/\/www.maior.it\/it\/privacy-cv-it\/#breadcrumb\",\"itemListElement\":[{\"@type\":\"ListItem\",\"position\":1,\"name\":\"Home\",\"item\":\"https:\/\/www.maior.it\/it\/\"},{\"@type\":\"ListItem\",\"position\":2,\"name\":\"Privacy CV IT\"}]},{\"@type\":\"WebSite\",\"@id\":\"https:\/\/www.maior.it\/#website\",\"url\":\"https:\/\/www.maior.it\/\",\"name\":\"MAIOR\",\"description\":\"\",\"publisher\":{\"@id\":\"https:\/\/www.maior.it\/#organization\"},\"potentialAction\":[{\"@type\":\"SearchAction\",\"target\":{\"@type\":\"EntryPoint\",\"urlTemplate\":\"https:\/\/www.maior.it\/?s={search_term_string}\"},\"query-input\":{\"@type\":\"PropertyValueSpecification\",\"valueRequired\":true,\"valueName\":\"search_term_string\"}}],\"inLanguage\":\"it-IT\"},{\"@type\":\"Organization\",\"@id\":\"https:\/\/www.maior.it\/#organization\",\"name\":\"MAIOR\",\"url\":\"https:\/\/www.maior.it\/\",\"logo\":{\"@type\":\"ImageObject\",\"inLanguage\":\"it-IT\",\"@id\":\"https:\/\/www.maior.it\/#\/schema\/logo\/image\/\",\"url\":\"https:\/\/www.maior.it\/wp-content\/uploads\/2023\/08\/maior-favicon.jpg\",\"contentUrl\":\"https:\/\/www.maior.it\/wp-content\/uploads\/2023\/08\/maior-favicon.jpg\",\"width\":48,\"height\":48,\"caption\":\"MAIOR\"},\"image\":{\"@id\":\"https:\/\/www.maior.it\/#\/schema\/logo\/image\/\"},\"sameAs\":[\"https:\/\/www.instagram.com\/maior.it\",\"https:\/\/www.linkedin.com\/company\/m-a-i-o-r-\/\"]}]}<\/script>\n<!-- \/ Yoast SEO plugin. -->","yoast_head_json":{"title":"Privacy CV IT - MAIOR","description":"Consulta la nostra Informativa sulla Privacy per dettagli sul trattamento dei tuoi dati personali e sulla conformit\u00e0 al GDPR.","robots":{"index":"index","follow":"follow","max-snippet":"max-snippet:-1","max-image-preview":"max-image-preview:large","max-video-preview":"max-video-preview:-1"},"canonical":"https:\/\/www.maior.it\/it\/privacy-cv-it\/","og_locale":"it_IT","og_type":"article","og_title":"Privacy CV IT - MAIOR","og_description":"Consulta la nostra Informativa sulla Privacy per dettagli sul trattamento dei tuoi dati personali e sulla conformit\u00e0 al GDPR.","og_url":"https:\/\/www.maior.it\/it\/privacy-cv-it\/","og_site_name":"MAIOR","article_modified_time":"2025-02-17T13:52:01+00:00","twitter_card":"summary_large_image","twitter_misc":{"Tempo di lettura stimato":"4 minuti"},"schema":{"@context":"https:\/\/schema.org","@graph":[{"@type":"WebPage","@id":"https:\/\/www.maior.it\/it\/privacy-cv-it\/","url":"https:\/\/www.maior.it\/it\/privacy-cv-it\/","name":"Privacy CV IT - MAIOR","isPartOf":{"@id":"https:\/\/www.maior.it\/#website"},"datePublished":"2024-01-26T16:47:59+00:00","dateModified":"2025-02-17T13:52:01+00:00","description":"Consulta la nostra Informativa sulla Privacy per dettagli sul trattamento dei tuoi dati personali e sulla conformit\u00e0 al GDPR.","breadcrumb":{"@id":"https:\/\/www.maior.it\/it\/privacy-cv-it\/#breadcrumb"},"inLanguage":"it-IT","potentialAction":[{"@type":"ReadAction","target":["https:\/\/www.maior.it\/it\/privacy-cv-it\/"]}]},{"@type":"BreadcrumbList","@id":"https:\/\/www.maior.it\/it\/privacy-cv-it\/#breadcrumb","itemListElement":[{"@type":"ListItem","position":1,"name":"Home","item":"https:\/\/www.maior.it\/it\/"},{"@type":"ListItem","position":2,"name":"Privacy CV IT"}]},{"@type":"WebSite","@id":"https:\/\/www.maior.it\/#website","url":"https:\/\/www.maior.it\/","name":"MAIOR","description":"","publisher":{"@id":"https:\/\/www.maior.it\/#organization"},"potentialAction":[{"@type":"SearchAction","target":{"@type":"EntryPoint","urlTemplate":"https:\/\/www.maior.it\/?s={search_term_string}"},"query-input":{"@type":"PropertyValueSpecification","valueRequired":true,"valueName":"search_term_string"}}],"inLanguage":"it-IT"},{"@type":"Organization","@id":"https:\/\/www.maior.it\/#organization","name":"MAIOR","url":"https:\/\/www.maior.it\/","logo":{"@type":"ImageObject","inLanguage":"it-IT","@id":"https:\/\/www.maior.it\/#\/schema\/logo\/image\/","url":"https:\/\/www.maior.it\/wp-content\/uploads\/2023\/08\/maior-favicon.jpg","contentUrl":"https:\/\/www.maior.it\/wp-content\/uploads\/2023\/08\/maior-favicon.jpg","width":48,"height":48,"caption":"MAIOR"},"image":{"@id":"https:\/\/www.maior.it\/#\/schema\/logo\/image\/"},"sameAs":["https:\/\/www.instagram.com\/maior.it","https:\/\/www.linkedin.com\/company\/m-a-i-o-r-\/"]}]}},"_links":{"self":[{"href":"https:\/\/www.maior.it\/it\/wp-json\/wp\/v2\/pages\/13388","targetHints":{"allow":["GET"]}}],"collection":[{"href":"https:\/\/www.maior.it\/it\/wp-json\/wp\/v2\/pages"}],"about":[{"href":"https:\/\/www.maior.it\/it\/wp-json\/wp\/v2\/types\/page"}],"author":[{"embeddable":true,"href":"https:\/\/www.maior.it\/it\/wp-json\/wp\/v2\/users\/2"}],"replies":[{"embeddable":true,"href":"https:\/\/www.maior.it\/it\/wp-json\/wp\/v2\/comments?post=13388"}],"version-history":[{"count":5,"href":"https:\/\/www.maior.it\/it\/wp-json\/wp\/v2\/pages\/13388\/revisions"}],"predecessor-version":[{"id":20823,"href":"https:\/\/www.maior.it\/it\/wp-json\/wp\/v2\/pages\/13388\/revisions\/20823"}],"wp:attachment":[{"href":"https:\/\/www.maior.it\/it\/wp-json\/wp\/v2\/media?parent=13388"}],"curies":[{"name":"wp","href":"https:\/\/api.w.org\/{rel}","templated":true}]}}