{"id":4534,"date":"2023-07-17T08:43:24","date_gmt":"2023-07-17T06:43:24","guid":{"rendered":"https:\/\/www.maior.it\/?page_id=4534"},"modified":"2025-02-18T17:28:03","modified_gmt":"2025-02-18T16:28:03","slug":"contactanos","status":"publish","type":"page","link":"https:\/\/www.maior.it\/es\/contactanos\/contactanos\/","title":{"rendered":"Contactos"},"content":{"rendered":"<section class=\"wpb-content-wrapper\">[vc_row el_class=&#8221;breadcrumb margin_top_30&#8243;][vc_column]<nav class=\"vcex-breadcrumbs vcex-breadcrumbs--links-inherit-color vcex-breadcrumbs--custom-color center_desktop\" style=\"color:#b9d6f4;--vcex-breadcrumbs-sep-color:#b9d6f4;font-size:14px;font-family:&#039;Inter&#039;,sans-serif;line-height:140%;--wpex-link-text-decoration:underline;\"><span><span><a href=\"https:\/\/www.maior.it\/es\/\">Home<\/a><\/span><\/span><\/nav>[\/vc_column][\/vc_row][vc_row el_class=&#8221;margin_top_50&#8243;][vc_column][vc_column_text el_class=&#8221;center_desktop&#8221;]\n<h2>\u00bfTiene preguntas o necesita informaci\u00f3n?<\/h2>\n[\/vc_column_text][vc_column_text el_class=&#8221;center_desktop&#8221;]\n<h1>Cont\u00e1ctanos<\/h1>\n[\/vc_column_text][\/vc_column][\/vc_row][vc_row el_class=&#8221;margin_top_50&#8243;][vc_column]<div class=\"wpforms-container wpforms-container-full wpforms-render-modern\" id=\"wpforms-17686\"><form id=\"wpforms-form-17686\" class=\"wpforms-validate wpforms-form wpforms-ajax-form\" data-formid=\"17686\" method=\"post\" enctype=\"multipart\/form-data\" action=\"\/es\/wp-json\/wp\/v2\/pages\/4534\" data-token=\"faaebf3d6aecb222ebba88c1992512a6\" data-token-time=\"1777113480\"><noscript class=\"wpforms-error-noscript\">Por favor, activa JavaScript en tu navegador para completar este formulario.<\/noscript><div class=\"wpforms-hidden\" id=\"wpforms-error-noscript\">Por favor, activa JavaScript en tu navegador para completar este formulario.<\/div><div class=\"wpforms-field-container\"><div id=\"wpforms-17686-field_0-container\" class=\"wpforms-field wpforms-field-name wpforms-one-half wpforms-first\" data-field-id=\"0\"><fieldset><legend class=\"wpforms-field-label\">Nombre y Apellido <span class=\"wpforms-required-label\" aria-hidden=\"true\">*<\/span><\/legend><div class=\"wpforms-field-row wpforms-field-large\"><div class=\"wpforms-field-row-block wpforms-first wpforms-one-half\"><input type=\"text\" id=\"wpforms-17686-field_0\" class=\"wpforms-field-name-first wpforms-field-required\" name=\"wpforms[fields][0][first]\" placeholder=\"Nombre\" aria-errormessage=\"wpforms-17686-field_0-error\" required><label for=\"wpforms-17686-field_0\" class=\"wpforms-field-sublabel after wpforms-sublabel-hide\">Nombre<\/label><\/div><div class=\"wpforms-field-row-block wpforms-one-half\"><input type=\"text\" id=\"wpforms-17686-field_0-last\" class=\"wpforms-field-name-last wpforms-field-required\" name=\"wpforms[fields][0][last]\" placeholder=\"Apellido\" aria-errormessage=\"wpforms-17686-field_0-last-error\" required><label for=\"wpforms-17686-field_0-last\" class=\"wpforms-field-sublabel after wpforms-sublabel-hide\">Apellidos<\/label><\/div><\/div><\/fieldset><\/div><div id=\"wpforms-17686-field_1-container\" class=\"wpforms-field wpforms-field-email wpforms-one-half\" data-field-id=\"1\"><label class=\"wpforms-field-label\" for=\"wpforms-17686-field_1\">Correo electr\u00f3nico corporativo <span class=\"wpforms-required-label\" aria-hidden=\"true\">*<\/span><\/label><input type=\"email\" id=\"wpforms-17686-field_1\" class=\"wpforms-field-large wpforms-field-required\" name=\"wpforms[fields][1]\" placeholder=\"Correo electr\u00f3nico\" spellcheck=\"false\" aria-errormessage=\"wpforms-17686-field_1-error\" required><\/div><div id=\"wpforms-17686-field_3-container\" class=\"wpforms-field wpforms-field-text wpforms-one-half wpforms-first\" data-field-id=\"3\"><label class=\"wpforms-field-label\" for=\"wpforms-17686-field_3\">Empresa <span class=\"wpforms-required-label\" aria-hidden=\"true\">*<\/span><\/label><input type=\"text\" id=\"wpforms-17686-field_3\" class=\"wpforms-field-large wpforms-field-required\" name=\"wpforms[fields][3]\" placeholder=\"Empresa\" aria-errormessage=\"wpforms-17686-field_3-error\" required><\/div><div id=\"wpforms-17686-field_4-container\" class=\"wpforms-field wpforms-field-text wpforms-one-half\" data-field-id=\"4\"><label class=\"wpforms-field-label\" for=\"wpforms-17686-field_4\">Rol (opcional)<\/label><input type=\"text\" id=\"wpforms-17686-field_4\" class=\"wpforms-field-large\" name=\"wpforms[fields][4]\" placeholder=\"Rol\" aria-errormessage=\"wpforms-17686-field_4-error\" ><\/div><div id=\"wpforms-17686-field_5-container\" class=\"wpforms-field wpforms-field-text wpforms-one-half wpforms-first\" data-field-id=\"5\"><label class=\"wpforms-field-label\" for=\"wpforms-17686-field_5\">Pa\u00eds <span class=\"wpforms-required-label\" aria-hidden=\"true\">*<\/span><\/label><input type=\"text\" id=\"wpforms-17686-field_5\" class=\"wpforms-field-large wpforms-field-required\" name=\"wpforms[fields][5]\" placeholder=\"Pa\u00eds\" aria-errormessage=\"wpforms-17686-field_5-error\" required><\/div><div id=\"wpforms-17686-field_6-container\" class=\"wpforms-field wpforms-field-text wpforms-one-half\" data-field-id=\"6\"><label class=\"wpforms-field-label\" for=\"wpforms-17686-field_6\">Tel\u00e9fono (opcional)<\/label><input type=\"text\" id=\"wpforms-17686-field_6\" class=\"wpforms-field-large\" name=\"wpforms[fields][6]\" placeholder=\"N\u00f9mero\" aria-errormessage=\"wpforms-17686-field_6-error\" ><\/div><div id=\"wpforms-17686-field_2-container\" class=\"wpforms-field wpforms-field-textarea\" data-field-id=\"2\"><label class=\"wpforms-field-label\" for=\"wpforms-17686-field_2\">Mensaje (opcional)<\/label><textarea id=\"wpforms-17686-field_2\" class=\"wpforms-field-large\" name=\"wpforms[fields][2]\" placeholder=\"Mensaje\" aria-errormessage=\"wpforms-17686-field_2-error\" ><\/textarea><\/div><div id=\"wpforms-17686-field_8-container\" class=\"wpforms-field wpforms-field-gdpr-checkbox\" data-field-id=\"8\"><label class=\"wpforms-field-label\">GDPR Agreement <span class=\"wpforms-required-label\" aria-hidden=\"true\">*<\/span><\/label><ul id=\"wpforms-17686-field_8\" class=\"wpforms-field-required\"><li class=\"choice-1\"><input type=\"checkbox\" id=\"wpforms-17686-field_8_1\" name=\"wpforms[fields][8][]\" value=\"He le\u00eddo y aceptado la &lt;a target=&quot;_blank&quot; href=&quot;https:\/\/www.maior.it\/es\/privacy-e-cookie-policy\/&quot;&gt;pol\u00edtica de privacidad&lt;\/a&gt;\" aria-errormessage=\"wpforms-17686-field_8_1-error\" required ><label class=\"wpforms-field-label-inline\" for=\"wpforms-17686-field_8_1\">He le\u00eddo y aceptado la <a target=\"_blank\" href=\"https:\/\/www.maior.it\/es\/privacy-e-cookie-policy\/\">pol\u00edtica de privacidad<\/a><\/label><\/li><\/ul><\/div><\/div><!-- .wpforms-field-container --><div class=\"wpforms-recaptcha-container wpforms-is-recaptcha wpforms-is-recaptcha-type-v3\" ><input type=\"hidden\" name=\"wpforms[recaptcha]\" value=\"\"><\/div><div class=\"wpforms-submit-container\" ><input type=\"hidden\" name=\"wpforms[id]\" value=\"17686\"><input type=\"hidden\" name=\"page_title\" value=\"\"><input type=\"hidden\" name=\"page_url\" value=\"https:\/\/www.maior.it\/es\/wp-json\/wp\/v2\/pages\/4534\"><input type=\"hidden\" name=\"url_referer\" value=\"\"><button type=\"submit\" name=\"wpforms[submit]\" id=\"wpforms-submit-17686\" class=\"wpforms-submit\" data-alt-text=\"Estoy enviando...\" data-submit-text=\"Enviar\" aria-live=\"assertive\" value=\"wpforms-submit\">Enviar<\/button><img loading=\"lazy\" decoding=\"async\" src=\"https:\/\/www.maior.it\/wp-content\/plugins\/wpforms\/assets\/images\/submit-spin.svg\" class=\"wpforms-submit-spinner\" style=\"display: none;\" width=\"26\" height=\"26\" alt=\"Cargando\"><\/div><\/form><\/div>  <!-- .wpforms-container -->[\/vc_column][\/vc_row][vc_row full_width=&#8221;stretch_row&#8221; el_class=&#8221;margin_top_50 contacts_riga1_sedi&#8221; css=&#8221;.vc_custom_1690196624981{background-color: #f5f5f5 !important;}&#8221;][vc_column width=&#8221;1\/6&#8243;][\/vc_column][vc_column width=&#8221;2\/3&#8243;][vc_separator color=&#8221;custom&#8221; border_width=&#8221;6&#8243; el_width=&#8221;10&#8243; accent_color=&#8221;#003a69&#8243; el_class=&#8221;desktop&#8221;][vc_separator color=&#8221;custom&#8221; align=&#8221;align_left&#8221; border_width=&#8221;6&#8243; el_width=&#8221;20&#8243; accent_color=&#8221;#003a69&#8243; el_class=&#8221;mobile&#8221;][vc_column_text color=&#8221;#0071bb&#8221; font_size=&#8221;d:19px|pl:16px|pp:16px&#8221; font_family=&#8221;Montserrat&#8221; letter_spacing=&#8221;2.28px&#8221; font_weight=&#8221;600&#8243; text_transform=&#8221;uppercase&#8221; css=&#8221;.vc_custom_1696929239846{margin-top: 15px !important;}&#8221; el_class=&#8221;center_desktop&#8221;]\n<h4>NUESTRAS SEDES<\/h4>\n[\/vc_column_text][\/vc_column][vc_column width=&#8221;1\/6&#8243;][\/vc_column][\/vc_row][vc_row full_width=&#8221;stretch_row&#8221; el_class=&#8221;contacts_riga2_sedi&#8221; css=&#8221;.vc_custom_1690196619013{background-color: #f5f5f5 !important;}&#8221;][vc_column width=&#8221;1\/4&#8243;][vc_single_image image=&#8221;6118&#8243;][\/vc_column][vc_column width=&#8221;1\/4&#8243;][vc_column_text]\n<h3>Lucca<\/h3>\n[\/vc_column_text][vc_column_text css=&#8221;.vc_custom_1721642821076{margin-top: 5px !important;}&#8221;]\n<p class=\"indirizzomaps\">V\u00eda San Donato 512, 55100 Lucca<\/p>\n<p class=\"indirizzomaps\"><strong>Tel +<a href=\"tel:00390583419441\">39 0583 419441<\/a><\/strong><br \/>\n<strong>Fax +39 0583 318576<\/strong><\/p>\n[\/vc_column_text][\/vc_column][vc_column width=&#8221;1\/4&#8243; el_class=&#8221;margin_top_40_mobile&#8221;][vc_single_image image=&#8221;6121&#8243;][\/vc_column][vc_column width=&#8221;1\/4&#8243;][vc_column_text]\n<h3>Florencia<\/h3>\n[\/vc_column_text][vc_column_text css=&#8221;.vc_custom_1721642826052{margin-top: 5px !important;}&#8221;]\n<p class=\"indirizzomaps\">V\u00eda Atto Vannucci 7, 50134 Florencia<\/p>\n[\/vc_column_text][\/vc_column][\/vc_row][vc_row full_width=&#8221;stretch_row&#8221; el_class=&#8221;home_riga_transit buses_suite_riga_prenota&#8221; css=&#8221;.vc_custom_1694699034708{background-image: url(https:\/\/www.maior.it\/wp-content\/uploads\/2023\/09\/MAIOR-Agenda-una-demo.jpg?id=6712) !important;background-position: center !important;background-repeat: no-repeat !important;background-size: cover !important;}&#8221;][vc_column width=&#8221;2\/12&#8243;][\/vc_column][vc_column width=&#8221;8\/12&#8243; el_class=&#8221;buses_suite_riga_prenota_col2&#8243;][vc_column_text color=&#8221;#ffffff&#8221; font_size=&#8221;36px&#8221; font_family=&#8221;Montserrat&#8221; line_height=&#8221;140%&#8221; font_weight=&#8221;600&#8243; text_align=&#8221;center&#8221;]\n<h2>\u00bfQuieres probar la MAIOR Suite?<\/h2>\n[\/vc_column_text][vc_column_text color=&#8221;#ffffff&#8221; font_size=&#8221;d:42px|pl:28px|pp:28px&#8221; font_family=&#8221;Montserrat&#8221; line_height=&#8221;130%&#8221; font_weight=&#8221;800&#8243; text_align=&#8221;center&#8221;]Reserve una reuni\u00f3n con nuestro asesor[\/vc_column_text]<div class=\"vcex-module vcex-icon-box vcex-icon-box-seven wpex-relative wpex-flex wpex-text-right wpex-flex-row-reverse icon_box margin_top_40\" data-wpex-hover=\"{&quot;background&quot;:&quot;#f5bb06&quot;}\" style=\"background-color:#faa00e;border-radius:8px;\"><div class=\"vcex-icon-box-symbol wpex-flex-shrink-0 wpex-ml-20\"><a href=\"https:\/\/www.maior.it\/es\/contactanos\/agenda-una-demo\/\" class=\"wpex-no-underline\"><img loading=\"lazy\" decoding=\"async\" src=\"https:\/\/www.maior.it\/wp-content\/uploads\/2023\/07\/freccia-bianca-destra.svg\" alt=\"\" class=\"vcex-icon-box-image wpex-align-middle\" style=\"width:28px;height:16px;\" width=\"28\" height=\"16\"><\/a><\/div><div class=\"vcex-icon-box-text wpex-flex-grow\"><a href=\"https:\/\/www.maior.it\/es\/contactanos\/agenda-una-demo\/\" class=\"vcex-icon-box-link wpex-no-underline\"><h2 class=\"vcex-icon-box-heading wpex-heading wpex-text-md wpex-mb-10\" style=\"font-family:Montserrat;font-weight:800;color:#ffffff;font-size:18px;\">Agende una demo<\/h2><\/a><\/div><\/div>[\/vc_column][vc_column width=&#8221;2\/12&#8243;][\/vc_column][\/vc_row][vc_row content_placement=&#8221;middle&#8221; el_class=&#8221;home_riga_newsletter margin_top_80 margin_bot_80&#8243; css=&#8221;.vc_custom_1689584218201{background-image: url(https:\/\/www.maior.it\/wp-content\/uploads\/2023\/07\/newsletter-bg.png?id=836) !important;}&#8221;][vc_column width=&#8221;1\/2&#8243; el_class=&#8221;home_riga_newsletter_col1&#8243;][vc_single_image image=&#8221;835&#8243;][\/vc_column][vc_column width=&#8221;1\/2&#8243; el_class=&#8221;home_riga_newsletter_col2&#8243;][vc_separator color=&#8221;custom&#8221; align=&#8221;align_left&#8221; border_width=&#8221;6&#8243; el_width=&#8221;10&#8243; accent_color=&#8221;#ffffff&#8221; el_class=&#8221;desktop&#8221;][vc_separator color=&#8221;custom&#8221; align=&#8221;align_left&#8221; border_width=&#8221;6&#8243; el_width=&#8221;40&#8243; accent_color=&#8221;#ffffff&#8221; el_class=&#8221;mobile&#8221;][vc_column_text color=&#8221;#ffffff&#8221; font_size=&#8221;d:19px|pl:16px|pp:16px&#8221; font_family=&#8221;Montserrat&#8221; letter_spacing=&#8221;2.28px&#8221; font_weight=&#8221;600&#8243; text_transform=&#8221;uppercase&#8221; css=&#8221;.vc_custom_1695736159698{margin-top: 15px !important;}&#8221;]\n<h4>Suscr\u00edbete al bolet\u00edn de noticias de MAIOR<\/h4>\n[\/vc_column_text][vc_column_text color=&#8221;#ffffff&#8221; css=&#8221;.vc_custom_1695736183378{margin-top: 4px !important;}&#8221; el_class=&#8221;line_height140&#8243; font_size=&#8221;pl:14px|pp:14px&#8221;]Mant\u00e9ngase actualizado, reciba invitaciones a webinars, recibe nuestros e-Books, y m\u00e1s.[\/vc_column_text]<div class=\"vc_custom_1696959297102 wpex-clr\"><a href=\"https:\/\/www.maior.it\/es\/contactanos\/suscribete-a-nuestro-boletin\/\" class=\"vcex-button theme-button inline\"><span class=\"theme-button-inner\">Suscribirse<\/span><\/a><\/div> [\/vc_column][\/vc_row]\n<\/section>","protected":false},"excerpt":{"rendered":"<p>[vc_row el_class=&#8221;breadcrumb margin_top_30&#8243;][vc_column][\/vc_column][\/vc_row][vc_row el_class=&#8221;margin_top_50&#8243;][vc_column][vc_column_text el_class=&#8221;center_desktop&#8221;] \u00bfTiene preguntas o necesita informaci\u00f3n? [\/vc_column_text][vc_column_text el_class=&#8221;center_desktop&#8221;] Cont\u00e1ctanos [\/vc_column_text][\/vc_column][\/vc_row][vc_row el_class=&#8221;margin_top_50&#8243;][vc_column][\/vc_column][\/vc_row][vc_row full_width=&#8221;stretch_row&#8221; el_class=&#8221;margin_top_50 contacts_riga1_sedi&#8221; css=&#8221;.vc_custom_1690196624981{background-color: #f5f5f5 !important;}&#8221;][vc_column width=&#8221;1\/6&#8243;][\/vc_column][vc_column width=&#8221;2\/3&#8243;][vc_separator color=&#8221;custom&#8221; border_width=&#8221;6&#8243; el_width=&#8221;10&#8243; accent_color=&#8221;#003a69&#8243; el_class=&#8221;desktop&#8221;][vc_separator color=&#8221;custom&#8221; align=&#8221;align_left&#8221; border_width=&#8221;6&#8243; el_width=&#8221;20&#8243; accent_color=&#8221;#003a69&#8243; el_class=&#8221;mobile&#8221;][vc_column_text color=&#8221;#0071bb&#8221; font_size=&#8221;d:19px|pl:16px|pp:16px&#8221; font_family=&#8221;Montserrat&#8221; letter_spacing=&#8221;2.28px&#8221; font_weight=&#8221;600&#8243; text_transform=&#8221;uppercase&#8221; css=&#8221;.vc_custom_1696929239846{margin-top: 15px !important;}&#8221; el_class=&#8221;center_desktop&#8221;] NUESTRAS SEDES [\/vc_column_text][\/vc_column][vc_column width=&#8221;1\/6&#8243;][\/vc_column][\/vc_row][vc_row full_width=&#8221;stretch_row&#8221; el_class=&#8221;contacts_riga2_sedi&#8221; css=&#8221;.vc_custom_1690196619013{background-color: #f5f5f5 !important;}&#8221;][vc_column width=&#8221;1\/4&#8243;][vc_single_image image=&#8221;6118&#8243;][\/vc_column][vc_column&hellip;<\/p>\n","protected":false},"author":1,"featured_media":0,"parent":4549,"menu_order":0,"comment_status":"closed","ping_status":"closed","template":"","meta":{"_acf_changed":false,"inline_featured_image":false,"footnotes":""},"class_list":["post-4534","page","type-page","status-publish","hentry","entry","no-media"],"acf":[],"yoast_head":"<!-- This site is optimized with the Yoast SEO plugin v27.1.1 - https:\/\/yoast.com\/product\/yoast-seo-wordpress\/ -->\n<title>Contactos - MAIOR<\/title>\n<meta name=\"description\" content=\"Cont\u00e1ctanos en MAIOR para obtener m\u00e1s informaci\u00f3n o resolver tus consultas. Estamos aqu\u00ed para ayudarte y proporcionarte soluciones.\" \/>\n<meta name=\"robots\" content=\"index, follow, max-snippet:-1, max-image-preview:large, max-video-preview:-1\" \/>\n<link rel=\"canonical\" href=\"https:\/\/www.maior.it\/es\/contactanos\/contactanos\/\" \/>\n<meta property=\"og:locale\" content=\"es_ES\" \/>\n<meta property=\"og:type\" content=\"article\" \/>\n<meta property=\"og:title\" content=\"Contactos - MAIOR\" \/>\n<meta property=\"og:description\" content=\"Cont\u00e1ctanos en MAIOR para obtener m\u00e1s informaci\u00f3n o resolver tus consultas. Estamos aqu\u00ed para ayudarte y proporcionarte soluciones.\" \/>\n<meta property=\"og:url\" content=\"https:\/\/www.maior.it\/es\/contactanos\/contactanos\/\" \/>\n<meta property=\"og:site_name\" content=\"MAIOR\" \/>\n<meta property=\"article:modified_time\" content=\"2025-02-18T16:28:03+00:00\" \/>\n<meta name=\"twitter:card\" content=\"summary_large_image\" \/>\n<meta name=\"twitter:label1\" content=\"Tiempo de lectura\" \/>\n\t<meta name=\"twitter:data1\" content=\"1 minuto\" \/>\n<script type=\"application\/ld+json\" class=\"yoast-schema-graph\">{\"@context\":\"https:\/\/schema.org\",\"@graph\":[{\"@type\":\"WebPage\",\"@id\":\"https:\/\/www.maior.it\/es\/contactanos\/contactanos\/\",\"url\":\"https:\/\/www.maior.it\/es\/contactanos\/contactanos\/\",\"name\":\"Contactos - MAIOR\",\"isPartOf\":{\"@id\":\"https:\/\/www.maior.it\/#website\"},\"datePublished\":\"2023-07-17T06:43:24+00:00\",\"dateModified\":\"2025-02-18T16:28:03+00:00\",\"description\":\"Cont\u00e1ctanos en MAIOR para obtener m\u00e1s informaci\u00f3n o resolver tus consultas. Estamos aqu\u00ed para ayudarte y proporcionarte soluciones.\",\"breadcrumb\":{\"@id\":\"https:\/\/www.maior.it\/es\/contactanos\/contactanos\/#breadcrumb\"},\"inLanguage\":\"es\",\"potentialAction\":[{\"@type\":\"ReadAction\",\"target\":[\"https:\/\/www.maior.it\/es\/contactanos\/contactanos\/\"]}]},{\"@type\":\"BreadcrumbList\",\"@id\":\"https:\/\/www.maior.it\/es\/contactanos\/contactanos\/#breadcrumb\",\"itemListElement\":[{\"@type\":\"ListItem\",\"position\":1,\"name\":\"Home\",\"item\":\"https:\/\/www.maior.it\/es\/\"},{\"@type\":\"ListItem\",\"position\":2,\"name\":\"Cont\u00e1ctanos\",\"item\":\"https:\/\/www.maior.it\/es\/contactanos\/\"},{\"@type\":\"ListItem\",\"position\":3,\"name\":\"Contactos\"}]},{\"@type\":\"WebSite\",\"@id\":\"https:\/\/www.maior.it\/#website\",\"url\":\"https:\/\/www.maior.it\/\",\"name\":\"MAIOR\",\"description\":\"\",\"publisher\":{\"@id\":\"https:\/\/www.maior.it\/#organization\"},\"potentialAction\":[{\"@type\":\"SearchAction\",\"target\":{\"@type\":\"EntryPoint\",\"urlTemplate\":\"https:\/\/www.maior.it\/?s={search_term_string}\"},\"query-input\":{\"@type\":\"PropertyValueSpecification\",\"valueRequired\":true,\"valueName\":\"search_term_string\"}}],\"inLanguage\":\"es\"},{\"@type\":\"Organization\",\"@id\":\"https:\/\/www.maior.it\/#organization\",\"name\":\"MAIOR\",\"url\":\"https:\/\/www.maior.it\/\",\"logo\":{\"@type\":\"ImageObject\",\"inLanguage\":\"es\",\"@id\":\"https:\/\/www.maior.it\/#\/schema\/logo\/image\/\",\"url\":\"https:\/\/www.maior.it\/wp-content\/uploads\/2023\/08\/maior-favicon.jpg\",\"contentUrl\":\"https:\/\/www.maior.it\/wp-content\/uploads\/2023\/08\/maior-favicon.jpg\",\"width\":48,\"height\":48,\"caption\":\"MAIOR\"},\"image\":{\"@id\":\"https:\/\/www.maior.it\/#\/schema\/logo\/image\/\"},\"sameAs\":[\"https:\/\/www.instagram.com\/maior.it\",\"https:\/\/www.linkedin.com\/company\/m-a-i-o-r-\/\"]}]}<\/script>\n<!-- \/ Yoast SEO plugin. -->","yoast_head_json":{"title":"Contactos - MAIOR","description":"Cont\u00e1ctanos en MAIOR para obtener m\u00e1s informaci\u00f3n o resolver tus consultas. Estamos aqu\u00ed para ayudarte y proporcionarte soluciones.","robots":{"index":"index","follow":"follow","max-snippet":"max-snippet:-1","max-image-preview":"max-image-preview:large","max-video-preview":"max-video-preview:-1"},"canonical":"https:\/\/www.maior.it\/es\/contactanos\/contactanos\/","og_locale":"es_ES","og_type":"article","og_title":"Contactos - MAIOR","og_description":"Cont\u00e1ctanos en MAIOR para obtener m\u00e1s informaci\u00f3n o resolver tus consultas. Estamos aqu\u00ed para ayudarte y proporcionarte soluciones.","og_url":"https:\/\/www.maior.it\/es\/contactanos\/contactanos\/","og_site_name":"MAIOR","article_modified_time":"2025-02-18T16:28:03+00:00","twitter_card":"summary_large_image","twitter_misc":{"Tiempo de lectura":"1 minuto"},"schema":{"@context":"https:\/\/schema.org","@graph":[{"@type":"WebPage","@id":"https:\/\/www.maior.it\/es\/contactanos\/contactanos\/","url":"https:\/\/www.maior.it\/es\/contactanos\/contactanos\/","name":"Contactos - MAIOR","isPartOf":{"@id":"https:\/\/www.maior.it\/#website"},"datePublished":"2023-07-17T06:43:24+00:00","dateModified":"2025-02-18T16:28:03+00:00","description":"Cont\u00e1ctanos en MAIOR para obtener m\u00e1s informaci\u00f3n o resolver tus consultas. Estamos aqu\u00ed para ayudarte y proporcionarte soluciones.","breadcrumb":{"@id":"https:\/\/www.maior.it\/es\/contactanos\/contactanos\/#breadcrumb"},"inLanguage":"es","potentialAction":[{"@type":"ReadAction","target":["https:\/\/www.maior.it\/es\/contactanos\/contactanos\/"]}]},{"@type":"BreadcrumbList","@id":"https:\/\/www.maior.it\/es\/contactanos\/contactanos\/#breadcrumb","itemListElement":[{"@type":"ListItem","position":1,"name":"Home","item":"https:\/\/www.maior.it\/es\/"},{"@type":"ListItem","position":2,"name":"Cont\u00e1ctanos","item":"https:\/\/www.maior.it\/es\/contactanos\/"},{"@type":"ListItem","position":3,"name":"Contactos"}]},{"@type":"WebSite","@id":"https:\/\/www.maior.it\/#website","url":"https:\/\/www.maior.it\/","name":"MAIOR","description":"","publisher":{"@id":"https:\/\/www.maior.it\/#organization"},"potentialAction":[{"@type":"SearchAction","target":{"@type":"EntryPoint","urlTemplate":"https:\/\/www.maior.it\/?s={search_term_string}"},"query-input":{"@type":"PropertyValueSpecification","valueRequired":true,"valueName":"search_term_string"}}],"inLanguage":"es"},{"@type":"Organization","@id":"https:\/\/www.maior.it\/#organization","name":"MAIOR","url":"https:\/\/www.maior.it\/","logo":{"@type":"ImageObject","inLanguage":"es","@id":"https:\/\/www.maior.it\/#\/schema\/logo\/image\/","url":"https:\/\/www.maior.it\/wp-content\/uploads\/2023\/08\/maior-favicon.jpg","contentUrl":"https:\/\/www.maior.it\/wp-content\/uploads\/2023\/08\/maior-favicon.jpg","width":48,"height":48,"caption":"MAIOR"},"image":{"@id":"https:\/\/www.maior.it\/#\/schema\/logo\/image\/"},"sameAs":["https:\/\/www.instagram.com\/maior.it","https:\/\/www.linkedin.com\/company\/m-a-i-o-r-\/"]}]}},"_links":{"self":[{"href":"https:\/\/www.maior.it\/es\/wp-json\/wp\/v2\/pages\/4534","targetHints":{"allow":["GET"]}}],"collection":[{"href":"https:\/\/www.maior.it\/es\/wp-json\/wp\/v2\/pages"}],"about":[{"href":"https:\/\/www.maior.it\/es\/wp-json\/wp\/v2\/types\/page"}],"author":[{"embeddable":true,"href":"https:\/\/www.maior.it\/es\/wp-json\/wp\/v2\/users\/1"}],"replies":[{"embeddable":true,"href":"https:\/\/www.maior.it\/es\/wp-json\/wp\/v2\/comments?post=4534"}],"version-history":[{"count":15,"href":"https:\/\/www.maior.it\/es\/wp-json\/wp\/v2\/pages\/4534\/revisions"}],"predecessor-version":[{"id":17801,"href":"https:\/\/www.maior.it\/es\/wp-json\/wp\/v2\/pages\/4534\/revisions\/17801"}],"up":[{"embeddable":true,"href":"https:\/\/www.maior.it\/es\/wp-json\/wp\/v2\/pages\/4549"}],"wp:attachment":[{"href":"https:\/\/www.maior.it\/es\/wp-json\/wp\/v2\/media?parent=4534"}],"curies":[{"name":"wp","href":"https:\/\/api.w.org\/{rel}","templated":true}]}}