{"id":4505,"date":"2023-07-17T08:38:46","date_gmt":"2023-07-17T06:38:46","guid":{"rendered":"https:\/\/www.maior.it\/?page_id=4505"},"modified":"2025-02-18T17:33:42","modified_gmt":"2025-02-18T16:33:42","slug":"investigacion-e-innovacion","status":"publish","type":"page","link":"https:\/\/www.maior.it\/es\/maior\/investigacion-e-innovacion\/","title":{"rendered":"Investigaci\u00f3n e Innovaci\u00f3n"},"content":{"rendered":"<section class=\"wpb-content-wrapper\">[vc_row el_class=&#8221;breadcrumb margin_top_30&#8243;][vc_column]<nav class=\"vcex-breadcrumbs vcex-breadcrumbs--links-inherit-color vcex-breadcrumbs--custom-color center_desktop\" style=\"color:#b9d6f4;--vcex-breadcrumbs-sep-color:#b9d6f4;font-size:14px;font-family:&#039;Inter&#039;,sans-serif;line-height:140%;--wpex-link-text-decoration:underline;\"><span><span><a href=\"https:\/\/www.maior.it\/es\/\">Home<\/a><\/span><\/span><\/nav>[\/vc_column][\/vc_row][vc_row el_class=&#8221;margin_top_50&#8243;][vc_column width=&#8221;1\/2&#8243;][vc_column_text]\n<h1><span class=\"selectable-text copyable-text\">Investigaci\u00f3n e Innovaci\u00f3n<\/span><\/h1>\n[\/vc_column_text][\/vc_column][vc_column width=&#8221;1\/2&#8243;][vc_column_text]Bienvenido a nuestra p\u00e1gina de Investigaci\u00f3n e Innovaci\u00f3n, el coraz\u00f3n palpitante de nuestra misi\u00f3n corporativa. Descubra c\u00f3mo aplicamos las \u00faltimas ideas y c\u00f3mo innovamos constantemente para crear soluciones de vanguardia y contribuir a un futuro mejor al mundo del transporte p\u00fablico.[\/vc_column_text][\/vc_column][\/vc_row][vc_row full_width=&#8221;stretch_row&#8221; el_class=&#8221;research_riga_tab margin_top_50&#8243;][vc_column][vc_tta_tabs][vc_tta_section title=&#8221;Investigaci\u00f3n&#8221; tab_id=&#8221;1695896462639-583a4dd4-381b&#8221;][vc_basic_grid post_type=&#8221;research_and_innovat&#8221; max_items=&#8221;-1&#8243; style=&#8221;load-more&#8221; items_per_page=&#8221;3&#8243; element_width=&#8221;12&#8243; item=&#8221;1834&#8243; grid_id=&#8221;vc_gid:1697037312299-230a611f-0af0-0&#8243; el_class=&#8221;reserch_grid&#8221; taxonomies=&#8221;56&#8243;][\/vc_tta_section][vc_tta_section title=&#8221;Innovaci\u00f3n&#8221; tab_id=&#8221;1690531186345-87298ab1-9f30&#8243;][vc_basic_grid post_type=&#8221;research_and_innovat&#8221; max_items=&#8221;-1&#8243; style=&#8221;load-more&#8221; items_per_page=&#8221;3&#8243; element_width=&#8221;12&#8243; item=&#8221;1834&#8243; grid_id=&#8221;vc_gid:1697037312300-82f8cc29-2f07-0&#8243; el_class=&#8221;reserch_grid&#8221; taxonomies=&#8221;57&#8243;][\/vc_tta_section][\/vc_tta_tabs][\/vc_column][\/vc_row][vc_row content_placement=&#8221;middle&#8221; el_class=&#8221;margin_top_100 research_riga_contatti margin_bot_80&#8243;][vc_column width=&#8221;1\/2&#8243; el_class=&#8221;research_riga_contatti_col1&#8243;][vc_row_inner content_placement=&#8221;middle&#8221; el_class=&#8221;home_riga_newsletter research_riga_newsletter&#8221; css=&#8221;.vc_custom_1690801842844{background-image: url(https:\/\/www.maior.it\/wp-content\/uploads\/2023\/07\/newsletter-bg.png?id=836) !important;}&#8221;][vc_column_inner el_class=&#8221;home_riga_newsletter_col1&#8243; width=&#8221;1\/2&#8243;][vc_single_image image=&#8221;10561&#8243;][\/vc_column_inner][vc_column_inner el_class=&#8221;home_riga_newsletter_col2&#8243; width=&#8221;1\/2&#8243;][vc_separator color=&#8221;custom&#8221; align=&#8221;align_left&#8221; border_width=&#8221;6&#8243; el_width=&#8221;10&#8243; accent_color=&#8221;#ffffff&#8221; el_class=&#8221;desktop&#8221;][vc_separator color=&#8221;custom&#8221; align=&#8221;align_left&#8221; border_width=&#8221;6&#8243; el_width=&#8221;40&#8243; accent_color=&#8221;#ffffff&#8221; el_class=&#8221;mobile&#8221;][vc_column_text color=&#8221;#ffffff&#8221; font_size=&#8221;d:19px|pl:16px|pp:16px&#8221; font_family=&#8221;Montserrat&#8221; letter_spacing=&#8221;2.28px&#8221; font_weight=&#8221;600&#8243; text_transform=&#8221;uppercase&#8221; css=&#8221;.vc_custom_1695725418031{margin-top: 15px !important;}&#8221;]\n<h4>SUSCR\u00cdBETE A LA NEWSLETTER MAIOR<\/h4>\n[\/vc_column_text][vc_column_text color=&#8221;#ffffff&#8221; css=&#8221;.vc_custom_1695725439057{margin-top: 4px !important;}&#8221; el_class=&#8221;line_height140&#8243; font_size=&#8221;pl:14px|pp:14px&#8221;]Mant\u00e9ngase actualizado, reciba invitaciones a seminarios web, descargue libros electr\u00f3nicos y mucho m\u00e1s.[\/vc_column_text]<div class=\"vc_custom_1696958920068 wpex-clr\"><a href=\"https:\/\/www.maior.it\/es\/contactanos\/suscribete-a-nuestro-boletin\/\" class=\"vcex-button theme-button inline\"><span class=\"theme-button-inner\">Reg\u00edstrate<\/span><\/a><\/div> [\/vc_column_inner][\/vc_row_inner][\/vc_column][vc_column visibility=&#8221;hidden-phone&#8221; width=&#8221;1\/2&#8243; el_class=&#8221;buses_suite_riga2_flotta_col2 research_riga_contatti_col2&#8243; css=&#8221;.vc_custom_1690802106598{background-image: url(https:\/\/www.maior.it\/wp-content\/uploads\/2023\/07\/mail-bg.png?id=872) !important;}&#8221;][vc_separator color=&#8221;custom&#8221; border_width=&#8221;6&#8243; el_width=&#8221;10&#8243; accent_color=&#8221;#003a69&#8243; el_class=&#8221;desktop&#8221;][vc_column_text color=&#8221;#0071bb&#8221; font_size=&#8221;d:19px|pl:16px|pp:16px&#8221; font_family=&#8221;Montserrat&#8221; letter_spacing=&#8221;2.28px&#8221; font_weight=&#8221;600&#8243; text_transform=&#8221;uppercase&#8221; css=&#8221;.vc_custom_1696977093528{margin-top: 15px !important;}&#8221; el_class=&#8221;center_desktop&#8221;]\n<h4>\u00bfQuieres m\u00e1s informaci\u00f3n?<\/h4>\n[\/vc_column_text]<div class=\"vc_custom_1696977134449 wpex-clr\"><div class=\"theme-button-wrap textcenter wpex-clr\"><a href=\"https:\/\/www.maior.it\/es\/contactanos\/contactos\/\" class=\"vcex-button theme-button align-center inline\"><span class=\"theme-button-inner\">Cont\u00e1ctenos<\/span><\/a><\/div><\/div> [\/vc_column][\/vc_row][vc_row content_placement=&#8221;middle&#8221; el_class=&#8221;buses_suite_riga2_flotta_col2&#8243; css=&#8221;.vc_custom_1691059128207{background-image: url(https:\/\/www.maior.it\/wp-content\/uploads\/2023\/07\/mail-bg.png?id=872) !important;}&#8221; visibility=&#8221;visible-phone&#8221;][vc_column][vc_separator color=&#8221;custom&#8221; align=&#8221;align_left&#8221; border_width=&#8221;6&#8243; el_width=&#8221;20&#8243; accent_color=&#8221;#003a69&#8243; el_class=&#8221;mobile&#8221;][vc_column_text color=&#8221;#0071bb&#8221; font_size=&#8221;d:19px|pl:16px|pp:16px&#8221; font_family=&#8221;Montserrat&#8221; letter_spacing=&#8221;2.28px&#8221; font_weight=&#8221;600&#8243; text_transform=&#8221;uppercase&#8221; css=&#8221;.vc_custom_1696977101291{margin-top: 15px !important;}&#8221; el_class=&#8221;center_desktop&#8221;]\n<h4>\u00bfQuieres m\u00e1s informaci\u00f3n?<\/h4>\n[\/vc_column_text]<div class=\"vc_custom_1696977142605 wpex-clr\"><a href=\"https:\/\/www.maior.it\/es\/contactanos\/contactos\/\" class=\"vcex-button theme-button inline\"><span class=\"theme-button-inner\">Cont\u00e1ctenos<\/span><\/a><\/div> [\/vc_column][\/vc_row]\n<\/section>","protected":false},"excerpt":{"rendered":"<p>[vc_row el_class=&#8221;breadcrumb margin_top_30&#8243;][vc_column][\/vc_column][\/vc_row][vc_row el_class=&#8221;margin_top_50&#8243;][vc_column width=&#8221;1\/2&#8243;][vc_column_text] Investigaci\u00f3n e Innovaci\u00f3n [\/vc_column_text][\/vc_column][vc_column width=&#8221;1\/2&#8243;][vc_column_text]Bienvenido a nuestra p\u00e1gina de Investigaci\u00f3n e Innovaci\u00f3n, el coraz\u00f3n palpitante de nuestra misi\u00f3n corporativa. Descubra c\u00f3mo aplicamos las \u00faltimas ideas y c\u00f3mo innovamos constantemente para crear soluciones de vanguardia y contribuir a un futuro mejor al mundo del transporte p\u00fablico.[\/vc_column_text][\/vc_column][\/vc_row][vc_row full_width=&#8221;stretch_row&#8221; el_class=&#8221;research_riga_tab margin_top_50&#8243;][vc_column][vc_tta_tabs][vc_tta_section title=&#8221;Investigaci\u00f3n&#8221; tab_id=&#8221;1695896462639-583a4dd4-381b&#8221;][vc_basic_grid&hellip;<\/p>\n","protected":false},"author":1,"featured_media":0,"parent":4506,"menu_order":0,"comment_status":"closed","ping_status":"closed","template":"","meta":{"_acf_changed":false,"inline_featured_image":false,"footnotes":""},"class_list":["post-4505","page","type-page","status-publish","hentry","entry","no-media"],"acf":[],"yoast_head":"<!-- This site is optimized with the Yoast SEO plugin v27.1.1 - https:\/\/yoast.com\/product\/yoast-seo-wordpress\/ -->\n<title>Investigaci\u00f3n e Innovaci\u00f3n - MAIOR<\/title>\n<meta name=\"description\" content=\"Explora nuestra constante innovaci\u00f3n y aplicaci\u00f3n de ideas avanzadas para mejorar el mundo del transporte p\u00fablico.\" \/>\n<meta name=\"robots\" content=\"index, follow, max-snippet:-1, max-image-preview:large, max-video-preview:-1\" \/>\n<link rel=\"canonical\" href=\"https:\/\/www.maior.it\/es\/maior\/investigacion-e-innovacion\/\" \/>\n<meta property=\"og:locale\" content=\"es_ES\" \/>\n<meta property=\"og:type\" content=\"article\" \/>\n<meta property=\"og:title\" content=\"Investigaci\u00f3n e Innovaci\u00f3n - MAIOR\" \/>\n<meta property=\"og:description\" content=\"Explora nuestra constante innovaci\u00f3n y aplicaci\u00f3n de ideas avanzadas para mejorar el mundo del transporte p\u00fablico.\" \/>\n<meta property=\"og:url\" content=\"https:\/\/www.maior.it\/es\/maior\/investigacion-e-innovacion\/\" \/>\n<meta property=\"og:site_name\" content=\"MAIOR\" \/>\n<meta property=\"article:modified_time\" content=\"2025-02-18T16:33:42+00:00\" \/>\n<meta name=\"twitter:card\" content=\"summary_large_image\" \/>\n<meta name=\"twitter:label1\" content=\"Tiempo de lectura\" \/>\n\t<meta name=\"twitter:data1\" content=\"2 minutos\" \/>\n<script type=\"application\/ld+json\" class=\"yoast-schema-graph\">{\"@context\":\"https:\/\/schema.org\",\"@graph\":[{\"@type\":\"WebPage\",\"@id\":\"https:\/\/www.maior.it\/es\/maior\/investigacion-e-innovacion\/\",\"url\":\"https:\/\/www.maior.it\/es\/maior\/investigacion-e-innovacion\/\",\"name\":\"Investigaci\u00f3n e Innovaci\u00f3n - MAIOR\",\"isPartOf\":{\"@id\":\"https:\/\/www.maior.it\/#website\"},\"datePublished\":\"2023-07-17T06:38:46+00:00\",\"dateModified\":\"2025-02-18T16:33:42+00:00\",\"description\":\"Explora nuestra constante innovaci\u00f3n y aplicaci\u00f3n de ideas avanzadas para mejorar el mundo del transporte p\u00fablico.\",\"breadcrumb\":{\"@id\":\"https:\/\/www.maior.it\/es\/maior\/investigacion-e-innovacion\/#breadcrumb\"},\"inLanguage\":\"es\",\"potentialAction\":[{\"@type\":\"ReadAction\",\"target\":[\"https:\/\/www.maior.it\/es\/maior\/investigacion-e-innovacion\/\"]}]},{\"@type\":\"BreadcrumbList\",\"@id\":\"https:\/\/www.maior.it\/es\/maior\/investigacion-e-innovacion\/#breadcrumb\",\"itemListElement\":[{\"@type\":\"ListItem\",\"position\":1,\"name\":\"Home\",\"item\":\"https:\/\/www.maior.it\/es\/\"},{\"@type\":\"ListItem\",\"position\":2,\"name\":\"MAIOR\",\"item\":\"https:\/\/www.maior.it\/es\/maior\/\"},{\"@type\":\"ListItem\",\"position\":3,\"name\":\"Investigaci\u00f3n e Innovaci\u00f3n\"}]},{\"@type\":\"WebSite\",\"@id\":\"https:\/\/www.maior.it\/#website\",\"url\":\"https:\/\/www.maior.it\/\",\"name\":\"MAIOR\",\"description\":\"\",\"publisher\":{\"@id\":\"https:\/\/www.maior.it\/#organization\"},\"potentialAction\":[{\"@type\":\"SearchAction\",\"target\":{\"@type\":\"EntryPoint\",\"urlTemplate\":\"https:\/\/www.maior.it\/?s={search_term_string}\"},\"query-input\":{\"@type\":\"PropertyValueSpecification\",\"valueRequired\":true,\"valueName\":\"search_term_string\"}}],\"inLanguage\":\"es\"},{\"@type\":\"Organization\",\"@id\":\"https:\/\/www.maior.it\/#organization\",\"name\":\"MAIOR\",\"url\":\"https:\/\/www.maior.it\/\",\"logo\":{\"@type\":\"ImageObject\",\"inLanguage\":\"es\",\"@id\":\"https:\/\/www.maior.it\/#\/schema\/logo\/image\/\",\"url\":\"https:\/\/www.maior.it\/wp-content\/uploads\/2023\/08\/maior-favicon.jpg\",\"contentUrl\":\"https:\/\/www.maior.it\/wp-content\/uploads\/2023\/08\/maior-favicon.jpg\",\"width\":48,\"height\":48,\"caption\":\"MAIOR\"},\"image\":{\"@id\":\"https:\/\/www.maior.it\/#\/schema\/logo\/image\/\"},\"sameAs\":[\"https:\/\/www.instagram.com\/maior.it\",\"https:\/\/www.linkedin.com\/company\/m-a-i-o-r-\/\"]}]}<\/script>\n<!-- \/ Yoast SEO plugin. -->","yoast_head_json":{"title":"Investigaci\u00f3n e Innovaci\u00f3n - MAIOR","description":"Explora nuestra constante innovaci\u00f3n y aplicaci\u00f3n de ideas avanzadas para mejorar el mundo del transporte p\u00fablico.","robots":{"index":"index","follow":"follow","max-snippet":"max-snippet:-1","max-image-preview":"max-image-preview:large","max-video-preview":"max-video-preview:-1"},"canonical":"https:\/\/www.maior.it\/es\/maior\/investigacion-e-innovacion\/","og_locale":"es_ES","og_type":"article","og_title":"Investigaci\u00f3n e Innovaci\u00f3n - MAIOR","og_description":"Explora nuestra constante innovaci\u00f3n y aplicaci\u00f3n de ideas avanzadas para mejorar el mundo del transporte p\u00fablico.","og_url":"https:\/\/www.maior.it\/es\/maior\/investigacion-e-innovacion\/","og_site_name":"MAIOR","article_modified_time":"2025-02-18T16:33:42+00:00","twitter_card":"summary_large_image","twitter_misc":{"Tiempo de lectura":"2 minutos"},"schema":{"@context":"https:\/\/schema.org","@graph":[{"@type":"WebPage","@id":"https:\/\/www.maior.it\/es\/maior\/investigacion-e-innovacion\/","url":"https:\/\/www.maior.it\/es\/maior\/investigacion-e-innovacion\/","name":"Investigaci\u00f3n e Innovaci\u00f3n - MAIOR","isPartOf":{"@id":"https:\/\/www.maior.it\/#website"},"datePublished":"2023-07-17T06:38:46+00:00","dateModified":"2025-02-18T16:33:42+00:00","description":"Explora nuestra constante innovaci\u00f3n y aplicaci\u00f3n de ideas avanzadas para mejorar el mundo del transporte p\u00fablico.","breadcrumb":{"@id":"https:\/\/www.maior.it\/es\/maior\/investigacion-e-innovacion\/#breadcrumb"},"inLanguage":"es","potentialAction":[{"@type":"ReadAction","target":["https:\/\/www.maior.it\/es\/maior\/investigacion-e-innovacion\/"]}]},{"@type":"BreadcrumbList","@id":"https:\/\/www.maior.it\/es\/maior\/investigacion-e-innovacion\/#breadcrumb","itemListElement":[{"@type":"ListItem","position":1,"name":"Home","item":"https:\/\/www.maior.it\/es\/"},{"@type":"ListItem","position":2,"name":"MAIOR","item":"https:\/\/www.maior.it\/es\/maior\/"},{"@type":"ListItem","position":3,"name":"Investigaci\u00f3n e Innovaci\u00f3n"}]},{"@type":"WebSite","@id":"https:\/\/www.maior.it\/#website","url":"https:\/\/www.maior.it\/","name":"MAIOR","description":"","publisher":{"@id":"https:\/\/www.maior.it\/#organization"},"potentialAction":[{"@type":"SearchAction","target":{"@type":"EntryPoint","urlTemplate":"https:\/\/www.maior.it\/?s={search_term_string}"},"query-input":{"@type":"PropertyValueSpecification","valueRequired":true,"valueName":"search_term_string"}}],"inLanguage":"es"},{"@type":"Organization","@id":"https:\/\/www.maior.it\/#organization","name":"MAIOR","url":"https:\/\/www.maior.it\/","logo":{"@type":"ImageObject","inLanguage":"es","@id":"https:\/\/www.maior.it\/#\/schema\/logo\/image\/","url":"https:\/\/www.maior.it\/wp-content\/uploads\/2023\/08\/maior-favicon.jpg","contentUrl":"https:\/\/www.maior.it\/wp-content\/uploads\/2023\/08\/maior-favicon.jpg","width":48,"height":48,"caption":"MAIOR"},"image":{"@id":"https:\/\/www.maior.it\/#\/schema\/logo\/image\/"},"sameAs":["https:\/\/www.instagram.com\/maior.it","https:\/\/www.linkedin.com\/company\/m-a-i-o-r-\/"]}]}},"_links":{"self":[{"href":"https:\/\/www.maior.it\/es\/wp-json\/wp\/v2\/pages\/4505","targetHints":{"allow":["GET"]}}],"collection":[{"href":"https:\/\/www.maior.it\/es\/wp-json\/wp\/v2\/pages"}],"about":[{"href":"https:\/\/www.maior.it\/es\/wp-json\/wp\/v2\/types\/page"}],"author":[{"embeddable":true,"href":"https:\/\/www.maior.it\/es\/wp-json\/wp\/v2\/users\/1"}],"replies":[{"embeddable":true,"href":"https:\/\/www.maior.it\/es\/wp-json\/wp\/v2\/comments?post=4505"}],"version-history":[{"count":13,"href":"https:\/\/www.maior.it\/es\/wp-json\/wp\/v2\/pages\/4505\/revisions"}],"predecessor-version":[{"id":10573,"href":"https:\/\/www.maior.it\/es\/wp-json\/wp\/v2\/pages\/4505\/revisions\/10573"}],"up":[{"embeddable":true,"href":"https:\/\/www.maior.it\/es\/wp-json\/wp\/v2\/pages\/4506"}],"wp:attachment":[{"href":"https:\/\/www.maior.it\/es\/wp-json\/wp\/v2\/media?parent=4505"}],"curies":[{"name":"wp","href":"https:\/\/api.w.org\/{rel}","templated":true}]}}