{"id":4503,"date":"2023-07-19T12:58:34","date_gmt":"2023-07-19T10:58:34","guid":{"rendered":"https:\/\/www.maior.it\/?page_id=4503"},"modified":"2025-01-23T10:16:35","modified_gmt":"2025-01-23T09:16:35","slug":"trabaja-con-nosotros","status":"publish","type":"page","link":"https:\/\/www.maior.it\/es\/maior\/el-equipo-maior\/trabaja-con-nosotros\/","title":{"rendered":"Entra en MAIOR"},"content":{"rendered":"<section class=\"wpb-content-wrapper\">[vc_row el_class=&#8221;breadcrumb margin_top_30&#8243;][vc_column]<nav class=\"vcex-breadcrumbs vcex-breadcrumbs--links-inherit-color vcex-breadcrumbs--custom-color center_desktop\" style=\"color:#b9d6f4;--vcex-breadcrumbs-sep-color:#b9d6f4;font-size:14px;font-family:&#039;Inter&#039;,sans-serif;line-height:140%;--wpex-link-text-decoration:underline;\"><span><span><a href=\"https:\/\/www.maior.it\/es\/\">Home<\/a><\/span><\/span><\/nav>[\/vc_column][\/vc_row][vc_row el_class=&#8221;margin_top_50 workmaior_riga1&#8243;][vc_column width=&#8221;1\/2&#8243;][vc_column_text]\n<h1>Entra en MAIOR<\/h1>\n[\/vc_column_text][vc_column_text]\n<h2>Buscamos personas talentosas y apasionadas<\/h2>\n[\/vc_column_text][\/vc_column][vc_column width=&#8221;1\/2&#8243; el_class=&#8221;workmaior_riga1_col2&#8243;][vc_column_text]Unirse a MAIOR significa insertarse en un contexto en el que la centralidad y la importancia de los recursos humanos son valores reconocidos y compartidos. Las personas son un factor estrat\u00e9gico y un motor fundamental para el crecimiento de nuestra empresa. En MAIOR trabajar\u00e1s en un ambiente emocionante y estimulante con amplias posibilidades de crecimiento personal y profesional.[\/vc_column_text][\/vc_column][\/vc_row][vc_row full_width=&#8221;stretch_row_content_no_spaces&#8221; el_class=&#8221;margin_top_60 workmaior_riga_slide&#8221;][vc_column][vc_single_image image=&#8221;6088&#8243; visibility=&#8221;hidden-phone&#8221; el_class=&#8221;workmaior_riga_slide&#8221;][\/vc_column][\/vc_row][vc_row full_width=&#8221;stretch_row_content_no_spaces&#8221; el_class=&#8221;workmaior_riga_slide&#8221;][vc_column][vc_single_image image=&#8221;6084&#8243; visibility=&#8221;visible-phone&#8221;][\/vc_column][\/vc_row][vc_row el_class=&#8221;margin_top_50&#8243; local_scroll_id=&#8221;submit&#8221;][vc_column width=&#8221;1\/6&#8243;][\/vc_column][vc_column width=&#8221;2\/3&#8243;][vc_separator color=&#8221;custom&#8221; border_width=&#8221;6&#8243; el_width=&#8221;10&#8243; accent_color=&#8221;#003a69&#8243; el_class=&#8221;desktop&#8221;][vc_separator color=&#8221;custom&#8221; align=&#8221;align_left&#8221; border_width=&#8221;6&#8243; el_width=&#8221;20&#8243; accent_color=&#8221;#003a69&#8243; el_class=&#8221;mobile&#8221;][vc_column_text color=&#8221;#0071bb&#8221; font_size=&#8221;d:19px|pl:16px|pp:16px&#8221; font_family=&#8221;Montserrat&#8221; letter_spacing=&#8221;2.28px&#8221; font_weight=&#8221;600&#8243; text_transform=&#8221;uppercase&#8221; css=&#8221;.vc_custom_1696977273807{margin-top: 15px !important;}&#8221; el_class=&#8221;center_desktop&#8221;]\n<h4>Env\u00eda tu solicitud<\/h4>\n[\/vc_column_text][\/vc_column][vc_column width=&#8221;1\/6&#8243;][\/vc_column][\/vc_row][vc_row css=&#8221;.vc_custom_1689762504955{margin-top: 30px !important;}&#8221; el_class=&#8221;margin_bot_70 margin_bot_30_mobile&#8221;][vc_column]\n<div class=\"wpcf7 no-js\" id=\"wpcf7-f6880-o1\" lang=\"es-ES\" dir=\"ltr\" data-wpcf7-id=\"6880\">\n<div class=\"screen-reader-response\"><p role=\"status\" aria-live=\"polite\" aria-atomic=\"true\"><\/p> <ul><\/ul><\/div>\n<form action=\"\/es\/wp-json\/wp\/v2\/pages\/4503#wpcf7-f6880-o1\" method=\"post\" class=\"wpcf7-form init\" aria-label=\"Formulario de contacto\" enctype=\"multipart\/form-data\" novalidate=\"novalidate\" data-status=\"init\">\n<fieldset class=\"hidden-fields-container\"><input type=\"hidden\" name=\"_wpcf7\" value=\"6880\" \/><input type=\"hidden\" name=\"_wpcf7_version\" value=\"6.1.5\" \/><input type=\"hidden\" name=\"_wpcf7_locale\" value=\"es_ES\" \/><input type=\"hidden\" name=\"_wpcf7_unit_tag\" value=\"wpcf7-f6880-o1\" \/><input type=\"hidden\" name=\"_wpcf7_container_post\" value=\"0\" \/><input type=\"hidden\" name=\"_wpcf7_posted_data_hash\" value=\"\" \/><input type=\"hidden\" name=\"_wpcf7_recaptcha_response\" value=\"\" \/>\n<\/fieldset>\n<div class=\"vc_row\">\n\t<div class=\"vc_col-sm-6\">\n\t\t<p><label> Nombre*<br \/>\n<span class=\"wpcf7-form-control-wrap\" data-name=\"nome\"><input size=\"40\" maxlength=\"400\" class=\"wpcf7-form-control wpcf7-text wpcf7-validates-as-required\" aria-required=\"true\" aria-invalid=\"false\" placeholder=\"Introduce el Nombre\" value=\"\" type=\"text\" name=\"nome\" \/><\/span><\/label>\n\t\t<\/p>\n\t<\/div>\n\t<div class=\"vc_col-sm-6\">\n\t\t<p><label> Apellido*<br \/>\n<span class=\"wpcf7-form-control-wrap\" data-name=\"cognome\"><input size=\"40\" maxlength=\"400\" class=\"wpcf7-form-control wpcf7-text wpcf7-validates-as-required\" aria-required=\"true\" aria-invalid=\"false\" placeholder=\"Introduce el Apellido\" value=\"\" type=\"text\" name=\"cognome\" \/><\/span><\/label>\n\t\t<\/p>\n\t<\/div>\n\t<div class=\"vc_col-sm-12\">\n\t\t<p><label> E-mail*<br \/>\n<span class=\"wpcf7-form-control-wrap\" data-name=\"email\"><input size=\"40\" maxlength=\"400\" class=\"wpcf7-form-control wpcf7-email wpcf7-validates-as-required wpcf7-text wpcf7-validates-as-email\" aria-required=\"true\" aria-invalid=\"false\" placeholder=\"Correo electr\u00f3nico\" value=\"\" type=\"email\" name=\"email\" \/><\/span><\/label>\n\t\t<\/p>\n\t<\/div>\n\t<div class=\"vc_col-sm-6\">\n\t\t<p><label> Tel\u00e9fono*<br \/>\n<span class=\"wpcf7-form-control-wrap\" data-name=\"mobile\"><input size=\"40\" maxlength=\"400\" class=\"wpcf7-form-control wpcf7-text wpcf7-validates-as-required\" aria-required=\"true\" aria-invalid=\"false\" placeholder=\"N\u00famero\" value=\"\" type=\"text\" name=\"mobile\" \/><\/span><\/label>\n\t\t<\/p>\n\t<\/div>\n\t<div class=\"vc_col-sm-6\">\n\t\t<p><label> Adjunta tu CV*<br \/>\n<span class=\"wpcf7-form-control-wrap\" data-name=\"Adjunto\"><input size=\"40\" class=\"wpcf7-form-control wpcf7-file wpcf7-validates-as-required\" accept=\".pdf,.doc\" aria-required=\"true\" aria-invalid=\"false\" type=\"file\" name=\"Adjunto\" \/><\/span><\/label>\n\t\t<\/p>\n\t<\/div>\n\t<div class=\"vc_col-sm-12\">\n\t\t<p><label> Mensaje (opcional)<br \/>\n<span class=\"wpcf7-form-control-wrap\" data-name=\"message\"><textarea cols=\"40\" rows=\"10\" maxlength=\"2000\" class=\"wpcf7-form-control wpcf7-textarea\" aria-invalid=\"false\" placeholder=\"Mensaje\" name=\"message\"><\/textarea><\/span><\/label>\n\t\t<\/p>\n\t<\/div>\n\t<div class=\"vc_col-sm-9\">\n\t\t<p><span class=\"wpcf7-form-control-wrap\" data-name=\"privacy\"><span class=\"wpcf7-form-control wpcf7-acceptance\"><span class=\"wpcf7-list-item\"><label><input type=\"checkbox\" name=\"privacy\" value=\"1\" aria-invalid=\"false\" \/><span class=\"wpcf7-list-item-label\">He le\u00eddo y aceptado la <a href=\" https:\/\/www.maior.it\/es\/privacy-cv-es\/\" target=\"_blank\">pol\u00edtica de privacidad<\/a>*<\/span><\/label><\/span><\/span><\/span><div id=\"cf7sr-69dc2d4b1fc92\" class=\"cf7sr-g-recaptcha\" data-theme=\"light\" data-type=\"image\" data-size=\"normal\" data-sitekey=\"6Lfru8IoAAAAAK5Jc33rIRgzxrgQAojDyhLGK-1s\"><\/div><span class=\"wpcf7-form-control-wrap cf7sr-recaptcha\" data-name=\"cf7sr-recaptcha\"><input type=\"hidden\" name=\"cf7sr-recaptcha\" value=\"\" class=\"wpcf7-form-control\"><\/span>\n\t\t<\/p>\n\t<\/div>\n\t<div class=\"vc_col-sm-3\">\n\t\t<p><input class=\"wpcf7-form-control wpcf7-submit has-spinner send_form\" type=\"submit\" value=\"Enviar\" \/>\n\t\t<\/p>\n\t<\/div>\n\t<div>\n\t<\/div>\n<\/div><input type='hidden' class='wpcf7-pum' value='{\"closepopup\":false,\"closedelay\":0,\"openpopup\":false,\"openpopup_id\":0}' \/><div class=\"wpcf7-response-output\" aria-hidden=\"true\"><\/div>\n<\/form>\n<\/div>\n[\/vc_column][\/vc_row][vc_row full_width=&#8221;stretch_row&#8221; el_class=&#8221;workmaior_riga_grigia&#8221; css=&#8221;.vc_custom_1689764549440{background-color: #f5f5f5 !important;}&#8221;][vc_column][vc_column_text el_class=&#8221;center_desktop&#8221; color=&#8221;#484848&#8243;]\n<h2>Posiciones abiertas<\/h2>\n[\/vc_column_text][vc_tta_accordion style=&#8221;total&#8221; c_icon=&#8221;&#8221; active_section=&#8221;0&#8243; collapsible_all=&#8221;true&#8221; el_class=&#8221;margin_top_50&#8243;][vc_tta_section title=&#8221;Customer Support Specialist&#8221; tab_id=&#8221;1689151311119-9d578180-09da&#8221; el_class=&#8221;workmaior_accordion&#8221;][vc_single_image image=&#8221;9344&#8243; css=&#8221;.vc_custom_1696518453874{margin-top: 24px !important;}&#8221;][vc_column_text color=&#8221;#484848&#8243; font_size=&#8221;16px&#8221; font_family=&#8221;Inter&#8221; line_height=&#8221;150%&#8221; font_weight=&#8221;400&#8243; css=&#8221;.vc_custom_1696518307111{margin-top: 24px !important;}&#8221;]La persona que buscamos se encargar\u00e1 de la asistencia al cliente sobre nuestras soluciones de software, proporcionando aclaraciones e indicaciones, tanto para clientes italianos como extranjeros, convirti\u00e9ndose as\u00ed en un punto de referencia MAIOR para las empresas de transporte p\u00fablico. Deber\u00e1 tener buenos conocimientos de inform\u00e1tica y capacidad de an\u00e1lisis y organizaci\u00f3n.<\/p>\n<p><strong>Ofrecemos:<\/strong>\u00a0Un contrato de duraci\u00f3n determinada, con vistas a un empleo permanente, formaci\u00f3n t\u00e9cnica y actualizaci\u00f3n continua, as\u00ed como una oportunidad real de crecimiento profesional.<\/p>\n<p><strong>Requerimos:<\/strong>\u00a0Licenciado en Inform\u00e1tica, excelente conocimiento del idioma ingl\u00e9s (se valorar\u00e1 el conocimiento de otros idiomas), buena capacidad de trabajo en equipo, capacidad de negociaci\u00f3n, proactividad, orientaci\u00f3n al cliente, trabajar en Florencia.[\/vc_column_text]<div class=\"vc_custom_1731055264291 wpex-clr\"><a href=\"#submit\" class=\"vcex-button theme-button inline local-scroll-link\" style=\"padding-right:101px;padding-left:101px;\"><span class=\"theme-button-inner\">Post\u00falate<\/span><\/a><\/div> [\/vc_tta_section][vc_tta_section title=&#8221;Software Developer&#8221; tab_id=&#8221;1689768210476-6b7433f3-5f0f&#8221; el_class=&#8221;workmaior_accordion&#8221;][vc_single_image image=&#8221;9348&#8243; css=&#8221;.vc_custom_1696518472599{margin-top: 24px !important;}&#8221;][vc_column_text color=&#8221;#484848&#8243; font_size=&#8221;16px&#8221; font_family=&#8221;Inter&#8221; line_height=&#8221;150%&#8221; font_weight=&#8221;400&#8243; css=&#8221;.vc_custom_1696518322471{margin-top: 24px !important;}&#8221;]El trabajo consiste principalmente en la definici\u00f3n, planificaci\u00f3n e implementaci\u00f3n de herramientas de software, dentro de un grupo de desarrollo organizado seg\u00fan la metodolog\u00eda SCRUM.<\/p>\n<p><strong>Ofrecemos:<\/strong>\u00a0Clasificaci\u00f3n seg\u00fan el nivel de experiencia, formaci\u00f3n t\u00e9cnica y cursos de actualizaci\u00f3n y posibilidades concretas de crecimiento profesional.<\/p>\n<p><strong>Requerimos:<\/strong>\u00a0Profesional en Ciencias Inform\u00e1ticas o Ing. Inform\u00e1tica o equivalente, con conocimiento de Java, del modelo relacional de datos y del idioma ingl\u00e9s.<\/p>\n<p><strong>Competencias deseadas:<\/strong>\u00a0M\u00e1ster en Ciencias Inform\u00e1ticas o Ing. Inform\u00e1tica o equivalente, conocimiento de base de datos Oracle y PL\/SQL, conocimiento de Javascript, HTML5, CSS3, y conocimiento de Angular y Scala.[\/vc_column_text]<div class=\"vc_custom_1731055259366 wpex-clr\"><a href=\"#submit\" class=\"vcex-button theme-button inline local-scroll-link\" style=\"padding-right:101px;padding-left:101px;\"><span class=\"theme-button-inner\">Post\u00falate<\/span><\/a><\/div> [\/vc_tta_section][vc_tta_section title=&#8221;Product Specialist&#8221; tab_id=&#8221;1689768195962-f0f4d8e8-3894&#8243; el_class=&#8221;workmaior_accordion&#8221;][vc_single_image image=&#8221;9351&#8243; css=&#8221;.vc_custom_1696518492146{margin-top: 24px !important;}&#8221;][vc_column_text color=&#8221;#484848&#8243; font_size=&#8221;16px&#8221; font_family=&#8221;Inter&#8221; line_height=&#8221;150%&#8221; font_weight=&#8221;400&#8243; css=&#8221;.vc_custom_1730908431149{margin-top: 24px !important;}&#8221;]La persona que buscamos ser\u00e1 responsable de la puesta en marcha, en Italia y en el extranjero, de sistemas de software desarrollados por MAIOR y de la realizaci\u00f3n de servicios relacionados, como, por ejemplo, an\u00e1lisis de procesos de negocio, configuraci\u00f3n de aplicaciones, formaci\u00f3n y asistencia en l\u00ednea y presencial. Deber\u00e1 combinar un buen conocimiento del sector del transporte p\u00fablico, capacidad anal\u00edtica y de planificaci\u00f3n, competencias metodol\u00f3gicas, organizativas y de gesti\u00f3n, y mantenerse al d\u00eda en cuestiones relacionadas con el mundo del transporte p\u00fablico.<\/p>\n<p><strong>Ofrecemos:<\/strong> Formaci\u00f3n t\u00e9cnica y actualizaci\u00f3n constante, entorno din\u00e1mico y posibilidad concreta de crecimiento profesional, posibilidad de interacci\u00f3n con clientes internacionales.<\/p>\n<p><strong>Requerimos:<\/strong> Titulaci\u00f3n en Ingenier\u00eda de Transporte, experiencia en Gesti\u00f3n de Proyectos (planificaci\u00f3n organizativa, capacidad de trabajo en equipo, gesti\u00f3n de reuniones de trabajo, oratoria, gesti\u00f3n del tiempo, resoluci\u00f3n de problemas), excelente conocimiento de ingl\u00e9s (m\u00ednimo B2), se valorar\u00e1 el conocimiento de idiomas adicionales (en particular espa\u00f1ol o portugu\u00e9s), capacidad de negociaci\u00f3n, proactividad, orientaci\u00f3n al cliente, disponibilidad para frecuentes traslados nacionales e internacionales, domicilio en la provincia de Florencia o disponibilidad para trasladarse.[\/vc_column_text]<div class=\"vc_custom_1731055253474 wpex-clr\"><a href=\"#submit\" class=\"vcex-button theme-button inline local-scroll-link\" style=\"padding-right:101px;padding-left:101px;\"><span class=\"theme-button-inner\">Post\u00falate<\/span><\/a><\/div> [\/vc_tta_section][vc_tta_section title=&#8221;Software Quality Assurance Analyst&#8221; tab_id=&#8221;1696518340201-3ac2cee8-1365&#8243; el_class=&#8221;workmaior_accordion&#8221;][vc_single_image image=&#8221;9354&#8243; css=&#8221;.vc_custom_1696518509274{margin-top: 24px !important;}&#8221;][vc_column_text]El trabajo consiste principalmente en la definici\u00f3n, planificaci\u00f3n e implementaci\u00f3n de pruebas para asegurar software de alta calidad para empresas de transporte p\u00fablico, dentro de un grupo de desarrollo organizado seg\u00fan la metodolog\u00eda SCRUM.<\/p>\n<p><strong>Ofrecemos:<\/strong>\u00a0Clasificaci\u00f3n seg\u00fan el nivel de experiencia, formaci\u00f3n t\u00e9cnica y cursos de actualizaci\u00f3n, y posibilidades concretas de crecimiento profesional.<\/p>\n<p><strong>Requerimos:<\/strong>\u00a0Profesional en Ciencias Inform\u00e1ticas o Ing. en Inform\u00e1tica, o equivalente, conocimiento de procedimientos y m\u00e9todos de Software Testing, an\u00e1lisis de especificaciones de proyectos, redacci\u00f3n de Test Cases y definici\u00f3n de Test Plan, ejecuci\u00f3n de pruebas funcionales y no funcionales y Regresi\u00f3n, ejecuci\u00f3n de diferentes niveles de pruebas (Sistema, Integraci\u00f3n, Aceptaci\u00f3n), uso de herramientas de bugs, gesti\u00f3n de tareas y documentaci\u00f3n (Jira, Confluencia, TestRail, Excel), conocimiento de la metodolog\u00eda Agile, aproximaci\u00f3n a la resoluci\u00f3n de problemas, habilidades interpersonales y de comunicaci\u00f3n, capacidad de colaboraci\u00f3n y capacidad para trabajar en diferentes proyectos al mismo tiempo.[\/vc_column_text]<div class=\"vc_custom_1731055268800 wpex-clr\"><a href=\"#submit\" class=\"vcex-button theme-button inline local-scroll-link\" style=\"padding-right:101px;padding-left:101px;\"><span class=\"theme-button-inner\">Post\u00falate<\/span><\/a><\/div> [\/vc_tta_section][\/vc_tta_accordion][\/vc_column][\/vc_row]\n<\/section>","protected":false},"excerpt":{"rendered":"<p>[vc_row el_class=&#8221;breadcrumb margin_top_30&#8243;][vc_column][\/vc_column][\/vc_row][vc_row el_class=&#8221;margin_top_50 workmaior_riga1&#8243;][vc_column width=&#8221;1\/2&#8243;][vc_column_text] Entra en MAIOR [\/vc_column_text][vc_column_text] Buscamos personas talentosas y apasionadas [\/vc_column_text][\/vc_column][vc_column width=&#8221;1\/2&#8243; el_class=&#8221;workmaior_riga1_col2&#8243;][vc_column_text]Unirse a MAIOR significa insertarse en un contexto en el que la centralidad y la importancia de los recursos humanos son valores reconocidos y compartidos. Las personas son un factor estrat\u00e9gico y un motor fundamental para el crecimiento&hellip;<\/p>\n","protected":false},"author":1,"featured_media":0,"parent":4504,"menu_order":0,"comment_status":"closed","ping_status":"closed","template":"","meta":{"_acf_changed":false,"inline_featured_image":false,"footnotes":""},"class_list":["post-4503","page","type-page","status-publish","hentry","entry","no-media"],"acf":[],"yoast_head":"<!-- This site is optimized with the Yoast SEO plugin v27.1.1 - https:\/\/yoast.com\/product\/yoast-seo-wordpress\/ -->\n<title>Entra en MAIOR - MAIOR<\/title>\n<meta name=\"description\" content=\"Descubre las posiciones abiertas en MAIOR. \u00danete a nosotros para mejorar la movilidad urbana. Entra en MAIOR\" \/>\n<meta name=\"robots\" content=\"index, follow, max-snippet:-1, max-image-preview:large, max-video-preview:-1\" \/>\n<link rel=\"canonical\" href=\"https:\/\/www.maior.it\/es\/maior\/el-equipo-maior\/trabaja-con-nosotros\/\" \/>\n<meta property=\"og:locale\" content=\"es_ES\" \/>\n<meta property=\"og:type\" content=\"article\" \/>\n<meta property=\"og:title\" content=\"Entra en MAIOR - MAIOR\" \/>\n<meta property=\"og:description\" content=\"Descubre las posiciones abiertas en MAIOR. \u00danete a nosotros para mejorar la movilidad urbana. Entra en MAIOR\" \/>\n<meta property=\"og:url\" content=\"https:\/\/www.maior.it\/es\/maior\/el-equipo-maior\/trabaja-con-nosotros\/\" \/>\n<meta property=\"og:site_name\" content=\"MAIOR\" \/>\n<meta property=\"article:modified_time\" content=\"2025-01-23T09:16:35+00:00\" \/>\n<meta name=\"twitter:card\" content=\"summary_large_image\" \/>\n<meta name=\"twitter:label1\" content=\"Tiempo de lectura\" \/>\n\t<meta name=\"twitter:data1\" content=\"5 minutos\" \/>\n<script type=\"application\/ld+json\" class=\"yoast-schema-graph\">{\"@context\":\"https:\/\/schema.org\",\"@graph\":[{\"@type\":\"WebPage\",\"@id\":\"https:\/\/www.maior.it\/es\/maior\/el-equipo-maior\/trabaja-con-nosotros\/\",\"url\":\"https:\/\/www.maior.it\/es\/maior\/el-equipo-maior\/trabaja-con-nosotros\/\",\"name\":\"Entra en MAIOR - MAIOR\",\"isPartOf\":{\"@id\":\"https:\/\/www.maior.it\/#website\"},\"datePublished\":\"2023-07-19T10:58:34+00:00\",\"dateModified\":\"2025-01-23T09:16:35+00:00\",\"description\":\"Descubre las posiciones abiertas en MAIOR. \u00danete a nosotros para mejorar la movilidad urbana. Entra en MAIOR\",\"breadcrumb\":{\"@id\":\"https:\/\/www.maior.it\/es\/maior\/el-equipo-maior\/trabaja-con-nosotros\/#breadcrumb\"},\"inLanguage\":\"es\",\"potentialAction\":[{\"@type\":\"ReadAction\",\"target\":[\"https:\/\/www.maior.it\/es\/maior\/el-equipo-maior\/trabaja-con-nosotros\/\"]}]},{\"@type\":\"BreadcrumbList\",\"@id\":\"https:\/\/www.maior.it\/es\/maior\/el-equipo-maior\/trabaja-con-nosotros\/#breadcrumb\",\"itemListElement\":[{\"@type\":\"ListItem\",\"position\":1,\"name\":\"Home\",\"item\":\"https:\/\/www.maior.it\/es\/\"},{\"@type\":\"ListItem\",\"position\":2,\"name\":\"MAIOR\",\"item\":\"https:\/\/www.maior.it\/es\/maior\/\"},{\"@type\":\"ListItem\",\"position\":3,\"name\":\"El equipo MAIOR\",\"item\":\"https:\/\/www.maior.it\/es\/maior\/el-equipo-maior\/\"},{\"@type\":\"ListItem\",\"position\":4,\"name\":\"Entra en MAIOR\"}]},{\"@type\":\"WebSite\",\"@id\":\"https:\/\/www.maior.it\/#website\",\"url\":\"https:\/\/www.maior.it\/\",\"name\":\"MAIOR\",\"description\":\"\",\"publisher\":{\"@id\":\"https:\/\/www.maior.it\/#organization\"},\"potentialAction\":[{\"@type\":\"SearchAction\",\"target\":{\"@type\":\"EntryPoint\",\"urlTemplate\":\"https:\/\/www.maior.it\/?s={search_term_string}\"},\"query-input\":{\"@type\":\"PropertyValueSpecification\",\"valueRequired\":true,\"valueName\":\"search_term_string\"}}],\"inLanguage\":\"es\"},{\"@type\":\"Organization\",\"@id\":\"https:\/\/www.maior.it\/#organization\",\"name\":\"MAIOR\",\"url\":\"https:\/\/www.maior.it\/\",\"logo\":{\"@type\":\"ImageObject\",\"inLanguage\":\"es\",\"@id\":\"https:\/\/www.maior.it\/#\/schema\/logo\/image\/\",\"url\":\"https:\/\/www.maior.it\/wp-content\/uploads\/2023\/08\/maior-favicon.jpg\",\"contentUrl\":\"https:\/\/www.maior.it\/wp-content\/uploads\/2023\/08\/maior-favicon.jpg\",\"width\":48,\"height\":48,\"caption\":\"MAIOR\"},\"image\":{\"@id\":\"https:\/\/www.maior.it\/#\/schema\/logo\/image\/\"},\"sameAs\":[\"https:\/\/www.instagram.com\/maior.it\",\"https:\/\/www.linkedin.com\/company\/m-a-i-o-r-\/\"]}]}<\/script>\n<!-- \/ Yoast SEO plugin. -->","yoast_head_json":{"title":"Entra en MAIOR - MAIOR","description":"Descubre las posiciones abiertas en MAIOR. \u00danete a nosotros para mejorar la movilidad urbana. Entra en MAIOR","robots":{"index":"index","follow":"follow","max-snippet":"max-snippet:-1","max-image-preview":"max-image-preview:large","max-video-preview":"max-video-preview:-1"},"canonical":"https:\/\/www.maior.it\/es\/maior\/el-equipo-maior\/trabaja-con-nosotros\/","og_locale":"es_ES","og_type":"article","og_title":"Entra en MAIOR - MAIOR","og_description":"Descubre las posiciones abiertas en MAIOR. \u00danete a nosotros para mejorar la movilidad urbana. Entra en MAIOR","og_url":"https:\/\/www.maior.it\/es\/maior\/el-equipo-maior\/trabaja-con-nosotros\/","og_site_name":"MAIOR","article_modified_time":"2025-01-23T09:16:35+00:00","twitter_card":"summary_large_image","twitter_misc":{"Tiempo de lectura":"5 minutos"},"schema":{"@context":"https:\/\/schema.org","@graph":[{"@type":"WebPage","@id":"https:\/\/www.maior.it\/es\/maior\/el-equipo-maior\/trabaja-con-nosotros\/","url":"https:\/\/www.maior.it\/es\/maior\/el-equipo-maior\/trabaja-con-nosotros\/","name":"Entra en MAIOR - MAIOR","isPartOf":{"@id":"https:\/\/www.maior.it\/#website"},"datePublished":"2023-07-19T10:58:34+00:00","dateModified":"2025-01-23T09:16:35+00:00","description":"Descubre las posiciones abiertas en MAIOR. \u00danete a nosotros para mejorar la movilidad urbana. Entra en MAIOR","breadcrumb":{"@id":"https:\/\/www.maior.it\/es\/maior\/el-equipo-maior\/trabaja-con-nosotros\/#breadcrumb"},"inLanguage":"es","potentialAction":[{"@type":"ReadAction","target":["https:\/\/www.maior.it\/es\/maior\/el-equipo-maior\/trabaja-con-nosotros\/"]}]},{"@type":"BreadcrumbList","@id":"https:\/\/www.maior.it\/es\/maior\/el-equipo-maior\/trabaja-con-nosotros\/#breadcrumb","itemListElement":[{"@type":"ListItem","position":1,"name":"Home","item":"https:\/\/www.maior.it\/es\/"},{"@type":"ListItem","position":2,"name":"MAIOR","item":"https:\/\/www.maior.it\/es\/maior\/"},{"@type":"ListItem","position":3,"name":"El equipo MAIOR","item":"https:\/\/www.maior.it\/es\/maior\/el-equipo-maior\/"},{"@type":"ListItem","position":4,"name":"Entra en MAIOR"}]},{"@type":"WebSite","@id":"https:\/\/www.maior.it\/#website","url":"https:\/\/www.maior.it\/","name":"MAIOR","description":"","publisher":{"@id":"https:\/\/www.maior.it\/#organization"},"potentialAction":[{"@type":"SearchAction","target":{"@type":"EntryPoint","urlTemplate":"https:\/\/www.maior.it\/?s={search_term_string}"},"query-input":{"@type":"PropertyValueSpecification","valueRequired":true,"valueName":"search_term_string"}}],"inLanguage":"es"},{"@type":"Organization","@id":"https:\/\/www.maior.it\/#organization","name":"MAIOR","url":"https:\/\/www.maior.it\/","logo":{"@type":"ImageObject","inLanguage":"es","@id":"https:\/\/www.maior.it\/#\/schema\/logo\/image\/","url":"https:\/\/www.maior.it\/wp-content\/uploads\/2023\/08\/maior-favicon.jpg","contentUrl":"https:\/\/www.maior.it\/wp-content\/uploads\/2023\/08\/maior-favicon.jpg","width":48,"height":48,"caption":"MAIOR"},"image":{"@id":"https:\/\/www.maior.it\/#\/schema\/logo\/image\/"},"sameAs":["https:\/\/www.instagram.com\/maior.it","https:\/\/www.linkedin.com\/company\/m-a-i-o-r-\/"]}]}},"_links":{"self":[{"href":"https:\/\/www.maior.it\/es\/wp-json\/wp\/v2\/pages\/4503","targetHints":{"allow":["GET"]}}],"collection":[{"href":"https:\/\/www.maior.it\/es\/wp-json\/wp\/v2\/pages"}],"about":[{"href":"https:\/\/www.maior.it\/es\/wp-json\/wp\/v2\/types\/page"}],"author":[{"embeddable":true,"href":"https:\/\/www.maior.it\/es\/wp-json\/wp\/v2\/users\/1"}],"replies":[{"embeddable":true,"href":"https:\/\/www.maior.it\/es\/wp-json\/wp\/v2\/comments?post=4503"}],"version-history":[{"count":14,"href":"https:\/\/www.maior.it\/es\/wp-json\/wp\/v2\/pages\/4503\/revisions"}],"predecessor-version":[{"id":8133,"href":"https:\/\/www.maior.it\/es\/wp-json\/wp\/v2\/pages\/4503\/revisions\/8133"}],"up":[{"embeddable":true,"href":"https:\/\/www.maior.it\/es\/wp-json\/wp\/v2\/pages\/4504"}],"wp:attachment":[{"href":"https:\/\/www.maior.it\/es\/wp-json\/wp\/v2\/media?parent=4503"}],"curies":[{"name":"wp","href":"https:\/\/api.w.org\/{rel}","templated":true}]}}