{"id":4502,"date":"2021-08-24T14:50:27","date_gmt":"2021-08-24T12:50:27","guid":{"rendered":"https:\/\/www.maior.it\/?page_id=4502"},"modified":"2025-01-29T17:14:40","modified_gmt":"2025-01-29T16:14:40","slug":"privacy-policy","status":"publish","type":"page","link":"https:\/\/www.maior.it\/es\/privacy-policy\/","title":{"rendered":"Privacy policy"},"content":{"rendered":"<section class=\"wpb-content-wrapper\">[vc_row css=&#8221;.vc_custom_1643202453415{margin-top: 40px !important;}&#8221;][vc_column][vc_column_text]\n<h2><strong>Pol\u00edtica de Privacidad para objetivos comerciales y de marketing<\/strong><\/h2>\n<p><em>\u00daltima actualizaci\u00f3n: 12.02.21<\/em><\/p>\n<p>&nbsp;<\/p>\n<p>De conformidad con el art. 13 del Reglamento (UE) 2016\/679 del Parlamento Europeo y del Consejo, que establece disposiciones para la protecci\u00f3n de las personas f\u00edsicas en lo que respecta al tratamiento de datos personales, as\u00ed como a la libre circulaci\u00f3n de dichos datos y deroga la Directiva 95\/46 \/ CE (en adelante, &#8220;Reglamento&#8221;), proporcionamos la siguiente informaci\u00f3n.<\/p>\n<p>Esta informaci\u00f3n se aplica a los datos personales facilitados voluntariamente por el usuario al rellenar los formularios de solicitud de contacto, de demostraci\u00f3n de productos, de suscripci\u00f3n a boletines y de descarga de documentaci\u00f3n de marketing.<\/p>\n<p>Le informamos de que los datos que ha introducido se utilizar\u00e1n para crear un correo electr\u00f3nico que podr\u00e1 ser almacenado en el sistema de recepci\u00f3n utilizado por el propietario del sitio web.<\/p>\n<ol>\n<li>\n<h3><strong> Finalidad del tratamiento de datos personales<\/strong><\/h3>\n<\/li>\n<\/ol>\n<p>Sus datos personales ser\u00e1n procesados \u200b\u200bpor M.A.I.O.R. s.r.l., Data Controller, con el \u00fanico prop\u00f3sito de poder dar respuesta al objeto de su solicitud del mensaje enviado por el usuario.<\/p>\n<ol start=\"2\">\n<li>\n<h3><strong> Naturaleza de los datos procesados, m\u00e9todos de procesamiento y periodo de almacenamiento<\/strong><\/h3>\n<\/li>\n<\/ol>\n<p>Los datos procesados \u200b\u200bser\u00e1n exclusivamente los proporcionados por usted al completar formulario de su inter\u00e9s y se conservar\u00e1n solo el tiempo necesario para garantizar una respuesta correcta y completa (a menos que la ley exija lo contrario).<\/p>\n<ol start=\"3\">\n<li>\n<h3><strong> Suministro opcional de datos<\/strong><\/h3>\n<\/li>\n<\/ol>\n<p>La provisi\u00f3n de datos es opcional. Sin embargo, la negativa determinar\u00e1 la imposibilidad para M.A.I.O.R. srl para proceder a dar respuesta a su solicitud. Si decide proporcionarnos sus datos, le informamos que estos ser\u00e1n procesados \u200b\u200bpor personal autorizado por el Controlador de datos. En ning\u00fan caso ser\u00e1n divulgados, pero podr\u00e1n ser comunicados a terceros que realicen, por cuenta del Titular, servicios espec\u00edficos destinados a garantizar la correcta consecuci\u00f3n de los fines mencionados.<\/p>\n<ol start=\"4\">\n<li>\n<h3><strong> Controlador de datos<\/strong><\/h3>\n<\/li>\n<\/ol>\n<p>El controlador de datos es M.A.I.O.R. s.r.l., con domicilio social en Via S. Donato, 512 &#8211; 55100 LUCCA.<\/p>\n<ol start=\"5\">\n<li>\n<h3><strong> Derechos del interesado<\/strong><\/h3>\n<\/li>\n<\/ol>\n<p>Finalmente, le recordamos que, de conformidad con los art\u00edculos 15 a 21 del Reglamento, tiene derecho a obtener confirmaci\u00f3n de la existencia o no de los datos que lo conciernen, a obtener una indicaci\u00f3n del origen, el prop\u00f3sito y los m\u00e9todos de procesamiento. Actualizaci\u00f3n, rectificaci\u00f3n, integraci\u00f3n de datos y su cancelaci\u00f3n. Tambi\u00e9n tiene derecho a presentar una queja ante una autoridad de supervisi\u00f3n si considera que no se han reconocido los derechos indicados aqu\u00ed.<\/p>\n<p>Para ejercer estos derechos, comun\u00edquese con el controlador de datos escribiendo a M.A.I.O.R. s.r.l., con domicilio social en Via S. Donato, 512 &#8211; 55100 LUCCA, enviando un correo electr\u00f3nico a maior[@]maior.it o poni\u00e9ndose en contacto con nosotros <a style=\"font-family: Inter; font-size: 16px; font-weight: 400;\" href=\"https:\/\/www.maior.it\/es\/contactanos\/contactanos\/\">AQU\u00cd<\/a><span style=\"color: #484848; font-family: Inter; font-size: 16px; font-weight: 400;\">.<\/span>[\/vc_column_text][vc_empty_space][\/vc_column][\/vc_row][vc_row el_id=&#8221;cookie&#8221; css=&#8221;.vc_custom_1697005955199{margin-top: 30px !important;margin-bottom: 30px !important;}&#8221;][vc_column][\/vc_column][\/vc_row]\n<\/section>","protected":false},"excerpt":{"rendered":"<p>[vc_row css=&#8221;.vc_custom_1643202453415{margin-top: 40px !important;}&#8221;][vc_column][vc_column_text] Pol\u00edtica de Privacidad para objetivos comerciales y de marketing \u00daltima actualizaci\u00f3n: 12.02.21 &nbsp; De conformidad con el art. 13 del Reglamento (UE) 2016\/679 del Parlamento Europeo y del Consejo, que establece disposiciones para la protecci\u00f3n de las personas f\u00edsicas en lo que respecta al tratamiento de datos personales, as\u00ed como a&hellip;<\/p>\n","protected":false},"author":1,"featured_media":0,"parent":0,"menu_order":0,"comment_status":"closed","ping_status":"open","template":"","meta":{"_acf_changed":false,"inline_featured_image":false,"footnotes":""},"class_list":["post-4502","page","type-page","status-publish","hentry","entry","no-media"],"acf":[],"yoast_head":"<!-- This site is optimized with the Yoast SEO plugin v27.1.1 - https:\/\/yoast.com\/product\/yoast-seo-wordpress\/ -->\n<title>Privacy policy - MAIOR<\/title>\n<meta name=\"description\" content=\"Consulta nuestra Pol\u00edtica de Privacidad y Cookies en MAIOR para conocer c\u00f3mo gestionamos tus datos y utilizamos cookies para mejorar tu experiencia.\" \/>\n<meta name=\"robots\" content=\"index, follow, max-snippet:-1, max-image-preview:large, max-video-preview:-1\" \/>\n<link rel=\"canonical\" href=\"https:\/\/www.maior.it\/es\/privacy-policy\/\" \/>\n<meta property=\"og:locale\" content=\"es_ES\" \/>\n<meta property=\"og:type\" content=\"article\" \/>\n<meta property=\"og:title\" content=\"Privacy policy - MAIOR\" \/>\n<meta property=\"og:description\" content=\"Consulta nuestra Pol\u00edtica de Privacidad y Cookies en MAIOR para conocer c\u00f3mo gestionamos tus datos y utilizamos cookies para mejorar tu experiencia.\" \/>\n<meta property=\"og:url\" content=\"https:\/\/www.maior.it\/es\/privacy-policy\/\" \/>\n<meta property=\"og:site_name\" content=\"MAIOR\" \/>\n<meta property=\"article:modified_time\" content=\"2025-01-29T16:14:40+00:00\" \/>\n<meta name=\"twitter:card\" content=\"summary_large_image\" \/>\n<meta name=\"twitter:label1\" content=\"Tiempo de lectura\" \/>\n\t<meta name=\"twitter:data1\" content=\"2 minutos\" \/>\n<script type=\"application\/ld+json\" class=\"yoast-schema-graph\">{\"@context\":\"https:\/\/schema.org\",\"@graph\":[{\"@type\":\"WebPage\",\"@id\":\"https:\/\/www.maior.it\/es\/privacy-policy\/\",\"url\":\"https:\/\/www.maior.it\/es\/privacy-policy\/\",\"name\":\"Privacy policy - MAIOR\",\"isPartOf\":{\"@id\":\"https:\/\/www.maior.it\/#website\"},\"datePublished\":\"2021-08-24T12:50:27+00:00\",\"dateModified\":\"2025-01-29T16:14:40+00:00\",\"description\":\"Consulta nuestra Pol\u00edtica de Privacidad y Cookies en MAIOR para conocer c\u00f3mo gestionamos tus datos y utilizamos cookies para mejorar tu experiencia.\",\"breadcrumb\":{\"@id\":\"https:\/\/www.maior.it\/es\/privacy-policy\/#breadcrumb\"},\"inLanguage\":\"es\",\"potentialAction\":[{\"@type\":\"ReadAction\",\"target\":[\"https:\/\/www.maior.it\/es\/privacy-policy\/\"]}]},{\"@type\":\"BreadcrumbList\",\"@id\":\"https:\/\/www.maior.it\/es\/privacy-policy\/#breadcrumb\",\"itemListElement\":[{\"@type\":\"ListItem\",\"position\":1,\"name\":\"Home\",\"item\":\"https:\/\/www.maior.it\/es\/\"},{\"@type\":\"ListItem\",\"position\":2,\"name\":\"Privacy policy\"}]},{\"@type\":\"WebSite\",\"@id\":\"https:\/\/www.maior.it\/#website\",\"url\":\"https:\/\/www.maior.it\/\",\"name\":\"MAIOR\",\"description\":\"\",\"publisher\":{\"@id\":\"https:\/\/www.maior.it\/#organization\"},\"potentialAction\":[{\"@type\":\"SearchAction\",\"target\":{\"@type\":\"EntryPoint\",\"urlTemplate\":\"https:\/\/www.maior.it\/?s={search_term_string}\"},\"query-input\":{\"@type\":\"PropertyValueSpecification\",\"valueRequired\":true,\"valueName\":\"search_term_string\"}}],\"inLanguage\":\"es\"},{\"@type\":\"Organization\",\"@id\":\"https:\/\/www.maior.it\/#organization\",\"name\":\"MAIOR\",\"url\":\"https:\/\/www.maior.it\/\",\"logo\":{\"@type\":\"ImageObject\",\"inLanguage\":\"es\",\"@id\":\"https:\/\/www.maior.it\/#\/schema\/logo\/image\/\",\"url\":\"https:\/\/www.maior.it\/wp-content\/uploads\/2023\/08\/maior-favicon.jpg\",\"contentUrl\":\"https:\/\/www.maior.it\/wp-content\/uploads\/2023\/08\/maior-favicon.jpg\",\"width\":48,\"height\":48,\"caption\":\"MAIOR\"},\"image\":{\"@id\":\"https:\/\/www.maior.it\/#\/schema\/logo\/image\/\"},\"sameAs\":[\"https:\/\/www.instagram.com\/maior.it\",\"https:\/\/www.linkedin.com\/company\/m-a-i-o-r-\/\"]}]}<\/script>\n<!-- \/ Yoast SEO plugin. -->","yoast_head_json":{"title":"Privacy policy - MAIOR","description":"Consulta nuestra Pol\u00edtica de Privacidad y Cookies en MAIOR para conocer c\u00f3mo gestionamos tus datos y utilizamos cookies para mejorar tu experiencia.","robots":{"index":"index","follow":"follow","max-snippet":"max-snippet:-1","max-image-preview":"max-image-preview:large","max-video-preview":"max-video-preview:-1"},"canonical":"https:\/\/www.maior.it\/es\/privacy-policy\/","og_locale":"es_ES","og_type":"article","og_title":"Privacy policy - MAIOR","og_description":"Consulta nuestra Pol\u00edtica de Privacidad y Cookies en MAIOR para conocer c\u00f3mo gestionamos tus datos y utilizamos cookies para mejorar tu experiencia.","og_url":"https:\/\/www.maior.it\/es\/privacy-policy\/","og_site_name":"MAIOR","article_modified_time":"2025-01-29T16:14:40+00:00","twitter_card":"summary_large_image","twitter_misc":{"Tiempo de lectura":"2 minutos"},"schema":{"@context":"https:\/\/schema.org","@graph":[{"@type":"WebPage","@id":"https:\/\/www.maior.it\/es\/privacy-policy\/","url":"https:\/\/www.maior.it\/es\/privacy-policy\/","name":"Privacy policy - MAIOR","isPartOf":{"@id":"https:\/\/www.maior.it\/#website"},"datePublished":"2021-08-24T12:50:27+00:00","dateModified":"2025-01-29T16:14:40+00:00","description":"Consulta nuestra Pol\u00edtica de Privacidad y Cookies en MAIOR para conocer c\u00f3mo gestionamos tus datos y utilizamos cookies para mejorar tu experiencia.","breadcrumb":{"@id":"https:\/\/www.maior.it\/es\/privacy-policy\/#breadcrumb"},"inLanguage":"es","potentialAction":[{"@type":"ReadAction","target":["https:\/\/www.maior.it\/es\/privacy-policy\/"]}]},{"@type":"BreadcrumbList","@id":"https:\/\/www.maior.it\/es\/privacy-policy\/#breadcrumb","itemListElement":[{"@type":"ListItem","position":1,"name":"Home","item":"https:\/\/www.maior.it\/es\/"},{"@type":"ListItem","position":2,"name":"Privacy policy"}]},{"@type":"WebSite","@id":"https:\/\/www.maior.it\/#website","url":"https:\/\/www.maior.it\/","name":"MAIOR","description":"","publisher":{"@id":"https:\/\/www.maior.it\/#organization"},"potentialAction":[{"@type":"SearchAction","target":{"@type":"EntryPoint","urlTemplate":"https:\/\/www.maior.it\/?s={search_term_string}"},"query-input":{"@type":"PropertyValueSpecification","valueRequired":true,"valueName":"search_term_string"}}],"inLanguage":"es"},{"@type":"Organization","@id":"https:\/\/www.maior.it\/#organization","name":"MAIOR","url":"https:\/\/www.maior.it\/","logo":{"@type":"ImageObject","inLanguage":"es","@id":"https:\/\/www.maior.it\/#\/schema\/logo\/image\/","url":"https:\/\/www.maior.it\/wp-content\/uploads\/2023\/08\/maior-favicon.jpg","contentUrl":"https:\/\/www.maior.it\/wp-content\/uploads\/2023\/08\/maior-favicon.jpg","width":48,"height":48,"caption":"MAIOR"},"image":{"@id":"https:\/\/www.maior.it\/#\/schema\/logo\/image\/"},"sameAs":["https:\/\/www.instagram.com\/maior.it","https:\/\/www.linkedin.com\/company\/m-a-i-o-r-\/"]}]}},"_links":{"self":[{"href":"https:\/\/www.maior.it\/es\/wp-json\/wp\/v2\/pages\/4502","targetHints":{"allow":["GET"]}}],"collection":[{"href":"https:\/\/www.maior.it\/es\/wp-json\/wp\/v2\/pages"}],"about":[{"href":"https:\/\/www.maior.it\/es\/wp-json\/wp\/v2\/types\/page"}],"author":[{"embeddable":true,"href":"https:\/\/www.maior.it\/es\/wp-json\/wp\/v2\/users\/1"}],"replies":[{"embeddable":true,"href":"https:\/\/www.maior.it\/es\/wp-json\/wp\/v2\/comments?post=4502"}],"version-history":[{"count":10,"href":"https:\/\/www.maior.it\/es\/wp-json\/wp\/v2\/pages\/4502\/revisions"}],"predecessor-version":[{"id":20614,"href":"https:\/\/www.maior.it\/es\/wp-json\/wp\/v2\/pages\/4502\/revisions\/20614"}],"wp:attachment":[{"href":"https:\/\/www.maior.it\/es\/wp-json\/wp\/v2\/media?parent=4502"}],"curies":[{"name":"wp","href":"https:\/\/api.w.org\/{rel}","templated":true}]}}