{"id":28430,"date":"2025-06-26T13:33:17","date_gmt":"2025-06-26T11:33:17","guid":{"rendered":"https:\/\/www.maior.it\/?page_id=28430"},"modified":"2026-03-25T12:03:50","modified_gmt":"2026-03-25T11:03:50","slug":"accesibilidad","status":"publish","type":"page","link":"https:\/\/www.maior.it\/es\/accesibilidad\/","title":{"rendered":"Accesibilidad"},"content":{"rendered":"<section class=\"wpb-content-wrapper\">[vc_row el_class=&#8221;breadcrumb margin_top_30&#8243;][vc_column]<nav class=\"vcex-breadcrumbs vcex-breadcrumbs--links-inherit-color center_desktop\" style=\"--vcex-breadcrumbs-sep-color:#b9d6f4;font-size:14px;font-family:&#039;Inter&#039;,sans-serif;line-height:140%;\"><span><span><a href=\"https:\/\/www.maior.it\/es\/\">Home<\/a><\/span><\/span><\/nav>[\/vc_column][\/vc_row][vc_row full_width=&#8221;stretch_row_content_no_spaces&#8221; el_class=&#8221;margin_top_50 references_riga1&#8243; visibility=&#8221;visible-desktop&#8221;][vc_column width=&#8221;1\/2&#8243; el_class=&#8221;references_riga1_col1&#8243;][vc_single_image image=&#8221;28153&#8243;][\/vc_column][vc_column width=&#8221;1\/2&#8243; el_class=&#8221;references_riga1_col2&#8243;][vc_column_text]\n<h3>Accesibilidad Digital seg\u00fan MAIOR<\/h3>\n[\/vc_column_text][vc_empty_space height=&#8221;15px&#8221;][vc_column_text]Un mundo verdaderamente conectado es un mundo accesible para todos.<\/p>\n<p>Navegar por un sitio web, usar una aplicaci\u00f3n, leer contenidos en l\u00ednea: son acciones cotidianas que muchos consideran normales.<br \/>\nPero para algunas personas, no es tan sencillo.<\/p>\n<p>Por eso, en MAIOR, creemos que la accesibilidad digital no es un extra, sino una necesidad.<br \/>\nTodos, independientemente de sus capacidades f\u00edsicas, sensoriales o cognitivas, deben poder vivir una experiencia digital completa, inclusiva y respetuosa.[\/vc_column_text][vc_empty_space][vc_column_text]\n<h3>Nuestro compromiso concreto<\/h3>\n[\/vc_column_text][vc_empty_space height=&#8221;15px&#8221;][vc_column_text]Trabajamos con dedicaci\u00f3n para garantizar que todas nuestras herramientas digitales sean f\u00e1ciles de usar, siguiendo los est\u00e1ndares internacionales indicados en las Pautas de Accesibilidad para el Contenido Web (WCAG) 2.1.<\/p>\n<p>Esto significa que los textos, botones, men\u00fas, colores y funcionalidades est\u00e1n dise\u00f1ados para ser claros y utilizables por todos, incluidos aquellos que dependen de tecnolog\u00edas de asistencia o que enfrentan dificultades visuales, cognitivas o motoras.[\/vc_column_text][\/vc_column][\/vc_row][vc_row el_class=&#8221;margin_top_50&#8243; visibility=&#8221;visible-phone&#8221; el_id=&#8221;mobile&#8221;][vc_column el_class=&#8221;references_riga1_col1&#8243;][vc_column_text]\n<h3>Accesibilidad Digital seg\u00fan MAIOR<\/h3>\n[\/vc_column_text][\/vc_column][\/vc_row][vc_row full_width=&#8221;stretch_row_content_no_spaces&#8221; visibility=&#8221;visible-phone&#8221; css=&#8221;.vc_custom_1750940901279{margin-top: 30px !important;}&#8221; el_id=&#8221;mobile&#8221;][vc_column el_class=&#8221;references_riga1_col1&#8243;][vc_single_image image=&#8221;28153&#8243;][\/vc_column][\/vc_row][vc_row el_class=&#8221;margin_top_50&#8243; visibility=&#8221;visible-phone&#8221; el_id=&#8221;mobile&#8221;][vc_column el_class=&#8221;references_riga1_col1&#8243;][vc_column_text]Un mundo verdaderamente conectado es un mundo accesible para todos.<\/p>\n<p>Navegar por un sitio web, usar una aplicaci\u00f3n, leer contenidos en l\u00ednea: son acciones cotidianas que muchos consideran naturales.<br \/>\nPero para algunas personas, no son tan sencillas.<\/p>\n<p>Por eso, en MAIOR creemos que la accesibilidad digital no es una opci\u00f3n, sino una necesidad.<br \/>\nTodos, independientemente de sus capacidades f\u00edsicas, sensoriales o cognitivas, deben poder disfrutar de una experiencia digital completa, inclusiva y respetuosa.[\/vc_column_text][vc_empty_space height=&#8221;15px&#8221;][vc_column_text]\n<h3>Nosso compromisso concreto<\/h3>\n[\/vc_column_text][vc_empty_space height=&#8221;15px&#8221;][vc_column_text]Nos comprometemos a garantizar que todas nuestras herramientas digitales sean f\u00e1ciles de usar, siguiendo los est\u00e1ndares internacionales establecidos por las Pautas de Accesibilidad para el Contenido Web (WCAG) 2.1.<\/p>\n<p>Esto significa que los textos, botones, men\u00fas, colores y funcionalidades est\u00e1n dise\u00f1ados para ser comprensibles y utilizables por todos, incluidos aquellos que usan tecnolog\u00edas asistivas o enfrentan dificultades visuales, cognitivas o motrices.[\/vc_column_text][\/vc_column][\/vc_row][vc_row][vc_column width=&#8221;1\/4&#8243;][\/vc_column][vc_column width=&#8221;1\/2&#8243;][vc_empty_space][vc_separator][vc_empty_space][vc_column_text]\n<h4>Accesibilidad pr\u00e1ctica<\/h4>\n[\/vc_column_text][vc_empty_space][\/vc_column][vc_column width=&#8221;1\/4&#8243;][\/vc_column][\/vc_row][vc_row el_class=&#8221;Aftersale_riga_blocchi webinar_riga_blocchi&#8221;][vc_column width=&#8221;1\/3&#8243;][vc_row_inner el_class=&#8221;Aftersale_riga_blocchi_box2&#8243;][vc_column_inner][vc_column_text]Nos comprometemos a hacer que nuestros sitios web sean cada vez m\u00e1s accesibles.<br \/>\nPor eso, hemos introducido un asistente digital que ayuda a los usuarios en la navegaci\u00f3n.[\/vc_column_text][\/vc_column_inner][\/vc_row_inner][\/vc_column][vc_column width=&#8221;1\/3&#8243;][vc_row_inner el_class=&#8221;Aftersale_riga_blocchi_box2&#8243;][vc_column_inner][vc_column_text]Monitoreamos constantemente nuestras plataformas digitales y colaboramos con especialistas para resolver posibles problemas y mejorar la accesibilidad.[\/vc_column_text][\/vc_column_inner][\/vc_row_inner][\/vc_column][vc_column width=&#8221;1\/3&#8243;][vc_row_inner el_class=&#8221;Aftersale_riga_blocchi_box2&#8243;][vc_column_inner][vc_column_text]MAIOR publica y actualiza su <a href=\"https:\/\/www.maior.it\/wp-content\/uploads\/2026\/03\/20260325-MAIOR-Declaracio\u0301n-de-accesibilidad.pdf\" target=\"_blank\" rel=\"noopener\">Declaraci\u00f3n de Accesibilidad<\/a>, un documento que demuestra el compromiso de la empresa para garantizar una experiencia inclusiva.[\/vc_column_text][\/vc_column_inner][\/vc_row_inner][\/vc_column][\/vc_row][vc_row visibility=&#8221;visible-desktop&#8221;][vc_column][vc_empty_space][vc_row_inner el_class=&#8221;Aftersale_riga_blocchi_box2&#8243;][vc_column_inner][vc_column_text text_align=&#8221;center&#8221;]Si nota alg\u00fan problema de accesibilidad, por favor, inf\u00f3rmenos. Su opini\u00f3n nos ayuda a mejorar nuestros servicios para todos.<br \/>\n<a href=\"https:\/\/www.maior.it\/es\/contactanos\/contactanos\/\">Escr\u00edbanos<\/a> indicando la p\u00e1gina, una descripci\u00f3n del problema, el dispositivo\/navegador utilizado y, si corresponde, las tecnolog\u00edas asistivas empleadas.[\/vc_column_text][\/vc_column_inner][\/vc_row_inner][vc_empty_space][\/vc_column][\/vc_row][vc_row el_id=&#8221;mobile&#8221; visibility=&#8221;visible-phone&#8221;][vc_column][vc_empty_space][vc_column_text]Si nota alg\u00fan problema de accesibilidad, por favor, inf\u00f3rmenos. Su opini\u00f3n nos ayuda a mejorar nuestros servicios para todos.<br \/>\n<a href=\"https:\/\/www.maior.it\/es\/contactanos\/contactanos\/\">Escr\u00edbanos<\/a> indicando la p\u00e1gina, una descripci\u00f3n del problema, el dispositivo\/navegador utilizado y, si corresponde, las tecnolog\u00edas asistivas empleadas.[\/vc_column_text][vc_empty_space][\/vc_column][\/vc_row]\n<\/section>","protected":false},"excerpt":{"rendered":"<p>[vc_row el_class=&#8221;breadcrumb margin_top_30&#8243;][vc_column][\/vc_column][\/vc_row][vc_row full_width=&#8221;stretch_row_content_no_spaces&#8221; el_class=&#8221;margin_top_50 references_riga1&#8243; visibility=&#8221;visible-desktop&#8221;][vc_column width=&#8221;1\/2&#8243; el_class=&#8221;references_riga1_col1&#8243;][vc_single_image image=&#8221;28153&#8243;][\/vc_column][vc_column width=&#8221;1\/2&#8243; el_class=&#8221;references_riga1_col2&#8243;][vc_column_text] Accesibilidad Digital seg\u00fan MAIOR [\/vc_column_text][vc_empty_space height=&#8221;15px&#8221;][vc_column_text]Un mundo verdaderamente conectado es un mundo accesible para todos. Navegar por un sitio web, usar una aplicaci\u00f3n, leer contenidos en l\u00ednea: son acciones cotidianas que muchos consideran normales. Pero para algunas personas, no es tan sencillo. Por&hellip;<\/p>\n","protected":false},"author":2,"featured_media":0,"parent":0,"menu_order":0,"comment_status":"closed","ping_status":"closed","template":"","meta":{"_acf_changed":false,"inline_featured_image":false,"footnotes":""},"class_list":["post-28430","page","type-page","status-publish","hentry","entry","no-media"],"acf":[],"yoast_head":"<!-- This site is optimized with the Yoast SEO plugin v27.1.1 - https:\/\/yoast.com\/product\/yoast-seo-wordpress\/ -->\n<title>Accesibilidad - MAIOR<\/title>\n<meta name=\"description\" content=\"Un mundo verdaderamente conectado es un mundo accesible para todos.Navegar por un sitio web, usar una aplicaci\u00f3n, leer contenidos en l\u00ednea: son acciones cotidianas que muchos consideran naturales.Pero para algunas personas, no son tan sencillas.Por eso, en MAIOR creemos que la accesibilidad digital no es una opci\u00f3n, sino una necesidad.Todos, independientemente de sus capacidades f\u00edsicas, sensoriales o cognitivas, deben poder disfrutar de una experiencia digital completa, inclusiva y respetuosa.\" \/>\n<meta name=\"robots\" content=\"index, follow, max-snippet:-1, max-image-preview:large, max-video-preview:-1\" \/>\n<link rel=\"canonical\" href=\"https:\/\/www.maior.it\/es\/accesibilidad\/\" \/>\n<meta property=\"og:locale\" content=\"es_ES\" \/>\n<meta property=\"og:type\" content=\"article\" \/>\n<meta property=\"og:title\" content=\"Accesibilidad - MAIOR\" \/>\n<meta property=\"og:description\" content=\"Un mundo verdaderamente conectado es un mundo accesible para todos.Navegar por un sitio web, usar una aplicaci\u00f3n, leer contenidos en l\u00ednea: son acciones cotidianas que muchos consideran naturales.Pero para algunas personas, no son tan sencillas.Por eso, en MAIOR creemos que la accesibilidad digital no es una opci\u00f3n, sino una necesidad.Todos, independientemente de sus capacidades f\u00edsicas, sensoriales o cognitivas, deben poder disfrutar de una experiencia digital completa, inclusiva y respetuosa.\" \/>\n<meta property=\"og:url\" content=\"https:\/\/www.maior.it\/es\/accesibilidad\/\" \/>\n<meta property=\"og:site_name\" content=\"MAIOR\" \/>\n<meta property=\"article:modified_time\" content=\"2026-03-25T11:03:50+00:00\" \/>\n<meta name=\"twitter:card\" content=\"summary_large_image\" \/>\n<meta name=\"twitter:label1\" content=\"Tiempo de lectura\" \/>\n\t<meta name=\"twitter:data1\" content=\"3 minutos\" \/>\n<script type=\"application\/ld+json\" class=\"yoast-schema-graph\">{\"@context\":\"https:\/\/schema.org\",\"@graph\":[{\"@type\":\"WebPage\",\"@id\":\"https:\/\/www.maior.it\/es\/accesibilidad\/\",\"url\":\"https:\/\/www.maior.it\/es\/accesibilidad\/\",\"name\":\"Accesibilidad - MAIOR\",\"isPartOf\":{\"@id\":\"https:\/\/www.maior.it\/#website\"},\"datePublished\":\"2025-06-26T11:33:17+00:00\",\"dateModified\":\"2026-03-25T11:03:50+00:00\",\"description\":\"Un mundo verdaderamente conectado es un mundo accesible para todos.Navegar por un sitio web, usar una aplicaci\u00f3n, leer contenidos en l\u00ednea: son acciones cotidianas que muchos consideran naturales.Pero para algunas personas, no son tan sencillas.Por eso, en MAIOR creemos que la accesibilidad digital no es una opci\u00f3n, sino una necesidad.Todos, independientemente de sus capacidades f\u00edsicas, sensoriales o cognitivas, deben poder disfrutar de una experiencia digital completa, inclusiva y respetuosa.\",\"breadcrumb\":{\"@id\":\"https:\/\/www.maior.it\/es\/accesibilidad\/#breadcrumb\"},\"inLanguage\":\"es\",\"potentialAction\":[{\"@type\":\"ReadAction\",\"target\":[\"https:\/\/www.maior.it\/es\/accesibilidad\/\"]}]},{\"@type\":\"BreadcrumbList\",\"@id\":\"https:\/\/www.maior.it\/es\/accesibilidad\/#breadcrumb\",\"itemListElement\":[{\"@type\":\"ListItem\",\"position\":1,\"name\":\"Home\",\"item\":\"https:\/\/www.maior.it\/es\/\"},{\"@type\":\"ListItem\",\"position\":2,\"name\":\"Accesibilidad\"}]},{\"@type\":\"WebSite\",\"@id\":\"https:\/\/www.maior.it\/#website\",\"url\":\"https:\/\/www.maior.it\/\",\"name\":\"MAIOR\",\"description\":\"\",\"publisher\":{\"@id\":\"https:\/\/www.maior.it\/#organization\"},\"potentialAction\":[{\"@type\":\"SearchAction\",\"target\":{\"@type\":\"EntryPoint\",\"urlTemplate\":\"https:\/\/www.maior.it\/?s={search_term_string}\"},\"query-input\":{\"@type\":\"PropertyValueSpecification\",\"valueRequired\":true,\"valueName\":\"search_term_string\"}}],\"inLanguage\":\"es\"},{\"@type\":\"Organization\",\"@id\":\"https:\/\/www.maior.it\/#organization\",\"name\":\"MAIOR\",\"url\":\"https:\/\/www.maior.it\/\",\"logo\":{\"@type\":\"ImageObject\",\"inLanguage\":\"es\",\"@id\":\"https:\/\/www.maior.it\/#\/schema\/logo\/image\/\",\"url\":\"https:\/\/www.maior.it\/wp-content\/uploads\/2023\/08\/maior-favicon.jpg\",\"contentUrl\":\"https:\/\/www.maior.it\/wp-content\/uploads\/2023\/08\/maior-favicon.jpg\",\"width\":48,\"height\":48,\"caption\":\"MAIOR\"},\"image\":{\"@id\":\"https:\/\/www.maior.it\/#\/schema\/logo\/image\/\"},\"sameAs\":[\"https:\/\/www.instagram.com\/maior.it\",\"https:\/\/www.linkedin.com\/company\/m-a-i-o-r-\/\"]}]}<\/script>\n<!-- \/ Yoast SEO plugin. -->","yoast_head_json":{"title":"Accesibilidad - MAIOR","description":"Un mundo verdaderamente conectado es un mundo accesible para todos.Navegar por un sitio web, usar una aplicaci\u00f3n, leer contenidos en l\u00ednea: son acciones cotidianas que muchos consideran naturales.Pero para algunas personas, no son tan sencillas.Por eso, en MAIOR creemos que la accesibilidad digital no es una opci\u00f3n, sino una necesidad.Todos, independientemente de sus capacidades f\u00edsicas, sensoriales o cognitivas, deben poder disfrutar de una experiencia digital completa, inclusiva y respetuosa.","robots":{"index":"index","follow":"follow","max-snippet":"max-snippet:-1","max-image-preview":"max-image-preview:large","max-video-preview":"max-video-preview:-1"},"canonical":"https:\/\/www.maior.it\/es\/accesibilidad\/","og_locale":"es_ES","og_type":"article","og_title":"Accesibilidad - MAIOR","og_description":"Un mundo verdaderamente conectado es un mundo accesible para todos.Navegar por un sitio web, usar una aplicaci\u00f3n, leer contenidos en l\u00ednea: son acciones cotidianas que muchos consideran naturales.Pero para algunas personas, no son tan sencillas.Por eso, en MAIOR creemos que la accesibilidad digital no es una opci\u00f3n, sino una necesidad.Todos, independientemente de sus capacidades f\u00edsicas, sensoriales o cognitivas, deben poder disfrutar de una experiencia digital completa, inclusiva y respetuosa.","og_url":"https:\/\/www.maior.it\/es\/accesibilidad\/","og_site_name":"MAIOR","article_modified_time":"2026-03-25T11:03:50+00:00","twitter_card":"summary_large_image","twitter_misc":{"Tiempo de lectura":"3 minutos"},"schema":{"@context":"https:\/\/schema.org","@graph":[{"@type":"WebPage","@id":"https:\/\/www.maior.it\/es\/accesibilidad\/","url":"https:\/\/www.maior.it\/es\/accesibilidad\/","name":"Accesibilidad - MAIOR","isPartOf":{"@id":"https:\/\/www.maior.it\/#website"},"datePublished":"2025-06-26T11:33:17+00:00","dateModified":"2026-03-25T11:03:50+00:00","description":"Un mundo verdaderamente conectado es un mundo accesible para todos.Navegar por un sitio web, usar una aplicaci\u00f3n, leer contenidos en l\u00ednea: son acciones cotidianas que muchos consideran naturales.Pero para algunas personas, no son tan sencillas.Por eso, en MAIOR creemos que la accesibilidad digital no es una opci\u00f3n, sino una necesidad.Todos, independientemente de sus capacidades f\u00edsicas, sensoriales o cognitivas, deben poder disfrutar de una experiencia digital completa, inclusiva y respetuosa.","breadcrumb":{"@id":"https:\/\/www.maior.it\/es\/accesibilidad\/#breadcrumb"},"inLanguage":"es","potentialAction":[{"@type":"ReadAction","target":["https:\/\/www.maior.it\/es\/accesibilidad\/"]}]},{"@type":"BreadcrumbList","@id":"https:\/\/www.maior.it\/es\/accesibilidad\/#breadcrumb","itemListElement":[{"@type":"ListItem","position":1,"name":"Home","item":"https:\/\/www.maior.it\/es\/"},{"@type":"ListItem","position":2,"name":"Accesibilidad"}]},{"@type":"WebSite","@id":"https:\/\/www.maior.it\/#website","url":"https:\/\/www.maior.it\/","name":"MAIOR","description":"","publisher":{"@id":"https:\/\/www.maior.it\/#organization"},"potentialAction":[{"@type":"SearchAction","target":{"@type":"EntryPoint","urlTemplate":"https:\/\/www.maior.it\/?s={search_term_string}"},"query-input":{"@type":"PropertyValueSpecification","valueRequired":true,"valueName":"search_term_string"}}],"inLanguage":"es"},{"@type":"Organization","@id":"https:\/\/www.maior.it\/#organization","name":"MAIOR","url":"https:\/\/www.maior.it\/","logo":{"@type":"ImageObject","inLanguage":"es","@id":"https:\/\/www.maior.it\/#\/schema\/logo\/image\/","url":"https:\/\/www.maior.it\/wp-content\/uploads\/2023\/08\/maior-favicon.jpg","contentUrl":"https:\/\/www.maior.it\/wp-content\/uploads\/2023\/08\/maior-favicon.jpg","width":48,"height":48,"caption":"MAIOR"},"image":{"@id":"https:\/\/www.maior.it\/#\/schema\/logo\/image\/"},"sameAs":["https:\/\/www.instagram.com\/maior.it","https:\/\/www.linkedin.com\/company\/m-a-i-o-r-\/"]}]}},"_links":{"self":[{"href":"https:\/\/www.maior.it\/es\/wp-json\/wp\/v2\/pages\/28430","targetHints":{"allow":["GET"]}}],"collection":[{"href":"https:\/\/www.maior.it\/es\/wp-json\/wp\/v2\/pages"}],"about":[{"href":"https:\/\/www.maior.it\/es\/wp-json\/wp\/v2\/types\/page"}],"author":[{"embeddable":true,"href":"https:\/\/www.maior.it\/es\/wp-json\/wp\/v2\/users\/2"}],"replies":[{"embeddable":true,"href":"https:\/\/www.maior.it\/es\/wp-json\/wp\/v2\/comments?post=28430"}],"version-history":[{"count":4,"href":"https:\/\/www.maior.it\/es\/wp-json\/wp\/v2\/pages\/28430\/revisions"}],"predecessor-version":[{"id":30506,"href":"https:\/\/www.maior.it\/es\/wp-json\/wp\/v2\/pages\/28430\/revisions\/30506"}],"wp:attachment":[{"href":"https:\/\/www.maior.it\/es\/wp-json\/wp\/v2\/media?parent=28430"}],"curies":[{"name":"wp","href":"https:\/\/api.w.org\/{rel}","templated":true}]}}