{"id":20347,"date":"2024-12-06T10:19:11","date_gmt":"2024-12-06T09:19:11","guid":{"rendered":"https:\/\/www.maior.it\/soluciones\/para-buses-electricos\/e-bus-events-planning\/"},"modified":"2025-04-14T16:57:03","modified_gmt":"2025-04-14T14:57:03","slug":"planificacion-buses-electricos","status":"publish","type":"page","link":"https:\/\/www.maior.it\/es\/soluciones\/para-buses-electricos\/planificacion-buses-electricos\/","title":{"rendered":"Planificaci\u00f3n de Eventos para flotas con buses el\u00e9ctricos con MAIOR"},"content":{"rendered":"<section class=\"wpb-content-wrapper\">[vc_row el_class=&#8221;breadcrumb margin_top_30&#8243;][vc_column]<nav class=\"vcex-breadcrumbs vcex-breadcrumbs--links-inherit-color vcex-breadcrumbs--custom-color center_desktop\" style=\"color:#b9d6f4;--vcex-breadcrumbs-sep-color:#b9d6f4;font-size:14px;font-family:&#039;Inter&#039;,sans-serif;line-height:140%;--wpex-link-text-decoration:underline;\"><span><span><a href=\"https:\/\/www.maior.it\/es\/\">Home<\/a><\/span><\/span><\/nav>[\/vc_column][\/vc_row][vc_row el_class=&#8221;margin_top_50&#8243;][vc_column width=&#8221;1\/2&#8243;][vc_column_text]\n<h1>Planificaci\u00f3n de Eventos<\/h1>\n[\/vc_column_text][vc_column_text]\n<h2>para flotas con buses el\u00e9ctricos con MAIOR<\/h2>\n[\/vc_column_text][\/vc_column][vc_column width=&#8221;1\/2&#8243;][vc_column_text]La planificaci\u00f3n de eventos en grandes ciudades implica desaf\u00edos complejos, especialmente al integrar flotas de autobuses el\u00e9ctricos. MAIOR Suite aborda estos desaf\u00edos con caracter\u00edsticas adaptadas para operaciones de e-buses, asegurando soluciones de transporte eficientes y confiables.[\/vc_column_text][\/vc_column][\/vc_row][vc_row full_width=&#8221;stretch_row_content_no_spaces&#8221; el_class=&#8221;margin_top_60&#8243;][vc_column][vc_single_image image=&#8221;10015&#8243; visibility=&#8221;hidden-phone&#8221;][vc_single_image image=&#8221;10018&#8243; visibility=&#8221;visible-phone&#8221;][\/vc_column][\/vc_row][vc_row full_width=&#8221;stretch_row_content_no_spaces&#8221; el_class=&#8221;margin_top_60&#8243;][vc_column][vc_column_text css=&#8221;.vc_custom_1733484072236{margin-top: 24px !important;}&#8221;]\n<h4 style=\"text-align: center;\">Caso de Estudio Destacado<\/h4>\n[\/vc_column_text][vc_empty_space][\/vc_column][\/vc_row][vc_row content_placement=&#8221;middle&#8221;][vc_column width=&#8221;1\/2&#8243;][vc_single_image image=&#8221;20375&#8243;][vc_column_text font_size=&#8221;14px&#8221; css=&#8221;.vc_custom_1693317183436{margin-top: 16px !important;}&#8221;][\/vc_column_text][\/vc_column][vc_column width=&#8221;1\/2&#8243;][vc_column_text css=&#8221;.vc_custom_1733918666710{margin-top: 24px !important;margin-bottom: 8px !important;}&#8221;]\n<h3 style=\"text-align: left;\">Catar 2022<\/h3>\n[\/vc_column_text][vc_column_text]Durante una de las Copas del Mundo m\u00e1s significativas, que atrajo a m\u00e1s de 3 millones de asistentes, la optimizaci\u00f3n del transporte p\u00fablico fue fundamental. Los algoritmos avanzados de la MAIOR Suite jugaron un papel clave en mejorar el rendimiento y la eficiencia de una de las mayores flotas de e-buses del mundo en ese momento. La programaci\u00f3n eficiente, incluyendo la integraci\u00f3n precisa de los tiempos de recarga de los veh\u00edculos, fue crucial para garantizar servicios de pasajeros continuos y eficientes, haciendo del evento un \u00e9xito en t\u00e9rminos de movilidad sostenible.[\/vc_column_text][\/vc_column][\/vc_row][vc_row el_class=&#8221;margin_top_50&#8243;][vc_column][vc_column_text]\n<h2 style=\"text-align: center;\">Descubre m\u00e1s Casos de Estudio<\/h2>\n[\/vc_column_text][vc_empty_space height=&#8221;10px&#8221;][vc_column_text]\n<p style=\"text-align: center;\">Conoce c\u00f3mo la MAIOR Suite para Flotas Mixtas mejora la planificaci\u00f3n de movilidad en eventos. Descubre nuestra experiencia en eventos importantes en Nur-Sult\u00e1n, Mil\u00e1n, Toscana, Pek\u00edn y Tur\u00edn.<\/p>\n[\/vc_column_text][vc_empty_space height=&#8221;10px&#8221;]<div class=\"theme-button-wrap textcenter wpex-clr\"><a href=\"https:\/\/www.maior.it\/es\/soluciones\/para-flotas-mixtas\/planificacion-eventos\/\" class=\"vcex-button theme-button align-center inline\"><span class=\"theme-button-inner\">Leer m\u00e1s<\/span><\/a><\/div> [vc_empty_space height=&#8221;10px&#8221;][\/vc_column][\/vc_row][vc_row el_class=&#8221;margin_top_50&#8243;][vc_column][vc_column_text]\n<h2 style=\"text-align: left;\">Caracter\u00edsticas para la Gesti\u00f3n de Flotas de Buses El\u00e9ctricos<\/h2>\n[\/vc_column_text][vc_empty_space][vc_column_text]La MAIOR Suite permite una planificaci\u00f3n y gesti\u00f3n efectiva de flotas de e-buses, abordando las necesidades \u00fanicas de los autobuses el\u00e9ctricos y garantizando una soluci\u00f3n de transporte exitosa y sostenible para eventos importantes.<\/p>\n<ul>\n<li><strong>Simulaci\u00f3n de Electrificaci\u00f3n de Rutas<\/strong><br \/>\nEval\u00faa la viabilidad de integrar e-buses en las rutas simulando las necesidades energ\u00e9ticas y los requisitos de infraestructura desde las primeras etapas del proceso de planificaci\u00f3n del proyecto. Esto ayuda a garantizar que las rutas sean adecuadas y operativamente eficientes.<\/li>\n<li><strong>Creaci\u00f3n de Escenarios con Diferentes Estrategias de Carga<\/strong><br \/>\nDesarrolla y compara varias estrategias de carga para identificar el plan m\u00e1s efectivo para mantener las operaciones de la flota. Esto incluye opciones para ubicaciones y m\u00e9todos de carga, optimizando la disponibilidad de veh\u00edculos y minimizando tiempos de inactividad.<\/li>\n<li><strong>Asignaci\u00f3n Avanzada de Veh\u00edculos<\/strong><br \/>\nMonitorea en tiempo real el estado de carga de cada e-bus para asignar veh\u00edculos a las rutas seg\u00fan su vida \u00fatil de bater\u00eda. Esto previene interrupciones y asegura un servicio constante a lo largo del evento.<\/li>\n<\/ul>\n[\/vc_column_text][vc_empty_space][\/vc_column][\/vc_row][vc_row full_width=&#8221;stretch_row_content_no_spaces&#8221; el_class=&#8221;margin_top_150 margin_top_50_mobile&#8221; visibility=&#8221;hidden-phone&#8221;][vc_column width=&#8221;7\/12&#8243;]<div class=\"vcex-module wpex-carousel wpex-carousel-images wpex-clr owl-carousel\" data-wpex-carousel=\"{&quot;nav&quot;:&quot;false&quot;,&quot;center&quot;:&quot;true&quot;}\"><div class=\"wpex-carousel-slide textcenter\"><figure class=\"wpex-carousel-entry-media entry-media\"><img loading=\"lazy\" decoding=\"async\" width=\"194\" height=\"102\" src=\"https:\/\/www.maior.it\/wp-content\/uploads\/2023\/07\/trenord-logo-1.png\" class=\"wpex-align-middle skip-lazy\" alt=\"Home\" data-no-lazy=\"1\" \/><\/figure><\/div><div class=\"wpex-carousel-slide textcenter\"><figure class=\"wpex-carousel-entry-media entry-media\"><img loading=\"lazy\" decoding=\"async\" width=\"194\" height=\"102\" src=\"https:\/\/www.maior.it\/wp-content\/uploads\/2023\/07\/thales-logo-1.png\" class=\"wpex-align-middle skip-lazy\" alt=\"Home\" data-no-lazy=\"1\" \/><\/figure><\/div><div class=\"wpex-carousel-slide textcenter\"><figure class=\"wpex-carousel-entry-media entry-media\"><img loading=\"lazy\" decoding=\"async\" width=\"194\" height=\"102\" src=\"https:\/\/www.maior.it\/wp-content\/uploads\/2023\/07\/atac-logo-1.png\" class=\"wpex-align-middle skip-lazy\" alt=\"Home\" data-no-lazy=\"1\" \/><\/figure><\/div><\/div>[\/vc_column][vc_column width=&#8221;5\/12&#8243;][\/vc_column][\/vc_row][vc_row el_class=&#8221;margin_top_30_mobile&#8221;][vc_column][vc_column_text color=&#8221;#0071bb&#8221; font_size=&#8221;d:36px|pl:24px|pp:24px&#8221; font_family=&#8221;Montserrat&#8221; line_height=&#8221;140%&#8221; font_weight=&#8221;600&#8243; el_class=&#8221;line_height140&#8243;]\n<h2>100+ systems in production<br \/>\naround the world<\/h2>\n[\/vc_column_text][vc_column_text color=&#8221;#0071bb&#8221; font_size=&#8221;16px&#8221; font_family=&#8221;Inter&#8221; line_height=&#8221;150%&#8221; font_weight=&#8221;400&#8243; css=&#8221;.vc_custom_1689072341272{margin-top: 7px !important;}&#8221;]Europe, North America, the Middle East, Oceania, South America, &amp; Asia[\/vc_column_text]<div class=\"vcex-module vcex-icon-box vcex-icon-box-seven wpex-relative wpex-flex wpex-text-right wpex-flex-row-reverse vc_custom_1744642614774 icon_box\" data-wpex-hover=\"{&quot;background&quot;:&quot;#f5bb06&quot;}\" style=\"background-color:#faa00e;border-radius:8px;\"><div class=\"vcex-icon-box-symbol wpex-flex-shrink-0 wpex-ml-20\"><a href=\"https:\/\/www.maior.it\/es\/maior\/referencias\/\" class=\"wpex-no-underline\"><img loading=\"lazy\" decoding=\"async\" src=\"https:\/\/www.maior.it\/wp-content\/uploads\/2023\/07\/freccia-bianca-destra.svg\" alt=\"\" class=\"vcex-icon-box-image wpex-align-middle\" style=\"width:28px;height:16px;\" width=\"28\" height=\"16\"><\/a><\/div><div class=\"vcex-icon-box-text wpex-flex-grow\"><a href=\"https:\/\/www.maior.it\/es\/maior\/referencias\/\" class=\"vcex-icon-box-link wpex-no-underline\"><h2 class=\"vcex-icon-box-heading wpex-heading wpex-text-md wpex-mb-10\" style=\"font-family:Montserrat;font-weight:800;color:#ffffff;font-size:18px;\">References<\/h2><\/a><\/div><\/div>[\/vc_column][\/vc_row][vc_row full_width=&#8221;stretch_row_content_no_spaces&#8221; visibility=&#8221;visible-phone&#8221; el_class=&#8221;margin_top_40_mobile&#8221;][vc_column]<div class=\"vcex-module wpex-carousel wpex-carousel-images wpex-clr owl-carousel\" data-wpex-carousel=\"{&quot;nav&quot;:&quot;false&quot;,&quot;center&quot;:&quot;true&quot;,&quot;itemsMobileLandscape&quot;:2,&quot;itemsMobilePortrait&quot;:2}\"><div class=\"wpex-carousel-slide textcenter\"><figure class=\"wpex-carousel-entry-media entry-media\"><img loading=\"lazy\" decoding=\"async\" width=\"194\" height=\"102\" src=\"https:\/\/www.maior.it\/wp-content\/uploads\/2023\/07\/trenord-logo-1.png\" class=\"wpex-align-middle skip-lazy\" alt=\"Home\" data-no-lazy=\"1\" \/><\/figure><\/div><div class=\"wpex-carousel-slide textcenter\"><figure class=\"wpex-carousel-entry-media entry-media\"><img loading=\"lazy\" decoding=\"async\" width=\"194\" height=\"102\" src=\"https:\/\/www.maior.it\/wp-content\/uploads\/2023\/07\/thales-logo-1.png\" class=\"wpex-align-middle skip-lazy\" alt=\"Home\" data-no-lazy=\"1\" \/><\/figure><\/div><div class=\"wpex-carousel-slide textcenter\"><figure class=\"wpex-carousel-entry-media entry-media\"><img loading=\"lazy\" decoding=\"async\" width=\"194\" height=\"102\" src=\"https:\/\/www.maior.it\/wp-content\/uploads\/2023\/07\/atac-logo-1.png\" class=\"wpex-align-middle skip-lazy\" alt=\"Home\" data-no-lazy=\"1\" \/><\/figure><\/div><div class=\"wpex-carousel-slide textcenter\"><figure class=\"wpex-carousel-entry-media entry-media\"><img loading=\"lazy\" decoding=\"async\" width=\"194\" height=\"102\" src=\"https:\/\/www.maior.it\/wp-content\/uploads\/2023\/07\/atac-logo-Copia-1.png\" class=\"wpex-align-middle skip-lazy\" alt=\"Home\" data-no-lazy=\"1\" \/><\/figure><\/div><\/div>[\/vc_column][\/vc_row][vc_row visibility=&#8221;hidden-phone&#8221;][vc_column width=&#8221;1\/2&#8243;][\/vc_column][vc_column width=&#8221;1\/2&#8243;][vc_single_image image=&#8221;834&#8243; el_class=&#8221;home_riga_mappa&#8221;][\/vc_column][\/vc_row][vc_row el_class=&#8221;margin_top_50&#8243;][vc_column width=&#8221;1\/4&#8243;][vc_column_text]\n<h2>Principales Desaf\u00edos al Planificar un Evento para Flotas con Buses El\u00e9ctricos<\/h2>\n[\/vc_column_text][\/vc_column][vc_column width=&#8221;3\/4&#8243;][vc_column_text]\n<ul>\n<li><strong>Aumento en la Demanda de Servicios de Transporte<\/strong><br \/>\nLos eventos importantes pueden atraer a millones de visitantes, lo que requiere un incremento significativo en la capacidad de transporte p\u00fablico. Las flotas de e-buses deben programarse cuidadosamente para satisfacer este aumento en la demanda, asegurando que todos los pasajeros puedan ser atendidos sin retrasos ni interrupciones.<\/li>\n<li><strong>Manejo de Grandes Multitudes<\/strong><br \/>\nGestionar grandes cantidades de asistentes requiere una planificaci\u00f3n minuciosa para evitar cuellos de botella y asegurar un flujo fluido de pasajeros. Las flotas de e-buses deben integrarse en la red de transporte m\u00e1s amplia, coordin\u00e1ndose con otros modos de transporte p\u00fablico y optimizando rutas para distribuir eficientemente las multitudes.<\/li>\n<li><strong>Necesidades \u00danicas de Flotas El\u00e9ctricas<\/strong><br \/>\nA diferencia de los autobuses tradicionales, los e-buses requieren consideraci\u00f3n de la vida \u00fatil de la bater\u00eda y las necesidades de carga. Esto requiere un enfoque estrat\u00e9gico en la programaci\u00f3n, asegurando que los autobuses est\u00e9n suficientemente cargados y listos para el servicio. Adem\u00e1s, la infraestructura de carga debe ubicarse estrat\u00e9gicamente y ser capaz de satisfacer las necesidades de la flota.<\/li>\n<li><strong>Impacto Ambiental y Sostenibilidad<\/strong><br \/>\nLos buses el\u00e9ctricos ofrecen una alternativa m\u00e1s ecol\u00f3gica al transporte basado en combustibles tradicionales, contribuyendo a menores emisiones y a reducir la huella ambiental de la prestaci\u00f3n del servicio. Los planificadores de eventos deben incorporar estos beneficios en sus estrategias de movilidad, resaltando el aspecto de sostenibilidad a los interesados y al p\u00fablico.<\/li>\n<li><strong>Gesti\u00f3n de la Fuerza Laboral<\/strong><br \/>\nJunto con la programaci\u00f3n de veh\u00edculos, la gesti\u00f3n efectiva de conductores y personal de apoyo es crucial. Esto incluye la planificaci\u00f3n de horarios del personal, gesti\u00f3n de per\u00edodos de descanso y asegurando que todo el personal est\u00e9 adecuadamente capacitado en el manejo de la tecnolog\u00eda y las operaciones con buses el\u00e9ctricos.<\/li>\n<\/ul>\n[\/vc_column_text][\/vc_column][\/vc_row][vc_row full_width=&#8221;stretch_row&#8221; el_class=&#8221;home_riga_transit margin_top_60 buses_suite_riga_prenota&#8221; css=&#8221;.vc_custom_1693470460264{background-image: url(https:\/\/www.maior.it\/wp-content\/uploads\/2023\/08\/MAIOR-schedule-meeting-.jpg?id=2384) !important;background-position: center !important;background-repeat: no-repeat !important;background-size: cover !important;}&#8221;][vc_column width=&#8221;2\/12&#8243;][\/vc_column][vc_column width=&#8221;8\/12&#8243; el_class=&#8221;buses_suite_riga_prenota_col2&#8243;][vc_column_text color=&#8221;#ffffff&#8221; font_size=&#8221;36px&#8221; font_family=&#8221;Montserrat&#8221; line_height=&#8221;140%&#8221; font_weight=&#8221;600&#8243; text_align=&#8221;center&#8221;]\n<h2>\u00bfQuieres saber m\u00e1s sobre las soluciones MAIOR?<\/h2>\n[\/vc_column_text][vc_column_text color=&#8221;#ffffff&#8221; font_size=&#8221;d:42px|pl:28px|pp:28px&#8221; font_family=&#8221;Montserrat&#8221; line_height=&#8221;130%&#8221; font_weight=&#8221;800&#8243; text_align=&#8221;center&#8221;]\n<p style=\"font-weight: 400;\">Agende una reuni\u00f3n con nuestro MAIOR Team<\/p>\n[\/vc_column_text]<div class=\"vcex-module vcex-icon-box vcex-icon-box-seven wpex-relative wpex-flex wpex-text-right wpex-flex-row-reverse icon_box margin_top_40\" data-wpex-hover=\"{&quot;background&quot;:&quot;#f5bb06&quot;}\" style=\"background-color:#faa00e;border-radius:8px;\"><div class=\"vcex-icon-box-symbol wpex-flex-shrink-0 wpex-ml-20\"><a href=\"https:\/\/www.maior.it\/es\/contactanos\/agenda-una-demo\/\" class=\"wpex-no-underline\"><img loading=\"lazy\" decoding=\"async\" src=\"https:\/\/www.maior.it\/wp-content\/uploads\/2023\/07\/freccia-bianca-destra.svg\" alt=\"\" class=\"vcex-icon-box-image wpex-align-middle\" style=\"width:28px;height:16px;\" width=\"28\" height=\"16\"><\/a><\/div><div class=\"vcex-icon-box-text wpex-flex-grow\"><a href=\"https:\/\/www.maior.it\/es\/contactanos\/agenda-una-demo\/\" class=\"vcex-icon-box-link wpex-no-underline\"><h2 class=\"vcex-icon-box-heading wpex-heading wpex-text-md wpex-mb-10\" style=\"font-family:Montserrat;font-weight:800;color:#ffffff;font-size:18px;\">Agenda una demo<\/h2><\/a><\/div><\/div>[\/vc_column][vc_column width=&#8221;2\/12&#8243;][\/vc_column][\/vc_row]\n<\/section>","protected":false},"excerpt":{"rendered":"<p>[vc_row el_class=&#8221;breadcrumb margin_top_30&#8243;][vc_column][\/vc_column][\/vc_row][vc_row el_class=&#8221;margin_top_50&#8243;][vc_column width=&#8221;1\/2&#8243;][vc_column_text] Planificaci\u00f3n de Eventos [\/vc_column_text][vc_column_text] para flotas con buses el\u00e9ctricos con MAIOR [\/vc_column_text][\/vc_column][vc_column width=&#8221;1\/2&#8243;][vc_column_text]La planificaci\u00f3n de eventos en grandes ciudades implica desaf\u00edos complejos, especialmente al integrar flotas de autobuses el\u00e9ctricos. MAIOR Suite aborda estos desaf\u00edos con caracter\u00edsticas adaptadas para operaciones de e-buses, asegurando soluciones de transporte eficientes y confiables.[\/vc_column_text][\/vc_column][\/vc_row][vc_row full_width=&#8221;stretch_row_content_no_spaces&#8221; el_class=&#8221;margin_top_60&#8243;][vc_column][vc_single_image&hellip;<\/p>\n","protected":false},"author":2,"featured_media":0,"parent":4294,"menu_order":0,"comment_status":"closed","ping_status":"closed","template":"","meta":{"_acf_changed":false,"inline_featured_image":false,"footnotes":""},"class_list":["post-20347","page","type-page","status-publish","hentry","entry","no-media"],"acf":[],"yoast_head":"<!-- This site is optimized with the Yoast SEO plugin v27.1.1 - https:\/\/yoast.com\/product\/yoast-seo-wordpress\/ -->\n<title>Planificaci\u00f3n de Eventos para flotas con buses el\u00e9ctricos con MAIOR - MAIOR<\/title>\n<meta name=\"description\" content=\"MAIOR Suite optimiza la planificaci\u00f3n de e-buses en ciudades, garantizando transporte eficiente y confiable.\" \/>\n<meta name=\"robots\" content=\"index, follow, max-snippet:-1, max-image-preview:large, max-video-preview:-1\" \/>\n<link rel=\"canonical\" href=\"https:\/\/www.maior.it\/es\/soluciones\/para-buses-electricos\/planificacion-buses-electricos\/\" \/>\n<meta property=\"og:locale\" content=\"es_ES\" \/>\n<meta property=\"og:type\" content=\"article\" \/>\n<meta property=\"og:title\" content=\"Planificaci\u00f3n de Eventos para flotas con buses el\u00e9ctricos con MAIOR - MAIOR\" \/>\n<meta property=\"og:description\" content=\"MAIOR Suite optimiza la planificaci\u00f3n de e-buses en ciudades, garantizando transporte eficiente y confiable.\" \/>\n<meta property=\"og:url\" content=\"https:\/\/www.maior.it\/es\/soluciones\/para-buses-electricos\/planificacion-buses-electricos\/\" \/>\n<meta property=\"og:site_name\" content=\"MAIOR\" \/>\n<meta property=\"article:modified_time\" content=\"2025-04-14T14:57:03+00:00\" \/>\n<meta name=\"twitter:card\" content=\"summary_large_image\" \/>\n<meta name=\"twitter:label1\" content=\"Tiempo de lectura\" \/>\n\t<meta name=\"twitter:data1\" content=\"5 minutos\" \/>\n<script type=\"application\/ld+json\" class=\"yoast-schema-graph\">{\"@context\":\"https:\/\/schema.org\",\"@graph\":[{\"@type\":\"WebPage\",\"@id\":\"https:\/\/www.maior.it\/es\/soluciones\/para-buses-electricos\/planificacion-buses-electricos\/\",\"url\":\"https:\/\/www.maior.it\/es\/soluciones\/para-buses-electricos\/planificacion-buses-electricos\/\",\"name\":\"Planificaci\u00f3n de Eventos para flotas con buses el\u00e9ctricos con MAIOR - MAIOR\",\"isPartOf\":{\"@id\":\"https:\/\/www.maior.it\/#website\"},\"datePublished\":\"2024-12-06T09:19:11+00:00\",\"dateModified\":\"2025-04-14T14:57:03+00:00\",\"description\":\"MAIOR Suite optimiza la planificaci\u00f3n de e-buses en ciudades, garantizando transporte eficiente y confiable.\",\"breadcrumb\":{\"@id\":\"https:\/\/www.maior.it\/es\/soluciones\/para-buses-electricos\/planificacion-buses-electricos\/#breadcrumb\"},\"inLanguage\":\"es\",\"potentialAction\":[{\"@type\":\"ReadAction\",\"target\":[\"https:\/\/www.maior.it\/es\/soluciones\/para-buses-electricos\/planificacion-buses-electricos\/\"]}]},{\"@type\":\"BreadcrumbList\",\"@id\":\"https:\/\/www.maior.it\/es\/soluciones\/para-buses-electricos\/planificacion-buses-electricos\/#breadcrumb\",\"itemListElement\":[{\"@type\":\"ListItem\",\"position\":1,\"name\":\"Home\",\"item\":\"https:\/\/www.maior.it\/es\/\"},{\"@type\":\"ListItem\",\"position\":2,\"name\":\"Soluciones\",\"item\":\"https:\/\/www.maior.it\/es\/soluciones\/\"},{\"@type\":\"ListItem\",\"position\":3,\"name\":\"Para Buses El\u00e9ctricos\",\"item\":\"https:\/\/www.maior.it\/es\/soluciones\/para-buses-electricos\/\"},{\"@type\":\"ListItem\",\"position\":4,\"name\":\"Planificaci\u00f3n de Eventos para flotas con buses el\u00e9ctricos con MAIOR\"}]},{\"@type\":\"WebSite\",\"@id\":\"https:\/\/www.maior.it\/#website\",\"url\":\"https:\/\/www.maior.it\/\",\"name\":\"MAIOR\",\"description\":\"\",\"publisher\":{\"@id\":\"https:\/\/www.maior.it\/#organization\"},\"potentialAction\":[{\"@type\":\"SearchAction\",\"target\":{\"@type\":\"EntryPoint\",\"urlTemplate\":\"https:\/\/www.maior.it\/?s={search_term_string}\"},\"query-input\":{\"@type\":\"PropertyValueSpecification\",\"valueRequired\":true,\"valueName\":\"search_term_string\"}}],\"inLanguage\":\"es\"},{\"@type\":\"Organization\",\"@id\":\"https:\/\/www.maior.it\/#organization\",\"name\":\"MAIOR\",\"url\":\"https:\/\/www.maior.it\/\",\"logo\":{\"@type\":\"ImageObject\",\"inLanguage\":\"es\",\"@id\":\"https:\/\/www.maior.it\/#\/schema\/logo\/image\/\",\"url\":\"https:\/\/www.maior.it\/wp-content\/uploads\/2023\/08\/maior-favicon.jpg\",\"contentUrl\":\"https:\/\/www.maior.it\/wp-content\/uploads\/2023\/08\/maior-favicon.jpg\",\"width\":48,\"height\":48,\"caption\":\"MAIOR\"},\"image\":{\"@id\":\"https:\/\/www.maior.it\/#\/schema\/logo\/image\/\"},\"sameAs\":[\"https:\/\/www.instagram.com\/maior.it\",\"https:\/\/www.linkedin.com\/company\/m-a-i-o-r-\/\"]}]}<\/script>\n<!-- \/ Yoast SEO plugin. -->","yoast_head_json":{"title":"Planificaci\u00f3n de Eventos para flotas con buses el\u00e9ctricos con MAIOR - MAIOR","description":"MAIOR Suite optimiza la planificaci\u00f3n de e-buses en ciudades, garantizando transporte eficiente y confiable.","robots":{"index":"index","follow":"follow","max-snippet":"max-snippet:-1","max-image-preview":"max-image-preview:large","max-video-preview":"max-video-preview:-1"},"canonical":"https:\/\/www.maior.it\/es\/soluciones\/para-buses-electricos\/planificacion-buses-electricos\/","og_locale":"es_ES","og_type":"article","og_title":"Planificaci\u00f3n de Eventos para flotas con buses el\u00e9ctricos con MAIOR - MAIOR","og_description":"MAIOR Suite optimiza la planificaci\u00f3n de e-buses en ciudades, garantizando transporte eficiente y confiable.","og_url":"https:\/\/www.maior.it\/es\/soluciones\/para-buses-electricos\/planificacion-buses-electricos\/","og_site_name":"MAIOR","article_modified_time":"2025-04-14T14:57:03+00:00","twitter_card":"summary_large_image","twitter_misc":{"Tiempo de lectura":"5 minutos"},"schema":{"@context":"https:\/\/schema.org","@graph":[{"@type":"WebPage","@id":"https:\/\/www.maior.it\/es\/soluciones\/para-buses-electricos\/planificacion-buses-electricos\/","url":"https:\/\/www.maior.it\/es\/soluciones\/para-buses-electricos\/planificacion-buses-electricos\/","name":"Planificaci\u00f3n de Eventos para flotas con buses el\u00e9ctricos con MAIOR - MAIOR","isPartOf":{"@id":"https:\/\/www.maior.it\/#website"},"datePublished":"2024-12-06T09:19:11+00:00","dateModified":"2025-04-14T14:57:03+00:00","description":"MAIOR Suite optimiza la planificaci\u00f3n de e-buses en ciudades, garantizando transporte eficiente y confiable.","breadcrumb":{"@id":"https:\/\/www.maior.it\/es\/soluciones\/para-buses-electricos\/planificacion-buses-electricos\/#breadcrumb"},"inLanguage":"es","potentialAction":[{"@type":"ReadAction","target":["https:\/\/www.maior.it\/es\/soluciones\/para-buses-electricos\/planificacion-buses-electricos\/"]}]},{"@type":"BreadcrumbList","@id":"https:\/\/www.maior.it\/es\/soluciones\/para-buses-electricos\/planificacion-buses-electricos\/#breadcrumb","itemListElement":[{"@type":"ListItem","position":1,"name":"Home","item":"https:\/\/www.maior.it\/es\/"},{"@type":"ListItem","position":2,"name":"Soluciones","item":"https:\/\/www.maior.it\/es\/soluciones\/"},{"@type":"ListItem","position":3,"name":"Para Buses El\u00e9ctricos","item":"https:\/\/www.maior.it\/es\/soluciones\/para-buses-electricos\/"},{"@type":"ListItem","position":4,"name":"Planificaci\u00f3n de Eventos para flotas con buses el\u00e9ctricos con MAIOR"}]},{"@type":"WebSite","@id":"https:\/\/www.maior.it\/#website","url":"https:\/\/www.maior.it\/","name":"MAIOR","description":"","publisher":{"@id":"https:\/\/www.maior.it\/#organization"},"potentialAction":[{"@type":"SearchAction","target":{"@type":"EntryPoint","urlTemplate":"https:\/\/www.maior.it\/?s={search_term_string}"},"query-input":{"@type":"PropertyValueSpecification","valueRequired":true,"valueName":"search_term_string"}}],"inLanguage":"es"},{"@type":"Organization","@id":"https:\/\/www.maior.it\/#organization","name":"MAIOR","url":"https:\/\/www.maior.it\/","logo":{"@type":"ImageObject","inLanguage":"es","@id":"https:\/\/www.maior.it\/#\/schema\/logo\/image\/","url":"https:\/\/www.maior.it\/wp-content\/uploads\/2023\/08\/maior-favicon.jpg","contentUrl":"https:\/\/www.maior.it\/wp-content\/uploads\/2023\/08\/maior-favicon.jpg","width":48,"height":48,"caption":"MAIOR"},"image":{"@id":"https:\/\/www.maior.it\/#\/schema\/logo\/image\/"},"sameAs":["https:\/\/www.instagram.com\/maior.it","https:\/\/www.linkedin.com\/company\/m-a-i-o-r-\/"]}]}},"_links":{"self":[{"href":"https:\/\/www.maior.it\/es\/wp-json\/wp\/v2\/pages\/20347","targetHints":{"allow":["GET"]}}],"collection":[{"href":"https:\/\/www.maior.it\/es\/wp-json\/wp\/v2\/pages"}],"about":[{"href":"https:\/\/www.maior.it\/es\/wp-json\/wp\/v2\/types\/page"}],"author":[{"embeddable":true,"href":"https:\/\/www.maior.it\/es\/wp-json\/wp\/v2\/users\/2"}],"replies":[{"embeddable":true,"href":"https:\/\/www.maior.it\/es\/wp-json\/wp\/v2\/comments?post=20347"}],"version-history":[{"count":6,"href":"https:\/\/www.maior.it\/es\/wp-json\/wp\/v2\/pages\/20347\/revisions"}],"predecessor-version":[{"id":24543,"href":"https:\/\/www.maior.it\/es\/wp-json\/wp\/v2\/pages\/20347\/revisions\/24543"}],"up":[{"embeddable":true,"href":"https:\/\/www.maior.it\/es\/wp-json\/wp\/v2\/pages\/4294"}],"wp:attachment":[{"href":"https:\/\/www.maior.it\/es\/wp-json\/wp\/v2\/media?parent=20347"}],"curies":[{"name":"wp","href":"https:\/\/api.w.org\/{rel}","templated":true}]}}