{"id":13390,"date":"2024-01-26T18:02:07","date_gmt":"2024-01-26T17:02:07","guid":{"rendered":"https:\/\/www.maior.it\/?page_id=13390"},"modified":"2025-02-18T17:40:48","modified_gmt":"2025-02-18T16:40:48","slug":"privacy-cv-es","status":"publish","type":"page","link":"https:\/\/www.maior.it\/es\/privacy-cv-es\/","title":{"rendered":"Privacy CV ES"},"content":{"rendered":"<section class=\"wpb-content-wrapper\">[vc_row css=&#8221;.vc_custom_1643202453415{margin-top: 40px !important;}&#8221;][vc_column][vc_column_text]\n<h1><strong>Pol\u00edtica de Privacidad para el env\u00edo de Hojas de Vida<\/strong><\/h1>\n<p>&nbsp;<\/p>\n<p><em>\u00daltima actualizaci\u00f3n: 31.07.19<\/em><\/p>\n<p>De acuerdo con el art. 13 del Reglamento (UE) 2016\/679 del Parlamento Europeo y del Consejo por el que se establecen disposiciones para la protecci\u00f3n de las personas f\u00edsicas en lo que respecta al tratamiento de datos personales y a la libre circulaci\u00f3n de estos datos y por el que se deroga la Directiva 95\/46\/CE (en adelante, &#8220;Reglamento&#8221;), proporcionamos la siguiente informaci\u00f3n:<\/p>\n<ol>\n<li><strong>Finalidad del tratamiento de los datos personales<\/strong><\/li>\n<\/ol>\n<p>Sus datos personales ser\u00e1n tratados por M.A.I.O.R. S.r.l., Titular del tratamiento, con el \u00fanico fin de investigar, seleccionar y evaluar al personal con el fin de reclutarlo en su estructura organizativa.<\/p>\n<ol start=\"2\">\n<li><strong>Naturaleza de los datos tratados, modalidades de tratamiento y plazo de conservaci\u00f3n<\/strong><\/li>\n<\/ol>\n<p>El tratamiento se realizar\u00e1 de forma autom\u00e1tica y manual seg\u00fan criterios l\u00f3gicos, compatibles y funcionales para las finalidades para las que fueron recogidos los datos, de acuerdo con las normas de confidencialidad y seguridad previstas en la normativa legal y reglamentaria.<\/p>\n<p>La recogida s\u00f3lo abarca los datos personales comunes, incluida su propia fotograf\u00eda que acompa\u00f1e a su perfil profesional, que se tratar\u00e1n dentro de los l\u00edmites estrictamente pertinentes para las obligaciones, tareas y fines establecidos en el apartado 1.<\/p>\n<p>Por lo tanto, no ser\u00e1 necesario que revele datos personales sensibles. Si existen datos similares en la hoja de vida, M.A.I.O.R. S.r.l. s\u00f3lo tratar\u00e1 los datos relevantes para la evaluaci\u00f3n de la aptitud profesional, en la medida en que la adquisici\u00f3n de esta informaci\u00f3n sea estrictamente necesaria para el establecimiento de la relaci\u00f3n de colaboraci\u00f3n\/trabajo. El Titular se reserva el derecho de conservar en sus archivos s\u00f3lo los perfiles que considere interesantes.<\/p>\n<p>De acuerdo con los principios de legalidad, limitaci\u00f3n de la finalidad y minimizaci\u00f3n de los datos, de acuerdo con el arte. 5 Reglamento 2016\/679, sus datos personales se almacenar\u00e1n durante el per\u00edodo de tiempo necesario para alcanzar los fines para los que se recogen y procesan. Sin embargo, la Compa\u00f1\u00eda puede retener los datos incluso m\u00e1s tarde si cree que siguen siendo adecuados para el prop\u00f3sito de investigaci\u00f3n y selecci\u00f3n. En cualquier caso, el tratamiento de los datos cesar\u00e1 como consecuencia de una solicitud de cancelaci\u00f3n por parte del interesado. La Empresa se reserva el derecho de destruir las hojas de vida o cualquier documento que contenga datos personales que no se consideren \u00fatiles a los efectos del apartado 1.<\/p>\n<p>El proceso de toma de decisiones relacionado con el tratamiento de los datos facilitados es esencialmente automatizado. El procesamiento de datos con sistemas automatizados puede ser objeto de una solicitud de aclaraci\u00f3n o de quejas por su parte en cualquier momento.<\/p>\n<ol start=\"3\">\n<li><strong>Car\u00e1cter facultativo del suministro de datos<\/strong><\/li>\n<\/ol>\n<p>El suministro de datos es opcional. Sin embargo, la negativa a proporcionar datos har\u00e1 que sea imposible considerar su candidatura en cualquier proceso de selecci\u00f3n y evaluaci\u00f3n.<\/p>\n<ol start=\"4\">\n<li><strong>Controlador de datos<\/strong><\/li>\n<\/ol>\n<p>El titular del tratamiento es M.A.I.O.R. s.r.l., direcci\u00f3n Via S. Donato, 512 &#8211; 55100 LUCCA.<\/p>\n<ol start=\"5\">\n<li><strong>Derechos del Interesado Sujeto<\/strong><\/li>\n<\/ol>\n<p>Por \u00faltimo, le recordamos que, de conformidad con los art\u00edculos 15 a 21 del Reglamento, usted tiene derecho a obtener la confirmaci\u00f3n de la existencia o no de los datos que le conciernen, a obtener una indicaci\u00f3n del origen, de las finalidades y modalidades del tratamiento, actualizaci\u00f3n, rectificaci\u00f3n, integraci\u00f3n de los datos y supresi\u00f3n de los mismos.<\/p>\n<p>Tambi\u00e9n tiene derecho a presentar una queja ante una autoridad supervisora si cree que los derechos enumerados aqu\u00ed no han sido reconocidos.<\/p>\n<p>Para ejercer estos derechos, p\u00f3ngase en contacto con el Titular escribiendo a M.A.I.O.R. s.r.l., direcci\u00f3n Via S. Donato, 512 &#8211; 55100 LUCCA, enviando un correo electr\u00f3nico a la direcci\u00f3n maior@maior.it, o\u00a0<a href=\"https:\/\/www.maior.it\/es\/contactanos\">poni\u00e9ndose en contacto con nosotros AQU\u00cd.<\/a><\/p>\n<ol start=\"6\">\n<li><strong>Transferencia de datos personales<\/strong><\/li>\n<\/ol>\n<p>Sus datos podr\u00edan ser transferidos a la sociedad matriz con sede fuera de la UE. El Titular garantiza que la transferencia de datos a pa\u00edses no pertenecientes a la UE se realiza de acuerdo con las disposiciones legales aplicables.<\/p>\n<p>Si, tras la lectura de este Aviso, usted decide revocar el consentimiento para transferir los datos a dichos destinatarios, el Titular no podr\u00e1 garantizar la finalizaci\u00f3n del proceso de selecci\u00f3n y evaluaci\u00f3n.[\/vc_column_text][vc_empty_space][\/vc_column][\/vc_row][vc_row el_id=&#8221;cookie&#8221; css=&#8221;.vc_custom_1697005943810{margin-top: 30px !important;margin-bottom: 30px !important;}&#8221;][vc_column][vc_raw_js]JTNDc2NyaXB0JTIwaWQlM0QlMjJDb29raWVEZWNsYXJhdGlvbiUyMiUyMHNyYyUzRCUyMmh0dHBzJTNBJTJGJTJGY29uc2VudC5jb29raWVib3QuY29tJTJGNmNjZTMzODAtZjc3Mi00ZDcwLThmYjYtNWRkNDcyYTAxYWQ0JTJGY2QuanMlMjIlMjB0eXBlJTNEJTIydGV4dCUyRmphdmFzY3JpcHQlMjIlMjBhc3luYyUzRSUzQyUyRnNjcmlwdCUzRQ==[\/vc_raw_js][\/vc_column][\/vc_row]\n<\/section>","protected":false},"excerpt":{"rendered":"<p>[vc_row css=&#8221;.vc_custom_1643202453415{margin-top: 40px !important;}&#8221;][vc_column][vc_column_text] Pol\u00edtica de Privacidad para el env\u00edo de Hojas de Vida &nbsp; \u00daltima actualizaci\u00f3n: 31.07.19 De acuerdo con el art. 13 del Reglamento (UE) 2016\/679 del Parlamento Europeo y del Consejo por el que se establecen disposiciones para la protecci\u00f3n de las personas f\u00edsicas en lo que respecta al tratamiento de datos&hellip;<\/p>\n","protected":false},"author":2,"featured_media":0,"parent":0,"menu_order":0,"comment_status":"closed","ping_status":"closed","template":"","meta":{"_acf_changed":false,"inline_featured_image":false,"footnotes":""},"class_list":["post-13390","page","type-page","status-publish","hentry","entry","no-media"],"acf":[],"yoast_head":"<!-- This site is optimized with the Yoast SEO plugin v27.1.1 - https:\/\/yoast.com\/product\/yoast-seo-wordpress\/ -->\n<title>Privacy CV ES - MAIOR<\/title>\n<meta name=\"description\" content=\"Consulta nuestra Pol\u00edtica de Privacidad para conocer c\u00f3mo protegemos tus datos personales y cumplimos con el RGPD.\" \/>\n<meta name=\"robots\" content=\"index, follow, max-snippet:-1, max-image-preview:large, max-video-preview:-1\" \/>\n<link rel=\"canonical\" href=\"https:\/\/www.maior.it\/es\/privacy-cv-es\/\" \/>\n<meta property=\"og:locale\" content=\"es_ES\" \/>\n<meta property=\"og:type\" content=\"article\" \/>\n<meta property=\"og:title\" content=\"Privacy CV ES - MAIOR\" \/>\n<meta property=\"og:description\" content=\"Consulta nuestra Pol\u00edtica de Privacidad para conocer c\u00f3mo protegemos tus datos personales y cumplimos con el RGPD.\" \/>\n<meta property=\"og:url\" content=\"https:\/\/www.maior.it\/es\/privacy-cv-es\/\" \/>\n<meta property=\"og:site_name\" content=\"MAIOR\" \/>\n<meta property=\"article:modified_time\" content=\"2025-02-18T16:40:48+00:00\" \/>\n<meta name=\"twitter:card\" content=\"summary_large_image\" \/>\n<meta name=\"twitter:label1\" content=\"Tiempo de lectura\" \/>\n\t<meta name=\"twitter:data1\" content=\"4 minutos\" \/>\n<script type=\"application\/ld+json\" class=\"yoast-schema-graph\">{\"@context\":\"https:\/\/schema.org\",\"@graph\":[{\"@type\":\"WebPage\",\"@id\":\"https:\/\/www.maior.it\/es\/privacy-cv-es\/\",\"url\":\"https:\/\/www.maior.it\/es\/privacy-cv-es\/\",\"name\":\"Privacy CV ES - MAIOR\",\"isPartOf\":{\"@id\":\"https:\/\/www.maior.it\/#website\"},\"datePublished\":\"2024-01-26T17:02:07+00:00\",\"dateModified\":\"2025-02-18T16:40:48+00:00\",\"description\":\"Consulta nuestra Pol\u00edtica de Privacidad para conocer c\u00f3mo protegemos tus datos personales y cumplimos con el RGPD.\",\"breadcrumb\":{\"@id\":\"https:\/\/www.maior.it\/es\/privacy-cv-es\/#breadcrumb\"},\"inLanguage\":\"es\",\"potentialAction\":[{\"@type\":\"ReadAction\",\"target\":[\"https:\/\/www.maior.it\/es\/privacy-cv-es\/\"]}]},{\"@type\":\"BreadcrumbList\",\"@id\":\"https:\/\/www.maior.it\/es\/privacy-cv-es\/#breadcrumb\",\"itemListElement\":[{\"@type\":\"ListItem\",\"position\":1,\"name\":\"Home\",\"item\":\"https:\/\/www.maior.it\/es\/\"},{\"@type\":\"ListItem\",\"position\":2,\"name\":\"Privacy CV ES\"}]},{\"@type\":\"WebSite\",\"@id\":\"https:\/\/www.maior.it\/#website\",\"url\":\"https:\/\/www.maior.it\/\",\"name\":\"MAIOR\",\"description\":\"\",\"publisher\":{\"@id\":\"https:\/\/www.maior.it\/#organization\"},\"potentialAction\":[{\"@type\":\"SearchAction\",\"target\":{\"@type\":\"EntryPoint\",\"urlTemplate\":\"https:\/\/www.maior.it\/?s={search_term_string}\"},\"query-input\":{\"@type\":\"PropertyValueSpecification\",\"valueRequired\":true,\"valueName\":\"search_term_string\"}}],\"inLanguage\":\"es\"},{\"@type\":\"Organization\",\"@id\":\"https:\/\/www.maior.it\/#organization\",\"name\":\"MAIOR\",\"url\":\"https:\/\/www.maior.it\/\",\"logo\":{\"@type\":\"ImageObject\",\"inLanguage\":\"es\",\"@id\":\"https:\/\/www.maior.it\/#\/schema\/logo\/image\/\",\"url\":\"https:\/\/www.maior.it\/wp-content\/uploads\/2023\/08\/maior-favicon.jpg\",\"contentUrl\":\"https:\/\/www.maior.it\/wp-content\/uploads\/2023\/08\/maior-favicon.jpg\",\"width\":48,\"height\":48,\"caption\":\"MAIOR\"},\"image\":{\"@id\":\"https:\/\/www.maior.it\/#\/schema\/logo\/image\/\"},\"sameAs\":[\"https:\/\/www.instagram.com\/maior.it\",\"https:\/\/www.linkedin.com\/company\/m-a-i-o-r-\/\"]}]}<\/script>\n<!-- \/ Yoast SEO plugin. -->","yoast_head_json":{"title":"Privacy CV ES - MAIOR","description":"Consulta nuestra Pol\u00edtica de Privacidad para conocer c\u00f3mo protegemos tus datos personales y cumplimos con el RGPD.","robots":{"index":"index","follow":"follow","max-snippet":"max-snippet:-1","max-image-preview":"max-image-preview:large","max-video-preview":"max-video-preview:-1"},"canonical":"https:\/\/www.maior.it\/es\/privacy-cv-es\/","og_locale":"es_ES","og_type":"article","og_title":"Privacy CV ES - MAIOR","og_description":"Consulta nuestra Pol\u00edtica de Privacidad para conocer c\u00f3mo protegemos tus datos personales y cumplimos con el RGPD.","og_url":"https:\/\/www.maior.it\/es\/privacy-cv-es\/","og_site_name":"MAIOR","article_modified_time":"2025-02-18T16:40:48+00:00","twitter_card":"summary_large_image","twitter_misc":{"Tiempo de lectura":"4 minutos"},"schema":{"@context":"https:\/\/schema.org","@graph":[{"@type":"WebPage","@id":"https:\/\/www.maior.it\/es\/privacy-cv-es\/","url":"https:\/\/www.maior.it\/es\/privacy-cv-es\/","name":"Privacy CV ES - MAIOR","isPartOf":{"@id":"https:\/\/www.maior.it\/#website"},"datePublished":"2024-01-26T17:02:07+00:00","dateModified":"2025-02-18T16:40:48+00:00","description":"Consulta nuestra Pol\u00edtica de Privacidad para conocer c\u00f3mo protegemos tus datos personales y cumplimos con el RGPD.","breadcrumb":{"@id":"https:\/\/www.maior.it\/es\/privacy-cv-es\/#breadcrumb"},"inLanguage":"es","potentialAction":[{"@type":"ReadAction","target":["https:\/\/www.maior.it\/es\/privacy-cv-es\/"]}]},{"@type":"BreadcrumbList","@id":"https:\/\/www.maior.it\/es\/privacy-cv-es\/#breadcrumb","itemListElement":[{"@type":"ListItem","position":1,"name":"Home","item":"https:\/\/www.maior.it\/es\/"},{"@type":"ListItem","position":2,"name":"Privacy CV ES"}]},{"@type":"WebSite","@id":"https:\/\/www.maior.it\/#website","url":"https:\/\/www.maior.it\/","name":"MAIOR","description":"","publisher":{"@id":"https:\/\/www.maior.it\/#organization"},"potentialAction":[{"@type":"SearchAction","target":{"@type":"EntryPoint","urlTemplate":"https:\/\/www.maior.it\/?s={search_term_string}"},"query-input":{"@type":"PropertyValueSpecification","valueRequired":true,"valueName":"search_term_string"}}],"inLanguage":"es"},{"@type":"Organization","@id":"https:\/\/www.maior.it\/#organization","name":"MAIOR","url":"https:\/\/www.maior.it\/","logo":{"@type":"ImageObject","inLanguage":"es","@id":"https:\/\/www.maior.it\/#\/schema\/logo\/image\/","url":"https:\/\/www.maior.it\/wp-content\/uploads\/2023\/08\/maior-favicon.jpg","contentUrl":"https:\/\/www.maior.it\/wp-content\/uploads\/2023\/08\/maior-favicon.jpg","width":48,"height":48,"caption":"MAIOR"},"image":{"@id":"https:\/\/www.maior.it\/#\/schema\/logo\/image\/"},"sameAs":["https:\/\/www.instagram.com\/maior.it","https:\/\/www.linkedin.com\/company\/m-a-i-o-r-\/"]}]}},"_links":{"self":[{"href":"https:\/\/www.maior.it\/es\/wp-json\/wp\/v2\/pages\/13390","targetHints":{"allow":["GET"]}}],"collection":[{"href":"https:\/\/www.maior.it\/es\/wp-json\/wp\/v2\/pages"}],"about":[{"href":"https:\/\/www.maior.it\/es\/wp-json\/wp\/v2\/types\/page"}],"author":[{"embeddable":true,"href":"https:\/\/www.maior.it\/es\/wp-json\/wp\/v2\/users\/2"}],"replies":[{"embeddable":true,"href":"https:\/\/www.maior.it\/es\/wp-json\/wp\/v2\/comments?post=13390"}],"version-history":[{"count":3,"href":"https:\/\/www.maior.it\/es\/wp-json\/wp\/v2\/pages\/13390\/revisions"}],"predecessor-version":[{"id":20610,"href":"https:\/\/www.maior.it\/es\/wp-json\/wp\/v2\/pages\/13390\/revisions\/20610"}],"wp:attachment":[{"href":"https:\/\/www.maior.it\/es\/wp-json\/wp\/v2\/media?parent=13390"}],"curies":[{"name":"wp","href":"https:\/\/api.w.org\/{rel}","templated":true}]}}